{"id":240,"date":"2020-06-29T10:57:51","date_gmt":"2020-06-29T14:57:51","guid":{"rendered":"http:\/\/localhost:10073\/?page_id=240"},"modified":"2020-06-29T10:57:51","modified_gmt":"2020-06-29T14:57:51","slug":"agresion","status":"publish","type":"page","link":"https:\/\/merinolawfirm.com\/es\/casos-penales-e-infracciones-de-transito\/agresion\/","title":{"rendered":"Agresi\u00f3n"},"content":{"rendered":"<ul>\n<li style=\"list-style-type: none;\">\n<ul>\n<li style=\"font-weight: 400;\"><span style=\"font-weight: 400;\">Segundo 1. a) Tal como se utiliza en esta secci\u00f3n, por \u00abfuncionario de seguridad p\u00fablica\u00bb se entiende:<\/span><\/li>\n<li style=\"font-weight: 400;\"><span style=\"font-weight: 400;\">(1) un agente de la ley, incluido un agente de las bebidas alcoh\u00f3licas;<\/span><\/li>\n<li style=\"font-weight: 400;\"><span style=\"font-weight: 400;\">(2) un empleado de un centro penal o un centro de detenci\u00f3n juvenil (como se define en IC 31-9-2-71);<\/span><\/li>\n<li style=\"font-weight: 400;\"><span style=\"font-weight: 400;\">(3) un empleado del departamento de correcci\u00f3n;<\/span><\/li>\n<li style=\"font-weight: 400;\"><span style=\"font-weight: 400;\">(4) un oficial de libertad condicional;<\/span><\/li>\n<li style=\"font-weight: 400;\"><span style=\"font-weight: 400;\">(5) un oficial de libertad condicional;<\/span><\/li>\n<li style=\"font-weight: 400;\"><span style=\"font-weight: 400;\">(6) un trabajador de correcciones comunitarias;<\/span><\/li>\n<li style=\"font-weight: 400;\"><span style=\"font-weight: 400;\">7) un oficial de detenci\u00f3n domiciliaria;<\/span><\/li>\n<li style=\"font-weight: 400;\"><span style=\"font-weight: 400;\">(8) un departamento de empleado de servicios infantiles;<\/span><\/li>\n<li style=\"font-weight: 400;\"><span style=\"font-weight: 400;\">(9) un bombero;<\/span><\/li>\n<li style=\"font-weight: 400;\"><span style=\"font-weight: 400;\">(10) un proveedor de servicios m\u00e9dicos de emergencia;<\/span><\/li>\n<li style=\"font-weight: 400;\"><span style=\"font-weight: 400;\">(11) un funcionario judicial;<\/span><\/li>\n<li style=\"font-weight: 400;\"><span style=\"font-weight: 400;\">(12) un agente judicial de cualquier tribunal; o<\/span><\/li>\n<li style=\"font-weight: 400;\"><span style=\"font-weight: 400;\">(13) un diputado especial (como se describe en IC 36-8-10-10.6).<\/span>\n<ul>\n<li style=\"font-weight: 400;\"><span style=\"font-weight: 400;\">(b) Tal como se usa en esta secci\u00f3n, \u00abrelativo\u00bb significa una persona relacionada con sangre, mestiza, adopci\u00f3n, matrimonio o nuevo matrimonio, incluyendo:<\/span><\/li>\n<\/ul>\n<\/li>\n<li style=\"font-weight: 400;\"><span style=\"font-weight: 400;\">(1) un c\u00f3nyuge;<\/span><\/li>\n<li style=\"font-weight: 400;\"><span style=\"font-weight: 400;\">(2) un padre o padrastro;<\/span><\/li>\n<li style=\"font-weight: 400;\"><span style=\"font-weight: 400;\">(3) un ni\u00f1o o hijastro;<\/span><\/li>\n<li style=\"font-weight: 400;\"><span style=\"font-weight: 400;\">(4) un nieto o nieto;<\/span><\/li>\n<li style=\"font-weight: 400;\"><span style=\"font-weight: 400;\">(5) un abuelo o stepgrandparent;<\/span><\/li>\n<li style=\"font-weight: 400;\"><span style=\"font-weight: 400;\">(6) un hermano, hermana, hermanastro o hermanastra;<\/span><\/li>\n<li style=\"font-weight: 400;\"><span style=\"font-weight: 400;\">(7) una sobrina o sobrino;<\/span><\/li>\n<li style=\"font-weight: 400;\"><span style=\"font-weight: 400;\">(8) una t\u00eda o t\u00edo;<\/span><\/li>\n<li style=\"font-weight: 400;\"><span style=\"font-weight: 400;\">(9) una nuera o yerno;<\/span><\/li>\n<li style=\"font-weight: 400;\"><span style=\"font-weight: 400;\">(10) una suegra o un suegro; o<\/span><\/li>\n<li style=\"font-weight: 400;\"><span style=\"font-weight: 400;\">(11) un primo hermano.<\/span>\n<ul>\n<li style=\"font-weight: 400;\"><span style=\"font-weight: 400;\">(c) Salvo lo dispuesto en las subsecciones (d) a (k), una persona que consciente o intencionalmente:<\/span><\/li>\n<\/ul>\n<\/li>\n<li style=\"font-weight: 400;\"><span style=\"font-weight: 400;\">(1) toca a otra persona de manera grosera, insolente o enojada; o<\/span><\/li>\n<li style=\"font-weight: 400;\"><span style=\"font-weight: 400;\">(2) de una manera grosera, insolente o enojada coloca cualquier fluido corporal o desperdicio en otra persona;<\/span><\/li>\n<li style=\"font-weight: 400;\"><span style=\"font-weight: 400;\">comete agresi\u00f3n, un delito menor de Clase B.<\/span>\n<ul>\n<li style=\"font-weight: 400;\"><span style=\"font-weight: 400;\">(d) El delito descrito en la subsecci\u00f3n (c)(1) o (c)(2) es un delito menor de Clase A si:<\/span><\/li>\n<\/ul>\n<\/li>\n<li style=\"font-weight: 400;\"><span style=\"font-weight: 400;\">(1) resulta en lesiones corporales a cualquier otra persona; o<\/span><\/li>\n<li style=\"font-weight: 400;\"><span style=\"font-weight: 400;\">(2) se comete contra un miembro de un hogar de familia de acogida (como se define en IC 35-31.5-2-139.3) por una persona que no es residente del hogar de familia de acogida si la persona que cometi\u00f3 el delito es un pariente de una persona que vivi\u00f3 en el hogar de familia de acogida en el momento de<\/span>\n<ul>\n<li style=\"font-weight: 400;\"><span style=\"font-weight: 400;\">(e) La ofensa descrita en la subsecci\u00f3n (c)(1) o (c)(2) es un delito grave de Nivel 6 si se aplica uno (1) o m\u00e1s de los siguientes:<\/span><\/li>\n<\/ul>\n<\/li>\n<li style=\"font-weight: 400;\"><span style=\"font-weight: 400;\">(1) La ofensa resulta en lesiones corporales moderadas a cualquier otra persona.<\/span><\/li>\n<li style=\"font-weight: 400;\"><span style=\"font-weight: 400;\">(2) El delito se comete contra un funcionario de seguridad p\u00fablica mientras el funcionario est\u00e1 comprometido con el deber oficial del funcionario.<\/span><\/li>\n<li style=\"font-weight: 400;\"><span style=\"font-weight: 400;\">(3) El delito se comete contra una persona menor de catorce (14) a\u00f1os de edad y es cometido por una persona de al menos dieciocho (18) a\u00f1os de edad.<\/span><\/li>\n<li style=\"font-weight: 400;\"><span style=\"font-weight: 400;\">(4) El delito se comete contra una persona de cualquier edad que tenga una discapacidad mental o f\u00edsica y es cometido por una persona que tenga el cuidado de la persona con la discapacidad mental o f\u00edsica, ya sea que el cuidado sea asumido voluntariamente o debido a una obligaci\u00f3n legal.<\/span><\/li>\n<li style=\"font-weight: 400;\"><span style=\"font-weight: 400;\">(5) La ofensa se comete contra un adulto en peligro de extinci\u00f3n (como se define en IC 12-10-3-2).<\/span><\/li>\n<li style=\"font-weight: 400;\"><span style=\"font-weight: 400;\">(6) La ofensa:<\/span><\/li>\n<li style=\"font-weight: 400;\"><span style=\"font-weight: 400;\">(A) se comete contra un miembro de un hogar de familia de acogida (como se define en IC 35-31.5-2-139.3) por una persona que no es residente del hogar de familia de acogida si la persona que cometi\u00f3 el delito es un pariente de una persona que vivi\u00f3 en el hogar de familia de acogida en el momento de<\/span><\/li>\n<li style=\"font-weight: 400;\"><span style=\"font-weight: 400;\">(B) resulta en lesiones corporales al miembro de la familia de acogida.<\/span>\n<ul>\n<li style=\"font-weight: 400;\"><span style=\"font-weight: 400;\">(f) La ofensa descrita en la subsecci\u00f3n (c)(2) es un delito grave de Nivel 6 si la persona supo o imprudentemente no sab\u00eda que el fluido corporal o los desechos colocados en otra persona estaban infectados con hepatitis, tuberculosis o virus de inmunodeficiencia humana.<\/span><\/li>\n<li style=\"font-weight: 400;\"><span style=\"font-weight: 400;\">(g) La ofensa descrita en la subsecci\u00f3n (c)(1) o (c)(2) es un delito grave de Nivel 5 si se aplica uno (1) o m\u00e1s de los siguientes:<\/span><\/li>\n<\/ul>\n<\/li>\n<li style=\"font-weight: 400;\"><span style=\"font-weight: 400;\">(1) La ofensa resulta en lesiones corporales graves a otra persona.<\/span><\/li>\n<li style=\"font-weight: 400;\"><span style=\"font-weight: 400;\">(2) La ofensa se comete con un arma mortal.<\/span><\/li>\n<li style=\"font-weight: 400;\"><span style=\"font-weight: 400;\">(3) La ofensa resulta en lesiones corporales a una mujer embarazada si la persona sab\u00eda del embarazo.<\/span><\/li>\n<li style=\"font-weight: 400;\"><span style=\"font-weight: 400;\">(4) La persona tiene una condena previa por un delito de bater\u00eda:<\/span><\/li>\n<li style=\"font-weight: 400;\"><span style=\"font-weight: 400;\">(A) incluidos en este cap\u00edtulo contra la misma v\u00edctima; o<\/span><\/li>\n<li style=\"font-weight: 400;\"><span style=\"font-weight: 400;\">(B) contra la misma v\u00edctima en cualquier otra jurisdicci\u00f3n, incluido un tribunal militar, en el que los elementos del delito por el que se dict\u00f3 la condena sean sustancialmente similares a los elementos de un delito de agresi\u00f3n incluidos en este cap\u00edtulo.<\/span><\/li>\n<li style=\"font-weight: 400;\"><span style=\"font-weight: 400;\">(5) La ofensa resulta en lesiones corporales a uno (1) o m\u00e1s de los siguientes:<\/span><\/li>\n<li style=\"font-weight: 400;\"><span style=\"font-weight: 400;\">(A) Un funcionario de seguridad p\u00fablica mientras el funcionario se dedica a las funciones oficiales del funcionario.<\/span><\/li>\n<li style=\"font-weight: 400;\"><span style=\"font-weight: 400;\">(B) Una persona menor de catorce (14) a\u00f1os de edad si el delito es cometido por una persona de al menos dieciocho (18) a\u00f1os de edad.<\/span><\/li>\n<li style=\"font-weight: 400;\"><span style=\"font-weight: 400;\">(C) Una persona que tiene una discapacidad mental o f\u00edsica si el delito es cometido por un individuo que tiene cuidado de la persona con la discapacidad, independientemente de si el cuidado se asume voluntariamente o debido a una obligaci\u00f3n legal.<\/span><\/li>\n<li style=\"font-weight: 400;\"><span style=\"font-weight: 400;\">(D) Un adulto en peligro de extinci\u00f3n (como se define en IC 12-10-3-2).<\/span>\n<ul>\n<li style=\"font-weight: 400;\"><span style=\"font-weight: 400;\">(h) La ofensa descrita en la subsecci\u00f3n (c)(2) es un delito grave de Nivel 5 si:<\/span><\/li>\n<\/ul>\n<\/li>\n<li style=\"font-weight: 400;\"><span style=\"font-weight: 400;\">(1) la persona sab\u00eda o imprudentemente no sab\u00eda que el fluido corporal o los desechos colocados en otra persona estaban infectados con hepatitis, tuberculosis o virus de inmunodeficiencia humana; y<\/span><\/li>\n<li style=\"font-weight: 400;\"><span style=\"font-weight: 400;\">(2) la persona coloc\u00f3 el fluido corporal o los desechos en un funcionario de seguridad p\u00fablica.<\/span>\n<ul>\n<li style=\"font-weight: 400;\"><span style=\"font-weight: 400;\">(i) La ofensa descrita en la subsecci\u00f3n (c)(1) o (c)(2) es un delito grave de Nivel 4 si resulta en lesiones corporales graves a un adulto en peligro de extinci\u00f3n (como se define en IC 12-10-3-2).<\/span><\/li>\n<li style=\"font-weight: 400;\"><span style=\"font-weight: 400;\">(j) La ofensa descrita en la subsecci\u00f3n (c)(1) o (c)(2) es un delito grave de Nivel 3 si resulta en lesiones corporales graves a una persona menor de catorce (14) a\u00f1os de edad si la ofensa es cometida por una persona de al menos dieciocho (18) a\u00f1os de edad.<\/span><\/li>\n<li style=\"font-weight: 400;\"><span style=\"font-weight: 400;\">(k) La ofensa descrita en la subsecci\u00f3n (c)(1) o (c)(2) es un delito grave de Nivel 2 si resulta en la muerte de uno (1) o m\u00e1s de los siguientes:<\/span><\/li>\n<\/ul>\n<\/li>\n<li style=\"font-weight: 400;\"><span style=\"font-weight: 400;\">(1) Una persona menor de catorce (14) a\u00f1os de edad si el delito es cometido por una persona de al menos dieciocho (18) a\u00f1os de edad.<\/span><\/li>\n<li style=\"font-weight: 400;\"><span style=\"font-weight: 400;\">(2) Un adulto en peligro de extinci\u00f3n (como se define en IC 12-10-3-2)<\/span><\/li>\n<\/ul>\n<\/li>\n<\/ul>\n","protected":false},"excerpt":{"rendered":"<p>Segundo 1. a) Tal como se utiliza en esta secci\u00f3n, por \u00abfuncionario de seguridad p\u00fablica\u00bb se entiende: (1) un agente de la ley, incluido un agente de las bebidas alcoh\u00f3licas; (2) un empleado de un centro penal o un centro de detenci\u00f3n juvenil (como se define en IC 31-9-2-71); (3) un empleado del departamento de&#8230; <a class=\"more-link\" href=\"https:\/\/merinolawfirm.com\/es\/casos-penales-e-infracciones-de-transito\/agresion\/\">Read More<\/a><\/p>\n","protected":false},"author":2,"featured_media":0,"parent":232,"menu_order":0,"comment_status":"closed","ping_status":"closed","template":"","meta":{"_genesis_hide_title":false,"_genesis_hide_breadcrumbs":false,"_genesis_hide_singular_image":false,"_genesis_hide_footer_widgets":false,"_genesis_custom_body_class":"","_genesis_custom_post_class":"","_genesis_layout":""},"acf":[],"yoast_head":"<!-- This site is optimized with the Yoast SEO plugin v20.11 - https:\/\/yoast.com\/wordpress\/plugins\/seo\/ -->\n<title>Agresi\u00f3n - Merino Law Firm, P.C.<\/title>\n<meta name=\"robots\" content=\"index, follow, max-snippet:-1, max-image-preview:large, max-video-preview:-1\" \/>\n<link rel=\"canonical\" href=\"https:\/\/merinolawfirm.com\/es\/casos-penales-e-infracciones-de-transito\/agresion\/\" \/>\n<meta property=\"og:locale\" content=\"es_ES\" \/>\n<meta property=\"og:type\" content=\"article\" \/>\n<meta property=\"og:title\" content=\"Agresi\u00f3n - Merino Law Firm, P.C.\" \/>\n<meta property=\"og:description\" content=\"Segundo 1. a) Tal como se utiliza en esta secci\u00f3n, por \u00abfuncionario de seguridad p\u00fablica\u00bb se entiende: (1) un agente de la ley, incluido un agente de las bebidas alcoh\u00f3licas; (2) un empleado de un centro penal o un centro de detenci\u00f3n juvenil (como se define en IC 31-9-2-71); (3) un empleado del departamento de... Read More\" \/>\n<meta property=\"og:url\" content=\"https:\/\/merinolawfirm.com\/es\/casos-penales-e-infracciones-de-transito\/agresion\/\" \/>\n<meta property=\"og:site_name\" content=\"Merino Law Firm, P.C.\" \/>\n<meta property=\"article:publisher\" content=\"https:\/\/www.facebook.com\/AbogadoMerino\/\" \/>\n<meta name=\"twitter:card\" content=\"summary_large_image\" \/>\n<meta name=\"twitter:label1\" content=\"Tiempo de lectura\" \/>\n\t<meta name=\"twitter:data1\" content=\"5 minutos\" \/>\n<script type=\"application\/ld+json\" class=\"yoast-schema-graph\">{\"@context\":\"https:\/\/schema.org\",\"@graph\":[{\"@type\":\"WebPage\",\"@id\":\"https:\/\/merinolawfirm.com\/es\/casos-penales-e-infracciones-de-transito\/agresion\/\",\"url\":\"https:\/\/merinolawfirm.com\/es\/casos-penales-e-infracciones-de-transito\/agresion\/\",\"name\":\"Agresi\u00f3n - Merino Law Firm, P.C.\",\"isPartOf\":{\"@id\":\"https:\/\/merinolawfirm.com\/#website\"},\"datePublished\":\"2020-06-29T14:57:51+00:00\",\"dateModified\":\"2020-06-29T14:57:51+00:00\",\"breadcrumb\":{\"@id\":\"https:\/\/merinolawfirm.com\/es\/casos-penales-e-infracciones-de-transito\/agresion\/#breadcrumb\"},\"inLanguage\":\"es\",\"potentialAction\":[{\"@type\":\"ReadAction\",\"target\":[\"https:\/\/merinolawfirm.com\/es\/casos-penales-e-infracciones-de-transito\/agresion\/\"]}]},{\"@type\":\"BreadcrumbList\",\"@id\":\"https:\/\/merinolawfirm.com\/es\/casos-penales-e-infracciones-de-transito\/agresion\/#breadcrumb\",\"itemListElement\":[{\"@type\":\"ListItem\",\"position\":1,\"name\":\"Home\",\"item\":\"https:\/\/merinolawfirm.com\/es\/\"},{\"@type\":\"ListItem\",\"position\":2,\"name\":\"Casos Penales e Infracciones De Transito\",\"item\":\"https:\/\/merinolawfirm.com\/es\/casos-penales-e-infracciones-de-transito\/\"},{\"@type\":\"ListItem\",\"position\":3,\"name\":\"Agresi\u00f3n\"}]},{\"@type\":\"WebSite\",\"@id\":\"https:\/\/merinolawfirm.com\/#website\",\"url\":\"https:\/\/merinolawfirm.com\/\",\"name\":\"Merino Law Firm, P.C.\",\"description\":\"Merino Law Firm\",\"publisher\":{\"@id\":\"https:\/\/merinolawfirm.com\/#organization\"},\"potentialAction\":[{\"@type\":\"SearchAction\",\"target\":{\"@type\":\"EntryPoint\",\"urlTemplate\":\"https:\/\/merinolawfirm.com\/?s={search_term_string}\"},\"query-input\":\"required name=search_term_string\"}],\"inLanguage\":\"es\"},{\"@type\":\"Organization\",\"@id\":\"https:\/\/merinolawfirm.com\/#organization\",\"name\":\"Immigration Cases, Criminal & Ticket Defense | Merino Law Firm, P.C.\",\"url\":\"https:\/\/merinolawfirm.com\/\",\"logo\":{\"@type\":\"ImageObject\",\"inLanguage\":\"es\",\"@id\":\"https:\/\/merinolawfirm.com\/#\/schema\/logo\/image\/\",\"url\":\"https:\/\/www.merinolawfirm.com\/wp-content\/uploads\/2020\/06\/merino-law-firm.png\",\"contentUrl\":\"https:\/\/www.merinolawfirm.com\/wp-content\/uploads\/2020\/06\/merino-law-firm.png\",\"width\":398,\"height\":185,\"caption\":\"Immigration Cases, Criminal & Ticket Defense | Merino Law Firm, P.C.\"},\"image\":{\"@id\":\"https:\/\/merinolawfirm.com\/#\/schema\/logo\/image\/\"},\"sameAs\":[\"https:\/\/www.facebook.com\/AbogadoMerino\/\"]}]}<\/script>\n<!-- \/ Yoast SEO plugin. -->","yoast_head_json":{"title":"Agresi\u00f3n - Merino Law Firm, P.C.","robots":{"index":"index","follow":"follow","max-snippet":"max-snippet:-1","max-image-preview":"max-image-preview:large","max-video-preview":"max-video-preview:-1"},"canonical":"https:\/\/merinolawfirm.com\/es\/casos-penales-e-infracciones-de-transito\/agresion\/","og_locale":"es_ES","og_type":"article","og_title":"Agresi\u00f3n - Merino Law Firm, P.C.","og_description":"Segundo 1. a) Tal como se utiliza en esta secci\u00f3n, por \u00abfuncionario de seguridad p\u00fablica\u00bb se entiende: (1) un agente de la ley, incluido un agente de las bebidas alcoh\u00f3licas; (2) un empleado de un centro penal o un centro de detenci\u00f3n juvenil (como se define en IC 31-9-2-71); (3) un empleado del departamento de... Read More","og_url":"https:\/\/merinolawfirm.com\/es\/casos-penales-e-infracciones-de-transito\/agresion\/","og_site_name":"Merino Law Firm, P.C.","article_publisher":"https:\/\/www.facebook.com\/AbogadoMerino\/","twitter_card":"summary_large_image","twitter_misc":{"Tiempo de lectura":"5 minutos"},"schema":{"@context":"https:\/\/schema.org","@graph":[{"@type":"WebPage","@id":"https:\/\/merinolawfirm.com\/es\/casos-penales-e-infracciones-de-transito\/agresion\/","url":"https:\/\/merinolawfirm.com\/es\/casos-penales-e-infracciones-de-transito\/agresion\/","name":"Agresi\u00f3n - Merino Law Firm, P.C.","isPartOf":{"@id":"https:\/\/merinolawfirm.com\/#website"},"datePublished":"2020-06-29T14:57:51+00:00","dateModified":"2020-06-29T14:57:51+00:00","breadcrumb":{"@id":"https:\/\/merinolawfirm.com\/es\/casos-penales-e-infracciones-de-transito\/agresion\/#breadcrumb"},"inLanguage":"es","potentialAction":[{"@type":"ReadAction","target":["https:\/\/merinolawfirm.com\/es\/casos-penales-e-infracciones-de-transito\/agresion\/"]}]},{"@type":"BreadcrumbList","@id":"https:\/\/merinolawfirm.com\/es\/casos-penales-e-infracciones-de-transito\/agresion\/#breadcrumb","itemListElement":[{"@type":"ListItem","position":1,"name":"Home","item":"https:\/\/merinolawfirm.com\/es\/"},{"@type":"ListItem","position":2,"name":"Casos Penales e Infracciones De Transito","item":"https:\/\/merinolawfirm.com\/es\/casos-penales-e-infracciones-de-transito\/"},{"@type":"ListItem","position":3,"name":"Agresi\u00f3n"}]},{"@type":"WebSite","@id":"https:\/\/merinolawfirm.com\/#website","url":"https:\/\/merinolawfirm.com\/","name":"Merino Law Firm, P.C.","description":"Merino Law Firm","publisher":{"@id":"https:\/\/merinolawfirm.com\/#organization"},"potentialAction":[{"@type":"SearchAction","target":{"@type":"EntryPoint","urlTemplate":"https:\/\/merinolawfirm.com\/?s={search_term_string}"},"query-input":"required name=search_term_string"}],"inLanguage":"es"},{"@type":"Organization","@id":"https:\/\/merinolawfirm.com\/#organization","name":"Immigration Cases, Criminal & Ticket Defense | Merino Law Firm, P.C.","url":"https:\/\/merinolawfirm.com\/","logo":{"@type":"ImageObject","inLanguage":"es","@id":"https:\/\/merinolawfirm.com\/#\/schema\/logo\/image\/","url":"https:\/\/www.merinolawfirm.com\/wp-content\/uploads\/2020\/06\/merino-law-firm.png","contentUrl":"https:\/\/www.merinolawfirm.com\/wp-content\/uploads\/2020\/06\/merino-law-firm.png","width":398,"height":185,"caption":"Immigration Cases, Criminal & Ticket Defense | Merino Law Firm, P.C."},"image":{"@id":"https:\/\/merinolawfirm.com\/#\/schema\/logo\/image\/"},"sameAs":["https:\/\/www.facebook.com\/AbogadoMerino\/"]}]}},"_links":{"self":[{"href":"https:\/\/merinolawfirm.com\/es\/wp-json\/wp\/v2\/pages\/240"}],"collection":[{"href":"https:\/\/merinolawfirm.com\/es\/wp-json\/wp\/v2\/pages"}],"about":[{"href":"https:\/\/merinolawfirm.com\/es\/wp-json\/wp\/v2\/types\/page"}],"author":[{"embeddable":true,"href":"https:\/\/merinolawfirm.com\/es\/wp-json\/wp\/v2\/users\/2"}],"replies":[{"embeddable":true,"href":"https:\/\/merinolawfirm.com\/es\/wp-json\/wp\/v2\/comments?post=240"}],"version-history":[{"count":0,"href":"https:\/\/merinolawfirm.com\/es\/wp-json\/wp\/v2\/pages\/240\/revisions"}],"up":[{"embeddable":true,"href":"https:\/\/merinolawfirm.com\/es\/wp-json\/wp\/v2\/pages\/232"}],"wp:attachment":[{"href":"https:\/\/merinolawfirm.com\/es\/wp-json\/wp\/v2\/media?parent=240"}],"curies":[{"name":"wp","href":"https:\/\/api.w.org\/{rel}","templated":true}]}}