{"id":250,"date":"2020-06-29T11:15:45","date_gmt":"2020-06-29T15:15:45","guid":{"rendered":"http:\/\/localhost:10073\/?page_id=250"},"modified":"2020-06-29T11:15:45","modified_gmt":"2020-06-29T15:15:45","slug":"invasion-de-la-privacidad","status":"publish","type":"page","link":"https:\/\/merinolawfirm.com\/es\/casos-penales-e-infracciones-de-transito\/invasion-de-la-privacidad\/","title":{"rendered":"Invasi\u00f3n de la Privacidad"},"content":{"rendered":"<ul>\n<li style=\"list-style-type: none;\">\n<ul>\n<li style=\"font-weight: 400;\"><span style=\"font-weight: 400;\">Seg 15.1. (a) Una persona que a sabiendas o intencionalmente viole:<\/span><\/li>\n<li style=\"font-weight: 400;\"><span style=\"font-weight: 400;\">(1) una orden de protecci\u00f3n para prevenir la violencia dom\u00e9stica o familiar o el acoso emitido bajo IC 34-26-5 (o, si la orden involucr\u00f3 a un familiar o miembro del hogar, bajo IC 34-26-2 o IC 34-4-5.1-5 antes de su derogaci\u00f3n);<\/span><\/li>\n<li style=\"font-weight: 400;\"><span style=\"font-weight: 400;\">2) una orden de protecci\u00f3n ex parte emitida bajo IC 34-26-5 (o, si la orden involucraba a un miembro de la familia o del hogar, una orden de emergencia emitida bajo IC 34-26-2 o IC 34-4-5.1 antes de su derogaci\u00f3n);<\/span><\/li>\n<li style=\"font-weight: 400;\"><span style=\"font-weight: 400;\">(3) una orden de restricci\u00f3n de violencia en el lugar de trabajo emitida bajo IC 34-26-6;<\/span><\/li>\n<li style=\"font-weight: 400;\"><span style=\"font-weight: 400;\">(4) una orden de no contacto en un decreto de disposici\u00f3n emitido bajo IC 31-34-20-1, IC 31-37-19-1, o IC 31-37-5-6 (o IC 31-6-4-15.4 o IC 31-6-4-15.9 antes de su derogaci\u00f3n) o una orden emitida bajo IC 31-32-13 (o IC 31-6-7-14 antes de su derogaci\u00f3n);<\/span><\/li>\n<li style=\"font-weight: 400;\"><span style=\"font-weight: 400;\">(5) una orden de no contacto emitida como condici\u00f3n de liberaci\u00f3n previa al juicio, incluida la liberaci\u00f3n bajo fianza o reconocimiento personal, o desviaci\u00f3n previa al juicio, e incluida una orden de no contacto emitida bajo IC 35-33-8-3.6;<\/span><\/li>\n<li style=\"font-weight: 400;\"><span style=\"font-weight: 400;\">(6) una orden de no contacto emitida como condici\u00f3n de libertad condicional;<\/span><\/li>\n<li style=\"font-weight: 400;\"><span style=\"font-weight: 400;\">(7) una orden de protecci\u00f3n para prevenir la violencia dom\u00e9stica o familiar emitida bajo IC 31-15-5 (o IC 31-16-5 o IC 31-1-11.5-8.2 antes de su derogaci\u00f3n);<\/span><\/li>\n<li style=\"font-weight: 400;\"><span style=\"font-weight: 400;\">(8) una orden de protecci\u00f3n para prevenir la violencia dom\u00e9stica o familiar emitida bajo IC 31-14-16-1 en una acci\u00f3n de paternidad;<\/span><\/li>\n<li style=\"font-weight: 400;\"><span style=\"font-weight: 400;\">(9) una orden emitida en otro Estado que es sustancialmente similar a una orden descrita en las subdivisiones (1) a (8);<\/span><\/li>\n<li style=\"font-weight: 400;\"><span style=\"font-weight: 400;\">(10) una orden que es sustancialmente similar a una orden descrita en las subdivisiones (1) a (8) y es emitida por un indio:<\/span><\/li>\n<li style=\"font-weight: 400;\"><span style=\"font-weight: 400;\">(Tribu;<\/span><\/li>\n<li style=\"font-weight: 400;\"><span style=\"font-weight: 400;\">(B) banda;<\/span><\/li>\n<li style=\"font-weight: 400;\"><span style=\"font-weight: 400;\">(C) pueblo;<\/span><\/li>\n<li style=\"font-weight: 400;\"><span style=\"font-weight: 400;\">(D) naci\u00f3n; o<\/span><\/li>\n<li style=\"font-weight: 400;\"><span style=\"font-weight: 400;\">(E) grupo o comunidad organizada, incluyendo una aldea nativa de Alaska o corporaci\u00f3n regional o de aldea como se define o establece bajo la Ley de Acuerdo de Reclamaciones de Nativos de Alaska (43 U.S.C. 1601 et seq.);<\/span><\/li>\n<li style=\"font-weight: 400;\"><span style=\"font-weight: 400;\">que es reconocido como elegible para los programas y servicios especiales proporcionados por los Estados Unidos a los indios debido a su condici\u00f3n especial como indios;<\/span><\/li>\n<li style=\"font-weight: 400;\"><span style=\"font-weight: 400;\">11) una orden emitida bajo IC 35-33-8-3.2; o<\/span><\/li>\n<li style=\"font-weight: 400;\"><span style=\"font-weight: 400;\">(12) una orden emitida bajo IC 35-38-1-30;<\/span><\/li>\n<li style=\"font-weight: 400;\"><span style=\"font-weight: 400;\">comete invasi\u00f3n de privacidad, un delito menor de Clase A. Sin embargo, la ofensa es un delito grave de Nivel 6 si la persona tiene una condena previa no relacionada por un delito bajo esta subsecci\u00f3n.<\/span>\n<ul>\n<li style=\"font-weight: 400;\"><span style=\"font-weight: 400;\">(b) No es una defensa ante un enjuiciamiento bajo la subsecci\u00f3n (a) que la persona acusada utiliz\u00f3 u oper\u00f3 un veh\u00edculo a\u00e9reo no tripulado para cometer la violaci\u00f3n.<\/span><\/li>\n<li style=\"font-weight: 400;\"><span style=\"font-weight: 400;\">(c) Un delincuente sexual bajo IC 11-8-8-4.5 que:<\/span><\/li>\n<\/ul>\n<\/li>\n<li style=\"font-weight: 400;\"><span style=\"font-weight: 400;\">(1) establece una nueva residencia dentro de un radio de una (1) milla de la residencia de la v\u00edctima del delito sexual del delincuente;<\/span><\/li>\n<li style=\"font-weight: 400;\"><span style=\"font-weight: 400;\">(2) tiene la intenci\u00f3n de residir (tal como se define en IC 35-42-4-11(b)) en la residencia; y<\/span><\/li>\n<li style=\"font-weight: 400;\"><span style=\"font-weight: 400;\">(3) en el momento en que el delincuente sexual estableci\u00f3 la residencia, sab\u00eda o razonablemente deber\u00eda haber sabido que la residencia estaba ubicada dentro de un radio de una (1) milla de la residencia de la v\u00edctima del delito sexual del delincuente;<\/span><\/li>\n<li style=\"font-weight: 400;\"><span style=\"font-weight: 400;\">comete invasi\u00f3n de privacidad, un delito menor de Clase A. Sin embargo, la ofensa es un delito grave de Nivel 6 si el delincuente sexual tiene una condena previa no relacionada bajo esta subsecci\u00f3n.<\/span>\n<ul>\n<li style=\"font-weight: 400;\"><span style=\"font-weight: 400;\">(d) La v\u00edctima del delito sexual del delincuente sexual no puede ser procesada bajo la subsecci\u00f3n (c) si la responsabilidad de la v\u00edctima se basa en ayudar, inducir o hacer que el delincuente cometa el delito descrito en la subsecci\u00f3n (c).<\/span><\/li>\n<li style=\"font-weight: 400;\"><span style=\"font-weight: 400;\">(e) La subsecci\u00f3n (c) no se aplica a un delincuente sexual que haya obtenido una exenci\u00f3n de residencia bajo IC 35-38-2-2.5 o IC 35-38-1-33.<\/span><\/li>\n<\/ul>\n<\/li>\n<\/ul>\n<\/li>\n<\/ul>\n","protected":false},"excerpt":{"rendered":"<p>Seg 15.1. (a) Una persona que a sabiendas o intencionalmente viole: (1) una orden de protecci\u00f3n para prevenir la violencia dom\u00e9stica o familiar o el acoso emitido bajo IC 34-26-5 (o, si la orden involucr\u00f3 a un familiar o miembro del hogar, bajo IC 34-26-2 o IC 34-4-5.1-5 antes de su derogaci\u00f3n); 2) una orden&#8230; <a class=\"more-link\" href=\"https:\/\/merinolawfirm.com\/es\/casos-penales-e-infracciones-de-transito\/invasion-de-la-privacidad\/\">Read More<\/a><\/p>\n","protected":false},"author":2,"featured_media":0,"parent":232,"menu_order":0,"comment_status":"closed","ping_status":"closed","template":"","meta":{"_genesis_hide_title":false,"_genesis_hide_breadcrumbs":false,"_genesis_hide_singular_image":false,"_genesis_hide_footer_widgets":false,"_genesis_custom_body_class":"","_genesis_custom_post_class":"","_genesis_layout":""},"acf":[],"yoast_head":"<!-- This site is optimized with the Yoast SEO plugin v20.11 - https:\/\/yoast.com\/wordpress\/plugins\/seo\/ -->\n<title>Invasi\u00f3n de la Privacidad - Merino Law Firm, P.C.<\/title>\n<meta name=\"robots\" content=\"index, follow, max-snippet:-1, max-image-preview:large, max-video-preview:-1\" \/>\n<link rel=\"canonical\" href=\"https:\/\/merinolawfirm.com\/es\/casos-penales-e-infracciones-de-transito\/invasion-de-la-privacidad\/\" \/>\n<meta property=\"og:locale\" content=\"es_ES\" \/>\n<meta property=\"og:type\" content=\"article\" \/>\n<meta property=\"og:title\" content=\"Invasi\u00f3n de la Privacidad - Merino Law Firm, P.C.\" \/>\n<meta property=\"og:description\" content=\"Seg 15.1. (a) Una persona que a sabiendas o intencionalmente viole: (1) una orden de protecci\u00f3n para prevenir la violencia dom\u00e9stica o familiar o el acoso emitido bajo IC 34-26-5 (o, si la orden involucr\u00f3 a un familiar o miembro del hogar, bajo IC 34-26-2 o IC 34-4-5.1-5 antes de su derogaci\u00f3n); 2) una orden... Read More\" \/>\n<meta property=\"og:url\" content=\"https:\/\/merinolawfirm.com\/es\/casos-penales-e-infracciones-de-transito\/invasion-de-la-privacidad\/\" \/>\n<meta property=\"og:site_name\" content=\"Merino Law Firm, P.C.\" \/>\n<meta property=\"article:publisher\" content=\"https:\/\/www.facebook.com\/AbogadoMerino\/\" \/>\n<meta name=\"twitter:card\" content=\"summary_large_image\" \/>\n<meta name=\"twitter:label1\" content=\"Tiempo de lectura\" \/>\n\t<meta name=\"twitter:data1\" content=\"3 minutos\" \/>\n<script type=\"application\/ld+json\" class=\"yoast-schema-graph\">{\"@context\":\"https:\/\/schema.org\",\"@graph\":[{\"@type\":\"WebPage\",\"@id\":\"https:\/\/merinolawfirm.com\/es\/casos-penales-e-infracciones-de-transito\/invasion-de-la-privacidad\/\",\"url\":\"https:\/\/merinolawfirm.com\/es\/casos-penales-e-infracciones-de-transito\/invasion-de-la-privacidad\/\",\"name\":\"Invasi\u00f3n de la Privacidad - Merino Law Firm, P.C.\",\"isPartOf\":{\"@id\":\"https:\/\/merinolawfirm.com\/#website\"},\"datePublished\":\"2020-06-29T15:15:45+00:00\",\"dateModified\":\"2020-06-29T15:15:45+00:00\",\"breadcrumb\":{\"@id\":\"https:\/\/merinolawfirm.com\/es\/casos-penales-e-infracciones-de-transito\/invasion-de-la-privacidad\/#breadcrumb\"},\"inLanguage\":\"es\",\"potentialAction\":[{\"@type\":\"ReadAction\",\"target\":[\"https:\/\/merinolawfirm.com\/es\/casos-penales-e-infracciones-de-transito\/invasion-de-la-privacidad\/\"]}]},{\"@type\":\"BreadcrumbList\",\"@id\":\"https:\/\/merinolawfirm.com\/es\/casos-penales-e-infracciones-de-transito\/invasion-de-la-privacidad\/#breadcrumb\",\"itemListElement\":[{\"@type\":\"ListItem\",\"position\":1,\"name\":\"Home\",\"item\":\"https:\/\/merinolawfirm.com\/es\/\"},{\"@type\":\"ListItem\",\"position\":2,\"name\":\"Casos Penales e Infracciones De Transito\",\"item\":\"https:\/\/merinolawfirm.com\/es\/casos-penales-e-infracciones-de-transito\/\"},{\"@type\":\"ListItem\",\"position\":3,\"name\":\"Invasi\u00f3n de la Privacidad\"}]},{\"@type\":\"WebSite\",\"@id\":\"https:\/\/merinolawfirm.com\/#website\",\"url\":\"https:\/\/merinolawfirm.com\/\",\"name\":\"Merino Law Firm, P.C.\",\"description\":\"Merino Law Firm\",\"publisher\":{\"@id\":\"https:\/\/merinolawfirm.com\/#organization\"},\"potentialAction\":[{\"@type\":\"SearchAction\",\"target\":{\"@type\":\"EntryPoint\",\"urlTemplate\":\"https:\/\/merinolawfirm.com\/?s={search_term_string}\"},\"query-input\":\"required name=search_term_string\"}],\"inLanguage\":\"es\"},{\"@type\":\"Organization\",\"@id\":\"https:\/\/merinolawfirm.com\/#organization\",\"name\":\"Immigration Cases, Criminal & Ticket Defense | Merino Law Firm, P.C.\",\"url\":\"https:\/\/merinolawfirm.com\/\",\"logo\":{\"@type\":\"ImageObject\",\"inLanguage\":\"es\",\"@id\":\"https:\/\/merinolawfirm.com\/#\/schema\/logo\/image\/\",\"url\":\"https:\/\/www.merinolawfirm.com\/wp-content\/uploads\/2020\/06\/merino-law-firm.png\",\"contentUrl\":\"https:\/\/www.merinolawfirm.com\/wp-content\/uploads\/2020\/06\/merino-law-firm.png\",\"width\":398,\"height\":185,\"caption\":\"Immigration Cases, Criminal & Ticket Defense | Merino Law Firm, P.C.\"},\"image\":{\"@id\":\"https:\/\/merinolawfirm.com\/#\/schema\/logo\/image\/\"},\"sameAs\":[\"https:\/\/www.facebook.com\/AbogadoMerino\/\"]}]}<\/script>\n<!-- \/ Yoast SEO plugin. -->","yoast_head_json":{"title":"Invasi\u00f3n de la Privacidad - Merino Law Firm, P.C.","robots":{"index":"index","follow":"follow","max-snippet":"max-snippet:-1","max-image-preview":"max-image-preview:large","max-video-preview":"max-video-preview:-1"},"canonical":"https:\/\/merinolawfirm.com\/es\/casos-penales-e-infracciones-de-transito\/invasion-de-la-privacidad\/","og_locale":"es_ES","og_type":"article","og_title":"Invasi\u00f3n de la Privacidad - Merino Law Firm, P.C.","og_description":"Seg 15.1. (a) Una persona que a sabiendas o intencionalmente viole: (1) una orden de protecci\u00f3n para prevenir la violencia dom\u00e9stica o familiar o el acoso emitido bajo IC 34-26-5 (o, si la orden involucr\u00f3 a un familiar o miembro del hogar, bajo IC 34-26-2 o IC 34-4-5.1-5 antes de su derogaci\u00f3n); 2) una orden... Read More","og_url":"https:\/\/merinolawfirm.com\/es\/casos-penales-e-infracciones-de-transito\/invasion-de-la-privacidad\/","og_site_name":"Merino Law Firm, P.C.","article_publisher":"https:\/\/www.facebook.com\/AbogadoMerino\/","twitter_card":"summary_large_image","twitter_misc":{"Tiempo de lectura":"3 minutos"},"schema":{"@context":"https:\/\/schema.org","@graph":[{"@type":"WebPage","@id":"https:\/\/merinolawfirm.com\/es\/casos-penales-e-infracciones-de-transito\/invasion-de-la-privacidad\/","url":"https:\/\/merinolawfirm.com\/es\/casos-penales-e-infracciones-de-transito\/invasion-de-la-privacidad\/","name":"Invasi\u00f3n de la Privacidad - Merino Law Firm, P.C.","isPartOf":{"@id":"https:\/\/merinolawfirm.com\/#website"},"datePublished":"2020-06-29T15:15:45+00:00","dateModified":"2020-06-29T15:15:45+00:00","breadcrumb":{"@id":"https:\/\/merinolawfirm.com\/es\/casos-penales-e-infracciones-de-transito\/invasion-de-la-privacidad\/#breadcrumb"},"inLanguage":"es","potentialAction":[{"@type":"ReadAction","target":["https:\/\/merinolawfirm.com\/es\/casos-penales-e-infracciones-de-transito\/invasion-de-la-privacidad\/"]}]},{"@type":"BreadcrumbList","@id":"https:\/\/merinolawfirm.com\/es\/casos-penales-e-infracciones-de-transito\/invasion-de-la-privacidad\/#breadcrumb","itemListElement":[{"@type":"ListItem","position":1,"name":"Home","item":"https:\/\/merinolawfirm.com\/es\/"},{"@type":"ListItem","position":2,"name":"Casos Penales e Infracciones De Transito","item":"https:\/\/merinolawfirm.com\/es\/casos-penales-e-infracciones-de-transito\/"},{"@type":"ListItem","position":3,"name":"Invasi\u00f3n de la Privacidad"}]},{"@type":"WebSite","@id":"https:\/\/merinolawfirm.com\/#website","url":"https:\/\/merinolawfirm.com\/","name":"Merino Law Firm, P.C.","description":"Merino Law Firm","publisher":{"@id":"https:\/\/merinolawfirm.com\/#organization"},"potentialAction":[{"@type":"SearchAction","target":{"@type":"EntryPoint","urlTemplate":"https:\/\/merinolawfirm.com\/?s={search_term_string}"},"query-input":"required name=search_term_string"}],"inLanguage":"es"},{"@type":"Organization","@id":"https:\/\/merinolawfirm.com\/#organization","name":"Immigration Cases, Criminal & Ticket Defense | Merino Law Firm, P.C.","url":"https:\/\/merinolawfirm.com\/","logo":{"@type":"ImageObject","inLanguage":"es","@id":"https:\/\/merinolawfirm.com\/#\/schema\/logo\/image\/","url":"https:\/\/www.merinolawfirm.com\/wp-content\/uploads\/2020\/06\/merino-law-firm.png","contentUrl":"https:\/\/www.merinolawfirm.com\/wp-content\/uploads\/2020\/06\/merino-law-firm.png","width":398,"height":185,"caption":"Immigration Cases, Criminal & Ticket Defense | Merino Law Firm, P.C."},"image":{"@id":"https:\/\/merinolawfirm.com\/#\/schema\/logo\/image\/"},"sameAs":["https:\/\/www.facebook.com\/AbogadoMerino\/"]}]}},"_links":{"self":[{"href":"https:\/\/merinolawfirm.com\/es\/wp-json\/wp\/v2\/pages\/250"}],"collection":[{"href":"https:\/\/merinolawfirm.com\/es\/wp-json\/wp\/v2\/pages"}],"about":[{"href":"https:\/\/merinolawfirm.com\/es\/wp-json\/wp\/v2\/types\/page"}],"author":[{"embeddable":true,"href":"https:\/\/merinolawfirm.com\/es\/wp-json\/wp\/v2\/users\/2"}],"replies":[{"embeddable":true,"href":"https:\/\/merinolawfirm.com\/es\/wp-json\/wp\/v2\/comments?post=250"}],"version-history":[{"count":0,"href":"https:\/\/merinolawfirm.com\/es\/wp-json\/wp\/v2\/pages\/250\/revisions"}],"up":[{"embeddable":true,"href":"https:\/\/merinolawfirm.com\/es\/wp-json\/wp\/v2\/pages\/232"}],"wp:attachment":[{"href":"https:\/\/merinolawfirm.com\/es\/wp-json\/wp\/v2\/media?parent=250"}],"curies":[{"name":"wp","href":"https:\/\/api.w.org\/{rel}","templated":true}]}}