{"id":252,"date":"2020-06-29T11:17:49","date_gmt":"2020-06-29T15:17:49","guid":{"rendered":"http:\/\/localhost:10073\/?page_id=252"},"modified":"2020-06-29T11:19:30","modified_gmt":"2020-06-29T15:19:30","slug":"invasion-de-propiedad-criminal","status":"publish","type":"page","link":"https:\/\/merinolawfirm.com\/es\/casos-penales-e-infracciones-de-transito\/invasion-de-propiedad-criminal\/","title":{"rendered":"Invasi\u00f3n de Propiedad Criminal"},"content":{"rendered":"<ul>\n<li style=\"list-style-type: none;\">\n<ul>\n<li style=\"font-weight: 400;\"><span style=\"font-weight: 400;\">Seg 2. (a) Tal como se utiliza en esta secci\u00f3n, \u00abpersona autorizada\u00bb significa una persona autorizada por una operaci\u00f3n agr\u00edcola para actuar en nombre de la operaci\u00f3n agr\u00edcola.<\/span>\n<ul>\n<li style=\"font-weight: 400;\"><span style=\"font-weight: 400;\">(b) Una persona que:<\/span><\/li>\n<\/ul>\n<\/li>\n<li style=\"font-weight: 400;\"><span style=\"font-weight: 400;\">(1) no tener un inter\u00e9s contractual en la propiedad, consciente o intencionalmente entra en los bienes inmuebles de otra persona despu\u00e9s de haber sido denegada la entrada por la otra persona o el agente de esa persona;<\/span><\/li>\n<li style=\"font-weight: 400;\"><span style=\"font-weight: 400;\">(2) no tener un inter\u00e9s contractual en la propiedad, a sabiendas o intencionalmente se niega a abandonar los bienes inmuebles de otra persona despu\u00e9s de haber sido solicitada por la otra persona o el agente de esa persona;<\/span><\/li>\n<li style=\"font-weight: 400;\"><span style=\"font-weight: 400;\">(3) acompa\u00f1ar a otra persona en un veh\u00edculo, sabiendo que la otra persona, a sabiendas o intencionadamente, est\u00e1 ejerciendo un control no autorizado sobre el veh\u00edculo;<\/span><\/li>\n<li style=\"font-weight: 400;\"><span style=\"font-weight: 400;\">(4) a sabiendas o intencionalmente interfiere con la posesi\u00f3n o el uso de la propiedad de otra persona sin el consentimiento de la persona;<\/span><\/li>\n<li style=\"font-weight: 400;\"><span style=\"font-weight: 400;\">(5) no tener un inter\u00e9s contractual en la propiedad, consciente o intencionalmente entra en el:<\/span><\/li>\n<li style=\"font-weight: 400;\"><span style=\"font-weight: 400;\">(A) propiedad de una operaci\u00f3n agr\u00edcola que se utiliza para la producci\u00f3n, procesamiento, propagaci\u00f3n, envasado, cultivo, cosecha, cuidado, manejo o almacenamiento de un animal, planta u otro producto agr\u00edcola, incluyendo cualquier pastura o tierra utilizada para la gesti\u00f3n de la madera, sin el consentimiento del propietario de la operaci\u00f3n agr\u00edcola o una persona autorizada; o<\/span><\/li>\n<li style=\"font-weight: 400;\"><span style=\"font-weight: 400;\">(B) vivienda de otra persona sin el consentimiento de la persona;<\/span><\/li>\n<li style=\"font-weight: 400;\"><span style=\"font-weight: 400;\">(6) a sabiendas o intencionadamente:<\/span><\/li>\n<li style=\"font-weight: 400;\"><span style=\"font-weight: 400;\">(A) viajar en tren sin autoridad legal o el consentimiento del transportista ferroviario; y<\/span><\/li>\n<li style=\"font-weight: 400;\"><span style=\"font-weight: 400;\">(B) olas en el exterior de un tren o en un vag\u00f3n de pasajeros, locomotoras o vagones, incluyendo un furg\u00f3n, plataforma, contenedor o sin autorizaci\u00f3n legal o el ferrocarril consentimiento;<\/span><\/li>\n<li style=\"font-weight: 400;\"><span style=\"font-weight: 400;\">(7) no tener un inter\u00e9s contractual en la propiedad, a sabiendas o intencionadamente entra o se niega a abandonar la propiedad de otra persona despu\u00e9s de haber sido prohibido entrar o pedir a salir de la propiedad por un agente de la ley cuando la propiedad est\u00e1:<\/span><\/li>\n<li style=\"font-weight: 400;\"><span style=\"font-weight: 400;\">(A) bienes inmuebles vacantes (tal como se define en IC 36-7-36-5) o una estructura vacante (tal como se define en IC 36-7-36-6); o<\/span><\/li>\n<li style=\"font-weight: 400;\"><span style=\"font-weight: 400;\">(B) designado por un municipio o autoridad de aplicaci\u00f3n del condado para ser propiedad abandonada o una estructura abandonada (como se define en IC 36-7-36-1);<\/span><\/li>\n<li style=\"font-weight: 400;\"><span style=\"font-weight: 400;\">(8) no tener un inter\u00e9s contractual en la propiedad, a sabiendas o intencionalmente entra en la propiedad real de una operaci\u00f3n agr\u00edcola (como se define en IC 32-30-6-1) sin el permiso del propietario de la operaci\u00f3n agr\u00edcola o una persona autorizada, y a sabiendas o intencionalmente se involucra en una conducta que causa da\u00f1os a la propiedad a:<\/span><\/li>\n<li style=\"font-weight: 400;\"><span style=\"font-weight: 400;\">A) el propietario o una persona que tenga un inter\u00e9s contractual en la explotaci\u00f3n agr\u00edcola;<\/span><\/li>\n<li style=\"font-weight: 400;\"><span style=\"font-weight: 400;\">B) el explotador de la operaci\u00f3n agr\u00edcola, o<\/span><\/li>\n<li style=\"font-weight: 400;\"><span style=\"font-weight: 400;\">(C) una persona que tenga bienes personales ubicados en la propiedad de la explotaci\u00f3n agr\u00edcola; o<\/span><\/li>\n<li style=\"font-weight: 400;\"><span style=\"font-weight: 400;\">(9) a sabiendas o intencionalmente entra en la propiedad de otra persona despu\u00e9s de haber sido denegada la entrada por una orden judicial que ha sido emitida a la persona o emitida al p\u00fablico en general mediante una publicaci\u00f3n visible en o alrededor de las instalaciones en \u00e1reas donde una persona puede observar la orden cuando la propiedad ha sido designada por una autoridad);<\/span><\/li>\n<li style=\"font-weight: 400;\"><span style=\"font-weight: 400;\">comete una infracci\u00f3n criminal, un delito menor de Clase A. Sin embargo, la ofensa es un delito grave de Nivel 6 si se comete en una instalaci\u00f3n de investigaci\u00f3n cient\u00edfica, en una instalaci\u00f3n perteneciente a un servicio p\u00fablico (como se define en IC 32-24-1-5.9(a)), en la propiedad escolar, o en un autob\u00fas escolar o la persona tiene una condena previa no relacionada por un delito bajo esta secci\u00f3n La ofensa es un delito grave de Nivel 6, para los prop\u00f3sitos de la subdivisi\u00f3n (8), si el da\u00f1o a la propiedad es m\u00e1s de setecientos cincuenta d\u00f3lares ($750) y menos de cincuenta mil d\u00f3lares ($50,000). La ofensa es un delito grave de Nivel 5, para los prop\u00f3sitos de la subdivisi\u00f3n (8), si el da\u00f1o a la propiedad es de al menos cincuenta mil d\u00f3lares ($50,000).<\/span>\n<ul>\n<li style=\"font-weight: 400;\"><span style=\"font-weight: 400;\">(c) A una persona se le ha denegado la entrada en virtud de la subsecci\u00f3n (b)(1) cuando se le ha denegado la entrada por medio de:<\/span><\/li>\n<\/ul>\n<\/li>\n<li style=\"font-weight: 400;\"><span style=\"font-weight: 400;\">1) comunicaci\u00f3n personal, oral o escrita;<\/span><\/li>\n<li style=\"font-weight: 400;\"><span style=\"font-weight: 400;\">(2) publicar o exhibir un aviso en la entrada principal de una manera que sea prescrita por la ley o que pueda llamar la atenci\u00f3n del p\u00fablico;<\/span><\/li>\n<li style=\"font-weight: 400;\"><span style=\"font-weight: 400;\">(3) una autoridad de audiencia o una orden judicial bajo IC 32-30-6, IC 32-30-7, IC 32-30-8, IC 36-7-9 o IC 36-7-36; o<\/span><\/li>\n<li style=\"font-weight: 400;\"><span style=\"font-weight: 400;\">(4) publicar la propiedad colocando marcas de color p\u00farpura identificativas en \u00e1rboles o postes alrededor del \u00e1rea donde se niega la entrada.<\/span>\n<ul>\n<li style=\"font-weight: 400;\"><span style=\"font-weight: 400;\">d) A los efectos de la subsecci\u00f3n c) 4):<\/span><\/li>\n<\/ul>\n<\/li>\n<li style=\"font-weight: 400;\"><span style=\"font-weight: 400;\">(1) cada marca p\u00farpura debe ser f\u00e1cilmente visible para cualquier persona que se acerque a la propiedad y debe colocarse:<\/span><\/li>\n<li style=\"font-weight: 400;\"><span style=\"font-weight: 400;\">(A) en un \u00e1rbol:<\/span><\/li>\n<li style=\"font-weight: 400;\"><span style=\"font-weight: 400;\">(i) como una l\u00ednea vertical de al menos ocho (8) pulgadas de largo y con la parte inferior de la marca al menos tres (3) pies y no m\u00e1s de cinco (5) pies del suelo; y<\/span><\/li>\n<li style=\"font-weight: 400;\"><span style=\"font-weight: 400;\">(ii) no m\u00e1s de cien (100) pies del otro \u00e1rbol marcado m\u00e1s cercano; o<\/span><\/li>\n<li style=\"font-weight: 400;\"><span style=\"font-weight: 400;\">(B) en un poste:<\/span><\/li>\n<li style=\"font-weight: 400;\"><span style=\"font-weight: 400;\">(i) con la marca cubriendo al menos las dos (2) pulgadas superiores del poste, y con la parte inferior de la marca al menos tres (3) pies y no m\u00e1s de cinco (5) pies seis (6) pulgadas del suelo; y<\/span><\/li>\n<li style=\"font-weight: 400;\"><span style=\"font-weight: 400;\">(ii) no m\u00e1s de treinta y seis (36) pies del otro puesto marcado m\u00e1s cercano; y<\/span><\/li>\n<li style=\"font-weight: 400;\"><span style=\"font-weight: 400;\">(2) antes de que se aplique una marca p\u00farpura que ser\u00eda visible desde ambos lados de una valla compartida por diferentes propietarios o arrendatarios, todos los propietarios o arrendatarios de las propiedades deben aceptar publicar las propiedades con marcas p\u00farpuras bajo la subsecci\u00f3n (c) (4).<\/span>\n<ul>\n<li style=\"font-weight: 400;\"><span style=\"font-weight: 400;\">(e) Un oficial de la ley no puede negar la entrada a la propiedad o pedir a una persona que abandone una propiedad bajo la subsecci\u00f3n (b)(7) a menos que exista sospecha razonable de que ha ocurrido o est\u00e1 ocurriendo una actividad delictiva.<\/span><\/li>\n<li style=\"font-weight: 400;\"><span style=\"font-weight: 400;\">(f) Una persona descrita en la subsecci\u00f3n (b)(7) viola la subsecci\u00f3n (b)(7) a menos que la persona tenga el permiso por escrito del propietario, el agente del propietario, una autoridad de ejecuci\u00f3n o un tribunal para ingresar a la propiedad con fines de realizar mantenimiento, reparaci\u00f3n o demolici\u00f3n.<\/span><\/li>\n<li style=\"font-weight: 400;\"><span style=\"font-weight: 400;\">(g) Una persona descrita en la subsecci\u00f3n (b)(9) viola la subsecci\u00f3n (b)(9) a menos que el tribunal que emiti\u00f3 la orden de denegar la entrada a la persona otorgue permiso para que la persona ingrese a la propiedad.<\/span><\/li>\n<li style=\"font-weight: 400;\"><span style=\"font-weight: 400;\">h) Las subsecciones b), c) y g) no se aplican a lo siguiente:<\/span><\/li>\n<\/ul>\n<\/li>\n<li style=\"font-weight: 400;\"><span style=\"font-weight: 400;\">(1) Un pasajero en un tren.<\/span><\/li>\n<li style=\"font-weight: 400;\"><span style=\"font-weight: 400;\">(2) Un empleado de un transportista ferroviario mientras se dedica al desempe\u00f1o de funciones oficiales.<\/span><\/li>\n<li style=\"font-weight: 400;\"><span style=\"font-weight: 400;\">(3) Un oficial de la ley, bombero o personal de respuesta de emergencia mientras se dedica al desempe\u00f1o de funciones oficiales.<\/span><\/li>\n<li style=\"font-weight: 400;\"><span style=\"font-weight: 400;\">(4) Una persona que va a la propiedad del ferrocarril en una emergencia para rescatar a una persona o animal de peligro o para eliminar un objeto que la persona razonablemente cree que representa una amenaza inminente para la vida o las extremidades.<\/span><\/li>\n<li style=\"font-weight: 400;\"><span style=\"font-weight: 400;\">(5) Una persona en el terreno de la estaci\u00f3n o en el dep\u00f3sito de un transportista ferroviario:<\/span><\/li>\n<li style=\"font-weight: 400;\"><span style=\"font-weight: 400;\">(A) como pasajero; o<\/span><\/li>\n<li style=\"font-weight: 400;\"><span style=\"font-weight: 400;\">(B) con el prop\u00f3sito de realizar transacciones comerciales legales.<\/span><\/li>\n<li style=\"font-weight: 400;\"><span style=\"font-weight: 400;\">(6) A:<\/span><\/li>\n<li style=\"font-weight: 400;\"><span style=\"font-weight: 400;\">(A) persona; o<\/span><\/li>\n<li style=\"font-weight: 400;\"><span style=\"font-weight: 400;\">(B) persona:<\/span><\/li>\n<li style=\"font-weight: 400;\"><span style=\"font-weight: 400;\">i) miembro de la familia;<\/span><\/li>\n<li style=\"font-weight: 400;\"><span style=\"font-weight: 400;\">(ii) invitado;<\/span><\/li>\n<li style=\"font-weight: 400;\"><span style=\"font-weight: 400;\">iii) empleado;<\/span><\/li>\n<li style=\"font-weight: 400;\"><span style=\"font-weight: 400;\">iv) agente; o<\/span>\n<ul>\n<li style=\"font-weight: 400;\"><span style=\"font-weight: 400;\">(v) contratista independiente;<\/span><\/li>\n<\/ul>\n<\/li>\n<li style=\"font-weight: 400;\"><span style=\"font-weight: 400;\">que va en el derecho de paso de un ferrocarril con el prop\u00f3sito de cruzar en un sitio de cruce privado aprobado por el transportista ferroviario para obtener acceso a la tierra que la persona posee, arrienda u opera.<\/span><\/li>\n<li style=\"font-weight: 400;\"><span style=\"font-weight: 400;\">(7) Una persona que tiene permiso por escrito del transportista ferroviario para ir en propiedad ferroviaria especificada.<\/span><\/li>\n<li style=\"font-weight: 400;\"><span style=\"font-weight: 400;\">(8) Un representante del departamento de transporte de Indiana mientras se dedica al desempe\u00f1o de funciones oficiales.<\/span><\/li>\n<li style=\"font-weight: 400;\"><span style=\"font-weight: 400;\">(9) Un representante de la Administraci\u00f3n Federal de Ferrocarriles mientras se dedica al desempe\u00f1o de funciones oficiales.<\/span><\/li>\n<li style=\"font-weight: 400;\"><span style=\"font-weight: 400;\">(10) Un representante de la Junta Nacional de Seguridad del Transporte mientras se dedica al desempe\u00f1o de funciones oficiales.<\/span><\/li>\n<\/ul>\n<\/li>\n<\/ul>\n","protected":false},"excerpt":{"rendered":"<p>Seg 2. (a) Tal como se utiliza en esta secci\u00f3n, \u00abpersona autorizada\u00bb significa una persona autorizada por una operaci\u00f3n agr\u00edcola para actuar en nombre de la operaci\u00f3n agr\u00edcola. (b) Una persona que: (1) no tener un inter\u00e9s contractual en la propiedad, consciente o intencionalmente entra en los bienes inmuebles de otra persona despu\u00e9s de haber&#8230; <a class=\"more-link\" href=\"https:\/\/merinolawfirm.com\/es\/casos-penales-e-infracciones-de-transito\/invasion-de-propiedad-criminal\/\">Read More<\/a><\/p>\n","protected":false},"author":2,"featured_media":0,"parent":232,"menu_order":0,"comment_status":"closed","ping_status":"closed","template":"","meta":{"_genesis_hide_title":false,"_genesis_hide_breadcrumbs":false,"_genesis_hide_singular_image":false,"_genesis_hide_footer_widgets":false,"_genesis_custom_body_class":"","_genesis_custom_post_class":"","_genesis_layout":""},"acf":[],"yoast_head":"<!-- This site is optimized with the Yoast SEO plugin v20.11 - https:\/\/yoast.com\/wordpress\/plugins\/seo\/ -->\n<title>Invasi\u00f3n de Propiedad Criminal - Merino Law Firm, P.C.<\/title>\n<meta name=\"robots\" content=\"index, follow, max-snippet:-1, max-image-preview:large, max-video-preview:-1\" \/>\n<link rel=\"canonical\" href=\"https:\/\/merinolawfirm.com\/es\/casos-penales-e-infracciones-de-transito\/invasion-de-propiedad-criminal\/\" \/>\n<meta property=\"og:locale\" content=\"es_ES\" \/>\n<meta property=\"og:type\" content=\"article\" \/>\n<meta property=\"og:title\" content=\"Invasi\u00f3n de Propiedad Criminal - Merino Law Firm, P.C.\" \/>\n<meta property=\"og:description\" content=\"Seg 2. (a) Tal como se utiliza en esta secci\u00f3n, \u00abpersona autorizada\u00bb significa una persona autorizada por una operaci\u00f3n agr\u00edcola para actuar en nombre de la operaci\u00f3n agr\u00edcola. (b) Una persona que: (1) no tener un inter\u00e9s contractual en la propiedad, consciente o intencionalmente entra en los bienes inmuebles de otra persona despu\u00e9s de haber... Read More\" \/>\n<meta property=\"og:url\" content=\"https:\/\/merinolawfirm.com\/es\/casos-penales-e-infracciones-de-transito\/invasion-de-propiedad-criminal\/\" \/>\n<meta property=\"og:site_name\" content=\"Merino Law Firm, P.C.\" \/>\n<meta property=\"article:publisher\" content=\"https:\/\/www.facebook.com\/AbogadoMerino\/\" \/>\n<meta property=\"article:modified_time\" content=\"2020-06-29T15:19:30+00:00\" \/>\n<meta name=\"twitter:card\" content=\"summary_large_image\" \/>\n<meta name=\"twitter:label1\" content=\"Tiempo de lectura\" \/>\n\t<meta name=\"twitter:data1\" content=\"7 minutos\" \/>\n<script type=\"application\/ld+json\" class=\"yoast-schema-graph\">{\"@context\":\"https:\/\/schema.org\",\"@graph\":[{\"@type\":\"WebPage\",\"@id\":\"https:\/\/merinolawfirm.com\/es\/casos-penales-e-infracciones-de-transito\/invasion-de-propiedad-criminal\/\",\"url\":\"https:\/\/merinolawfirm.com\/es\/casos-penales-e-infracciones-de-transito\/invasion-de-propiedad-criminal\/\",\"name\":\"Invasi\u00f3n de Propiedad Criminal - Merino Law Firm, P.C.\",\"isPartOf\":{\"@id\":\"https:\/\/merinolawfirm.com\/#website\"},\"datePublished\":\"2020-06-29T15:17:49+00:00\",\"dateModified\":\"2020-06-29T15:19:30+00:00\",\"breadcrumb\":{\"@id\":\"https:\/\/merinolawfirm.com\/es\/casos-penales-e-infracciones-de-transito\/invasion-de-propiedad-criminal\/#breadcrumb\"},\"inLanguage\":\"es\",\"potentialAction\":[{\"@type\":\"ReadAction\",\"target\":[\"https:\/\/merinolawfirm.com\/es\/casos-penales-e-infracciones-de-transito\/invasion-de-propiedad-criminal\/\"]}]},{\"@type\":\"BreadcrumbList\",\"@id\":\"https:\/\/merinolawfirm.com\/es\/casos-penales-e-infracciones-de-transito\/invasion-de-propiedad-criminal\/#breadcrumb\",\"itemListElement\":[{\"@type\":\"ListItem\",\"position\":1,\"name\":\"Home\",\"item\":\"https:\/\/merinolawfirm.com\/es\/\"},{\"@type\":\"ListItem\",\"position\":2,\"name\":\"Casos Penales e Infracciones De Transito\",\"item\":\"https:\/\/merinolawfirm.com\/es\/casos-penales-e-infracciones-de-transito\/\"},{\"@type\":\"ListItem\",\"position\":3,\"name\":\"Invasi\u00f3n de Propiedad Criminal\"}]},{\"@type\":\"WebSite\",\"@id\":\"https:\/\/merinolawfirm.com\/#website\",\"url\":\"https:\/\/merinolawfirm.com\/\",\"name\":\"Merino Law Firm, P.C.\",\"description\":\"Merino Law Firm\",\"publisher\":{\"@id\":\"https:\/\/merinolawfirm.com\/#organization\"},\"potentialAction\":[{\"@type\":\"SearchAction\",\"target\":{\"@type\":\"EntryPoint\",\"urlTemplate\":\"https:\/\/merinolawfirm.com\/?s={search_term_string}\"},\"query-input\":\"required name=search_term_string\"}],\"inLanguage\":\"es\"},{\"@type\":\"Organization\",\"@id\":\"https:\/\/merinolawfirm.com\/#organization\",\"name\":\"Immigration Cases, Criminal & Ticket Defense | Merino Law Firm, P.C.\",\"url\":\"https:\/\/merinolawfirm.com\/\",\"logo\":{\"@type\":\"ImageObject\",\"inLanguage\":\"es\",\"@id\":\"https:\/\/merinolawfirm.com\/#\/schema\/logo\/image\/\",\"url\":\"https:\/\/www.merinolawfirm.com\/wp-content\/uploads\/2020\/06\/merino-law-firm.png\",\"contentUrl\":\"https:\/\/www.merinolawfirm.com\/wp-content\/uploads\/2020\/06\/merino-law-firm.png\",\"width\":398,\"height\":185,\"caption\":\"Immigration Cases, Criminal & Ticket Defense | Merino Law Firm, P.C.\"},\"image\":{\"@id\":\"https:\/\/merinolawfirm.com\/#\/schema\/logo\/image\/\"},\"sameAs\":[\"https:\/\/www.facebook.com\/AbogadoMerino\/\"]}]}<\/script>\n<!-- \/ Yoast SEO plugin. -->","yoast_head_json":{"title":"Invasi\u00f3n de Propiedad Criminal - Merino Law Firm, P.C.","robots":{"index":"index","follow":"follow","max-snippet":"max-snippet:-1","max-image-preview":"max-image-preview:large","max-video-preview":"max-video-preview:-1"},"canonical":"https:\/\/merinolawfirm.com\/es\/casos-penales-e-infracciones-de-transito\/invasion-de-propiedad-criminal\/","og_locale":"es_ES","og_type":"article","og_title":"Invasi\u00f3n de Propiedad Criminal - Merino Law Firm, P.C.","og_description":"Seg 2. (a) Tal como se utiliza en esta secci\u00f3n, \u00abpersona autorizada\u00bb significa una persona autorizada por una operaci\u00f3n agr\u00edcola para actuar en nombre de la operaci\u00f3n agr\u00edcola. (b) Una persona que: (1) no tener un inter\u00e9s contractual en la propiedad, consciente o intencionalmente entra en los bienes inmuebles de otra persona despu\u00e9s de haber... Read More","og_url":"https:\/\/merinolawfirm.com\/es\/casos-penales-e-infracciones-de-transito\/invasion-de-propiedad-criminal\/","og_site_name":"Merino Law Firm, P.C.","article_publisher":"https:\/\/www.facebook.com\/AbogadoMerino\/","article_modified_time":"2020-06-29T15:19:30+00:00","twitter_card":"summary_large_image","twitter_misc":{"Tiempo de lectura":"7 minutos"},"schema":{"@context":"https:\/\/schema.org","@graph":[{"@type":"WebPage","@id":"https:\/\/merinolawfirm.com\/es\/casos-penales-e-infracciones-de-transito\/invasion-de-propiedad-criminal\/","url":"https:\/\/merinolawfirm.com\/es\/casos-penales-e-infracciones-de-transito\/invasion-de-propiedad-criminal\/","name":"Invasi\u00f3n de Propiedad Criminal - Merino Law Firm, P.C.","isPartOf":{"@id":"https:\/\/merinolawfirm.com\/#website"},"datePublished":"2020-06-29T15:17:49+00:00","dateModified":"2020-06-29T15:19:30+00:00","breadcrumb":{"@id":"https:\/\/merinolawfirm.com\/es\/casos-penales-e-infracciones-de-transito\/invasion-de-propiedad-criminal\/#breadcrumb"},"inLanguage":"es","potentialAction":[{"@type":"ReadAction","target":["https:\/\/merinolawfirm.com\/es\/casos-penales-e-infracciones-de-transito\/invasion-de-propiedad-criminal\/"]}]},{"@type":"BreadcrumbList","@id":"https:\/\/merinolawfirm.com\/es\/casos-penales-e-infracciones-de-transito\/invasion-de-propiedad-criminal\/#breadcrumb","itemListElement":[{"@type":"ListItem","position":1,"name":"Home","item":"https:\/\/merinolawfirm.com\/es\/"},{"@type":"ListItem","position":2,"name":"Casos Penales e Infracciones De Transito","item":"https:\/\/merinolawfirm.com\/es\/casos-penales-e-infracciones-de-transito\/"},{"@type":"ListItem","position":3,"name":"Invasi\u00f3n de Propiedad Criminal"}]},{"@type":"WebSite","@id":"https:\/\/merinolawfirm.com\/#website","url":"https:\/\/merinolawfirm.com\/","name":"Merino Law Firm, P.C.","description":"Merino Law Firm","publisher":{"@id":"https:\/\/merinolawfirm.com\/#organization"},"potentialAction":[{"@type":"SearchAction","target":{"@type":"EntryPoint","urlTemplate":"https:\/\/merinolawfirm.com\/?s={search_term_string}"},"query-input":"required name=search_term_string"}],"inLanguage":"es"},{"@type":"Organization","@id":"https:\/\/merinolawfirm.com\/#organization","name":"Immigration Cases, Criminal & Ticket Defense | Merino Law Firm, P.C.","url":"https:\/\/merinolawfirm.com\/","logo":{"@type":"ImageObject","inLanguage":"es","@id":"https:\/\/merinolawfirm.com\/#\/schema\/logo\/image\/","url":"https:\/\/www.merinolawfirm.com\/wp-content\/uploads\/2020\/06\/merino-law-firm.png","contentUrl":"https:\/\/www.merinolawfirm.com\/wp-content\/uploads\/2020\/06\/merino-law-firm.png","width":398,"height":185,"caption":"Immigration Cases, Criminal & Ticket Defense | Merino Law Firm, P.C."},"image":{"@id":"https:\/\/merinolawfirm.com\/#\/schema\/logo\/image\/"},"sameAs":["https:\/\/www.facebook.com\/AbogadoMerino\/"]}]}},"_links":{"self":[{"href":"https:\/\/merinolawfirm.com\/es\/wp-json\/wp\/v2\/pages\/252"}],"collection":[{"href":"https:\/\/merinolawfirm.com\/es\/wp-json\/wp\/v2\/pages"}],"about":[{"href":"https:\/\/merinolawfirm.com\/es\/wp-json\/wp\/v2\/types\/page"}],"author":[{"embeddable":true,"href":"https:\/\/merinolawfirm.com\/es\/wp-json\/wp\/v2\/users\/2"}],"replies":[{"embeddable":true,"href":"https:\/\/merinolawfirm.com\/es\/wp-json\/wp\/v2\/comments?post=252"}],"version-history":[{"count":0,"href":"https:\/\/merinolawfirm.com\/es\/wp-json\/wp\/v2\/pages\/252\/revisions"}],"up":[{"embeddable":true,"href":"https:\/\/merinolawfirm.com\/es\/wp-json\/wp\/v2\/pages\/232"}],"wp:attachment":[{"href":"https:\/\/merinolawfirm.com\/es\/wp-json\/wp\/v2\/media?parent=252"}],"curies":[{"name":"wp","href":"https:\/\/api.w.org\/{rel}","templated":true}]}}