{"id":254,"date":"2020-06-29T11:24:12","date_gmt":"2020-06-29T15:24:12","guid":{"rendered":"http:\/\/localhost:10073\/?page_id=254"},"modified":"2020-06-29T11:24:12","modified_gmt":"2020-06-29T15:24:12","slug":"intimidacion","status":"publish","type":"page","link":"https:\/\/merinolawfirm.com\/es\/casos-penales-e-infracciones-de-transito\/intimidacion\/","title":{"rendered":"Intimidaci\u00f3n"},"content":{"rendered":"<ul>\n<li style=\"list-style-type: none;\">\n<ul>\n<li style=\"font-weight: 400;\"><span style=\"font-weight: 400;\">Segundo 1. (a) Una persona que comunica una amenaza con la intenci\u00f3n de:<\/span><\/li>\n<li style=\"font-weight: 400;\"><span style=\"font-weight: 400;\">(1) que otra persona realice una conducta contra la voluntad de la otra persona;<\/span><\/li>\n<li style=\"font-weight: 400;\"><span style=\"font-weight: 400;\">(2) que otra persona sea puesta por temor a represalias por un acto legal anterior;<\/span><\/li>\n<li style=\"font-weight: 400;\"><span style=\"font-weight: 400;\">(3) de:<\/span><\/li>\n<li style=\"font-weight: 400;\"><span style=\"font-weight: 400;\">(A) causando:<\/span><\/li>\n<li style=\"font-weight: 400;\"><span style=\"font-weight: 400;\">i) una vivienda, un edificio u otra estructura; o<\/span><\/li>\n<li style=\"font-weight: 400;\"><span style=\"font-weight: 400;\">(ii) un veh\u00edculo;<\/span><\/li>\n<li style=\"font-weight: 400;\"><span style=\"font-weight: 400;\">para ser evacuado; o<\/span><\/li>\n<li style=\"font-weight: 400;\"><span style=\"font-weight: 400;\">(B) interferir con la ocupaci\u00f3n de:<\/span><\/li>\n<li style=\"font-weight: 400;\"><span style=\"font-weight: 400;\">i) una vivienda, edificio u otra estructura; o<\/span><\/li>\n<li style=\"font-weight: 400;\"><span style=\"font-weight: 400;\">(ii) un veh\u00edculo; o<\/span><\/li>\n<li style=\"font-weight: 400;\"><span style=\"font-weight: 400;\">(4) que la otra persona se coloca en el temor de que la amenaza se llevar\u00e1n a cabo, si la amenaza es una amenaza descrita en:<\/span><\/li>\n<li style=\"font-weight: 400;\"><span style=\"font-weight: 400;\">(A) subsecci\u00f3n (d)(1) a (d)(5); o<\/span><\/li>\n<li style=\"font-weight: 400;\"><span style=\"font-weight: 400;\">(B) subsecci\u00f3n (d)(7) a (d)(8);<\/span><\/li>\n<li style=\"font-weight: 400;\"><span style=\"font-weight: 400;\">comete intimidaci\u00f3n, un delito menor de Clase A.<\/span>\n<ul>\n<li style=\"font-weight: 400;\"><span style=\"font-weight: 400;\">(b) Sin embargo, la ofensa es una:<\/span><\/li>\n<\/ul>\n<\/li>\n<li style=\"font-weight: 400;\"><span style=\"font-weight: 400;\">(1) Delito grave de nivel 6 si:<\/span><\/li>\n<li style=\"font-weight: 400;\"><span style=\"font-weight: 400;\">(A) la amenaza es cometer un delito grave;<\/span><\/li>\n<li style=\"font-weight: 400;\"><span style=\"font-weight: 400;\">(B) el sujeto de la amenaza o la persona a la que se comunica la amenaza es un testigo (o el c\u00f3nyuge o hijo de un testigo) en cualquier proceso penal pendiente contra la persona que hace la amenaza;<\/span><\/li>\n<li style=\"font-weight: 400;\"><span style=\"font-weight: 400;\">(C) la amenaza se comunica debido a la ocupaci\u00f3n, profesi\u00f3n, estado laboral o estado de propiedad de una persona o la amenaza se relaciona o se hace en relaci\u00f3n con la ocupaci\u00f3n, profesi\u00f3n, estado laboral o estado de propiedad de una persona;<\/span><\/li>\n<li style=\"font-weight: 400;\"><span style=\"font-weight: 400;\">(D) la persona tiene una condena previa no relacionada por un delito bajo esta secci\u00f3n concerniente a la misma v\u00edctima; o<\/span><\/li>\n<li style=\"font-weight: 400;\"><span style=\"font-weight: 400;\">(E) la amenaza se comunica utilizando propiedad, incluidos equipos o sistemas electr\u00f3nicos, de una corporaci\u00f3n escolar u otra entidad gubernamental; y<\/span><\/li>\n<li style=\"font-weight: 400;\"><span style=\"font-weight: 400;\">(2) Delito grave de nivel 5 si:<\/span><\/li>\n<li style=\"font-weight: 400;\"><span style=\"font-weight: 400;\">(A) mientras lo comete, la persona dibuja o usa un arma mortal;<\/span><\/li>\n<li style=\"font-weight: 400;\"><span style=\"font-weight: 400;\">(B) el sujeto de la amenaza o la persona a quien se comunica la amenaza:<\/span><\/li>\n<li style=\"font-weight: 400;\"><span style=\"font-weight: 400;\">i) es un funcionario judicial o alguacil de cualquier tribunal; o<\/span><\/li>\n<li style=\"font-weight: 400;\"><span style=\"font-weight: 400;\">(ii) es un fiscal o un fiscal adjunto;<\/span><\/li>\n<li style=\"font-weight: 400;\"><span style=\"font-weight: 400;\">y la amenaza se relaciona con el estatus de la persona como funcionario judicial, alguacil, fiscal o fiscal adjunto, o se hace en relaci\u00f3n con los deberes oficiales del funcionario judicial, alguacil, fiscal o fiscal adjunto; o<\/span><\/li>\n<li style=\"font-weight: 400;\"><span style=\"font-weight: 400;\">(C) la amenaza es:<\/span><\/li>\n<li style=\"font-weight: 400;\"><span style=\"font-weight: 400;\">i) cometer terrorismo; o<\/span><\/li>\n<li style=\"font-weight: 400;\"><span style=\"font-weight: 400;\">ii) realizados en favor de un acto de terrorismo.<\/span>\n<ul>\n<li style=\"font-weight: 400;\"><span style=\"font-weight: 400;\">(c) \u00abComunica\u00bb incluye publicar un mensaje electr\u00f3nicamente, incluso en un sitio web de redes sociales (tal como se define en IC 35-31.5-2-307).<\/span><\/li>\n<li style=\"font-weight: 400;\"><span style=\"font-weight: 400;\">d) Por \u00abamenaza\u00bb se entender\u00e1 la expresi\u00f3n, mediante palabras o acciones, de una intenci\u00f3n de:<\/span><\/li>\n<\/ul>\n<\/li>\n<li style=\"font-weight: 400;\"><span style=\"font-weight: 400;\">(1) da\u00f1ar ilegalmente a la persona amenazada o a otra persona, o da\u00f1ar la propiedad;<\/span><\/li>\n<li style=\"font-weight: 400;\"><span style=\"font-weight: 400;\">2) someter ilegalmente a una persona a confinamiento o restricci\u00f3n f\u00edsica;<\/span><\/li>\n<li style=\"font-weight: 400;\"><span style=\"font-weight: 400;\">(3) cometer un delito;<\/span><\/li>\n<li style=\"font-weight: 400;\"><span style=\"font-weight: 400;\">(4) retener ilegalmente la acci\u00f3n oficial, o causar dicha retenci\u00f3n;<\/span><\/li>\n<li style=\"font-weight: 400;\"><span style=\"font-weight: 400;\">(5) retener ilegalmente testimonio o informaci\u00f3n con respecto a la reclamaci\u00f3n legal o defensa de otra persona, excepto por una reclamaci\u00f3n razonable por honorarios o gastos de testigos;<\/span><\/li>\n<li style=\"font-weight: 400;\"><span style=\"font-weight: 400;\">(6) exponer a la persona amenazada con el odio, el desprecio, la desgracia o el rid\u00edculo;<\/span><\/li>\n<li style=\"font-weight: 400;\"><span style=\"font-weight: 400;\">(7) da\u00f1ar falsamente el cr\u00e9dito o la reputaci\u00f3n comercial de una persona; o<\/span><\/li>\n<li style=\"font-weight: 400;\"><span style=\"font-weight: 400;\">(8) causar la evacuaci\u00f3n de una vivienda, un edificio, otra estructura o un veh\u00edculo. Para los prop\u00f3sitos de esta subdivisi\u00f3n, el t\u00e9rmino incluye una expresi\u00f3n que causar\u00eda que una persona razonable considere la evacuaci\u00f3n de una vivienda, un edificio, otra estructura o un veh\u00edculo, incluso si la vivienda, el edificio, la estructura o el veh\u00edculo no son evacuados.<\/span><\/li>\n<\/ul>\n<\/li>\n<\/ul>\n","protected":false},"excerpt":{"rendered":"<p>Segundo 1. (a) Una persona que comunica una amenaza con la intenci\u00f3n de: (1) que otra persona realice una conducta contra la voluntad de la otra persona; (2) que otra persona sea puesta por temor a represalias por un acto legal anterior; (3) de: (A) causando: i) una vivienda, un edificio u otra estructura; o&#8230; <a class=\"more-link\" href=\"https:\/\/merinolawfirm.com\/es\/casos-penales-e-infracciones-de-transito\/intimidacion\/\">Read More<\/a><\/p>\n","protected":false},"author":2,"featured_media":0,"parent":232,"menu_order":0,"comment_status":"closed","ping_status":"closed","template":"","meta":{"_genesis_hide_title":false,"_genesis_hide_breadcrumbs":false,"_genesis_hide_singular_image":false,"_genesis_hide_footer_widgets":false,"_genesis_custom_body_class":"","_genesis_custom_post_class":"","_genesis_layout":""},"acf":[],"yoast_head":"<!-- This site is optimized with the Yoast SEO plugin v20.11 - https:\/\/yoast.com\/wordpress\/plugins\/seo\/ -->\n<title>Intimidaci\u00f3n - Merino Law Firm, P.C.<\/title>\n<meta name=\"robots\" content=\"index, follow, max-snippet:-1, max-image-preview:large, max-video-preview:-1\" \/>\n<link rel=\"canonical\" href=\"https:\/\/merinolawfirm.com\/es\/casos-penales-e-infracciones-de-transito\/intimidacion\/\" \/>\n<meta property=\"og:locale\" content=\"es_ES\" \/>\n<meta property=\"og:type\" content=\"article\" \/>\n<meta property=\"og:title\" content=\"Intimidaci\u00f3n - Merino Law Firm, P.C.\" \/>\n<meta property=\"og:description\" content=\"Segundo 1. (a) Una persona que comunica una amenaza con la intenci\u00f3n de: (1) que otra persona realice una conducta contra la voluntad de la otra persona; (2) que otra persona sea puesta por temor a represalias por un acto legal anterior; (3) de: (A) causando: i) una vivienda, un edificio u otra estructura; o... Read More\" \/>\n<meta property=\"og:url\" content=\"https:\/\/merinolawfirm.com\/es\/casos-penales-e-infracciones-de-transito\/intimidacion\/\" \/>\n<meta property=\"og:site_name\" content=\"Merino Law Firm, P.C.\" \/>\n<meta property=\"article:publisher\" content=\"https:\/\/www.facebook.com\/AbogadoMerino\/\" \/>\n<meta name=\"twitter:card\" content=\"summary_large_image\" \/>\n<meta name=\"twitter:label1\" content=\"Tiempo de lectura\" \/>\n\t<meta name=\"twitter:data1\" content=\"3 minutos\" \/>\n<script type=\"application\/ld+json\" class=\"yoast-schema-graph\">{\"@context\":\"https:\/\/schema.org\",\"@graph\":[{\"@type\":\"WebPage\",\"@id\":\"https:\/\/merinolawfirm.com\/es\/casos-penales-e-infracciones-de-transito\/intimidacion\/\",\"url\":\"https:\/\/merinolawfirm.com\/es\/casos-penales-e-infracciones-de-transito\/intimidacion\/\",\"name\":\"Intimidaci\u00f3n - Merino Law Firm, P.C.\",\"isPartOf\":{\"@id\":\"https:\/\/merinolawfirm.com\/#website\"},\"datePublished\":\"2020-06-29T15:24:12+00:00\",\"dateModified\":\"2020-06-29T15:24:12+00:00\",\"breadcrumb\":{\"@id\":\"https:\/\/merinolawfirm.com\/es\/casos-penales-e-infracciones-de-transito\/intimidacion\/#breadcrumb\"},\"inLanguage\":\"es\",\"potentialAction\":[{\"@type\":\"ReadAction\",\"target\":[\"https:\/\/merinolawfirm.com\/es\/casos-penales-e-infracciones-de-transito\/intimidacion\/\"]}]},{\"@type\":\"BreadcrumbList\",\"@id\":\"https:\/\/merinolawfirm.com\/es\/casos-penales-e-infracciones-de-transito\/intimidacion\/#breadcrumb\",\"itemListElement\":[{\"@type\":\"ListItem\",\"position\":1,\"name\":\"Home\",\"item\":\"https:\/\/merinolawfirm.com\/es\/\"},{\"@type\":\"ListItem\",\"position\":2,\"name\":\"Casos Penales e Infracciones De Transito\",\"item\":\"https:\/\/merinolawfirm.com\/es\/casos-penales-e-infracciones-de-transito\/\"},{\"@type\":\"ListItem\",\"position\":3,\"name\":\"Intimidaci\u00f3n\"}]},{\"@type\":\"WebSite\",\"@id\":\"https:\/\/merinolawfirm.com\/#website\",\"url\":\"https:\/\/merinolawfirm.com\/\",\"name\":\"Merino Law Firm, P.C.\",\"description\":\"Merino Law Firm\",\"publisher\":{\"@id\":\"https:\/\/merinolawfirm.com\/#organization\"},\"potentialAction\":[{\"@type\":\"SearchAction\",\"target\":{\"@type\":\"EntryPoint\",\"urlTemplate\":\"https:\/\/merinolawfirm.com\/?s={search_term_string}\"},\"query-input\":\"required name=search_term_string\"}],\"inLanguage\":\"es\"},{\"@type\":\"Organization\",\"@id\":\"https:\/\/merinolawfirm.com\/#organization\",\"name\":\"Immigration Cases, Criminal & Ticket Defense | Merino Law Firm, P.C.\",\"url\":\"https:\/\/merinolawfirm.com\/\",\"logo\":{\"@type\":\"ImageObject\",\"inLanguage\":\"es\",\"@id\":\"https:\/\/merinolawfirm.com\/#\/schema\/logo\/image\/\",\"url\":\"https:\/\/www.merinolawfirm.com\/wp-content\/uploads\/2020\/06\/merino-law-firm.png\",\"contentUrl\":\"https:\/\/www.merinolawfirm.com\/wp-content\/uploads\/2020\/06\/merino-law-firm.png\",\"width\":398,\"height\":185,\"caption\":\"Immigration Cases, Criminal & Ticket Defense | Merino Law Firm, P.C.\"},\"image\":{\"@id\":\"https:\/\/merinolawfirm.com\/#\/schema\/logo\/image\/\"},\"sameAs\":[\"https:\/\/www.facebook.com\/AbogadoMerino\/\"]}]}<\/script>\n<!-- \/ Yoast SEO plugin. -->","yoast_head_json":{"title":"Intimidaci\u00f3n - Merino Law Firm, P.C.","robots":{"index":"index","follow":"follow","max-snippet":"max-snippet:-1","max-image-preview":"max-image-preview:large","max-video-preview":"max-video-preview:-1"},"canonical":"https:\/\/merinolawfirm.com\/es\/casos-penales-e-infracciones-de-transito\/intimidacion\/","og_locale":"es_ES","og_type":"article","og_title":"Intimidaci\u00f3n - Merino Law Firm, P.C.","og_description":"Segundo 1. (a) Una persona que comunica una amenaza con la intenci\u00f3n de: (1) que otra persona realice una conducta contra la voluntad de la otra persona; (2) que otra persona sea puesta por temor a represalias por un acto legal anterior; (3) de: (A) causando: i) una vivienda, un edificio u otra estructura; o... Read More","og_url":"https:\/\/merinolawfirm.com\/es\/casos-penales-e-infracciones-de-transito\/intimidacion\/","og_site_name":"Merino Law Firm, P.C.","article_publisher":"https:\/\/www.facebook.com\/AbogadoMerino\/","twitter_card":"summary_large_image","twitter_misc":{"Tiempo de lectura":"3 minutos"},"schema":{"@context":"https:\/\/schema.org","@graph":[{"@type":"WebPage","@id":"https:\/\/merinolawfirm.com\/es\/casos-penales-e-infracciones-de-transito\/intimidacion\/","url":"https:\/\/merinolawfirm.com\/es\/casos-penales-e-infracciones-de-transito\/intimidacion\/","name":"Intimidaci\u00f3n - Merino Law Firm, P.C.","isPartOf":{"@id":"https:\/\/merinolawfirm.com\/#website"},"datePublished":"2020-06-29T15:24:12+00:00","dateModified":"2020-06-29T15:24:12+00:00","breadcrumb":{"@id":"https:\/\/merinolawfirm.com\/es\/casos-penales-e-infracciones-de-transito\/intimidacion\/#breadcrumb"},"inLanguage":"es","potentialAction":[{"@type":"ReadAction","target":["https:\/\/merinolawfirm.com\/es\/casos-penales-e-infracciones-de-transito\/intimidacion\/"]}]},{"@type":"BreadcrumbList","@id":"https:\/\/merinolawfirm.com\/es\/casos-penales-e-infracciones-de-transito\/intimidacion\/#breadcrumb","itemListElement":[{"@type":"ListItem","position":1,"name":"Home","item":"https:\/\/merinolawfirm.com\/es\/"},{"@type":"ListItem","position":2,"name":"Casos Penales e Infracciones De Transito","item":"https:\/\/merinolawfirm.com\/es\/casos-penales-e-infracciones-de-transito\/"},{"@type":"ListItem","position":3,"name":"Intimidaci\u00f3n"}]},{"@type":"WebSite","@id":"https:\/\/merinolawfirm.com\/#website","url":"https:\/\/merinolawfirm.com\/","name":"Merino Law Firm, P.C.","description":"Merino Law Firm","publisher":{"@id":"https:\/\/merinolawfirm.com\/#organization"},"potentialAction":[{"@type":"SearchAction","target":{"@type":"EntryPoint","urlTemplate":"https:\/\/merinolawfirm.com\/?s={search_term_string}"},"query-input":"required name=search_term_string"}],"inLanguage":"es"},{"@type":"Organization","@id":"https:\/\/merinolawfirm.com\/#organization","name":"Immigration Cases, Criminal & Ticket Defense | Merino Law Firm, P.C.","url":"https:\/\/merinolawfirm.com\/","logo":{"@type":"ImageObject","inLanguage":"es","@id":"https:\/\/merinolawfirm.com\/#\/schema\/logo\/image\/","url":"https:\/\/www.merinolawfirm.com\/wp-content\/uploads\/2020\/06\/merino-law-firm.png","contentUrl":"https:\/\/www.merinolawfirm.com\/wp-content\/uploads\/2020\/06\/merino-law-firm.png","width":398,"height":185,"caption":"Immigration Cases, Criminal & Ticket Defense | Merino Law Firm, P.C."},"image":{"@id":"https:\/\/merinolawfirm.com\/#\/schema\/logo\/image\/"},"sameAs":["https:\/\/www.facebook.com\/AbogadoMerino\/"]}]}},"_links":{"self":[{"href":"https:\/\/merinolawfirm.com\/es\/wp-json\/wp\/v2\/pages\/254"}],"collection":[{"href":"https:\/\/merinolawfirm.com\/es\/wp-json\/wp\/v2\/pages"}],"about":[{"href":"https:\/\/merinolawfirm.com\/es\/wp-json\/wp\/v2\/types\/page"}],"author":[{"embeddable":true,"href":"https:\/\/merinolawfirm.com\/es\/wp-json\/wp\/v2\/users\/2"}],"replies":[{"embeddable":true,"href":"https:\/\/merinolawfirm.com\/es\/wp-json\/wp\/v2\/comments?post=254"}],"version-history":[{"count":0,"href":"https:\/\/merinolawfirm.com\/es\/wp-json\/wp\/v2\/pages\/254\/revisions"}],"up":[{"embeddable":true,"href":"https:\/\/merinolawfirm.com\/es\/wp-json\/wp\/v2\/pages\/232"}],"wp:attachment":[{"href":"https:\/\/merinolawfirm.com\/es\/wp-json\/wp\/v2\/media?parent=254"}],"curies":[{"name":"wp","href":"https:\/\/api.w.org\/{rel}","templated":true}]}}