{"id":256,"date":"2020-06-29T12:09:19","date_gmt":"2020-06-29T16:09:19","guid":{"rendered":"http:\/\/localhost:10073\/?page_id=256"},"modified":"2020-06-29T12:09:19","modified_gmt":"2020-06-29T16:09:19","slug":"violador-de-trafico-habitual","status":"publish","type":"page","link":"https:\/\/merinolawfirm.com\/es\/casos-penales-e-infracciones-de-transito\/violador-de-trafico-habitual\/","title":{"rendered":"Violador de Tr\u00e1fico Habitual"},"content":{"rendered":"<ul>\n<li style=\"list-style-type: none;\">\n<ul>\n<li style=\"font-weight: 400;\"><span style=\"font-weight: 400;\">Una persona que ha acumulado al menos dos (2) sentencias dentro de un per\u00edodo de diez (10) a\u00f1os por cualquiera de las siguientes violaciones, singularmente o en combinaci\u00f3n, y que no surjan del mismo incidente, es un infractor habitual:<\/span><\/li>\n<li style=\"font-weight: 400;\"><span style=\"font-weight: 400;\">(1) Homicidio imprudente resultante de la operaci\u00f3n de un veh\u00edculo de motor.<\/span><\/li>\n<li style=\"font-weight: 400;\"><span style=\"font-weight: 400;\">(2) homicidio involuntario o voluntario resultante de la operaci\u00f3n de un veh\u00edculo de motor.<\/span><\/li>\n<li style=\"font-weight: 400;\"><span style=\"font-weight: 400;\">(3) El incumplimiento del operador de un veh\u00edculo de motor involucrado en un accidente que resulte en la muerte o lesiones a cualquier persona para detenerse en el lugar del accidente y proporcionar la informaci\u00f3n y la asistencia necesarias.<\/span><\/li>\n<li style=\"font-weight: 400;\"><span style=\"font-weight: 400;\">(4) Operaci\u00f3n de un veh\u00edculo en estado de ebriedad que resulta en la muerte.<\/span><\/li>\n<li style=\"font-weight: 400;\"><span style=\"font-weight: 400;\">(5) Antes del 1 de julio de 1997, la operaci\u00f3n de un veh\u00edculo con al menos diez cent\u00e9simas por ciento (0.10%) de alcohol en la sangre que resulta en la muerte.<\/span><\/li>\n<li style=\"font-weight: 400;\"><span style=\"font-weight: 400;\">(6) Despu\u00e9s del 30 de junio de 1997 y antes del 1 de julio de 2001, el funcionamiento de un veh\u00edculo con una concentraci\u00f3n de alcohol equivalente a al menos:<\/span><\/li>\n<li style=\"font-weight: 400;\"><span style=\"font-weight: 400;\">(A) cien (100) mililitros de sangre; o<\/span><\/li>\n<li style=\"font-weight: 400;\"><span style=\"font-weight: 400;\">(B) doscientos diez (210) litros de la respiraci\u00f3n;<\/span><\/li>\n<li style=\"font-weight: 400;\"><span style=\"font-weight: 400;\">resultando en la muerte.<\/span><\/li>\n<li style=\"font-weight: 400;\"><span style=\"font-weight: 400;\">(7) Despu\u00e9s del 30 de junio de 2001, el funcionamiento de un veh\u00edculo con una concentraci\u00f3n de alcohol equivalente a al menos ocho cent\u00e9simas (0,08) gramos de alcohol por:<\/span><\/li>\n<li style=\"font-weight: 400;\"><span style=\"font-weight: 400;\">(A) cien (100) mililitros de sangre; o<\/span><\/li>\n<li style=\"font-weight: 400;\"><span style=\"font-weight: 400;\">(B) doscientos diez (210) litros de la respiraci\u00f3n;<\/span><\/li>\n<li style=\"font-weight: 400;\"><span style=\"font-weight: 400;\">resultando en la muerte.<\/span>\n<ul>\n<li style=\"font-weight: 400;\"><span style=\"font-weight: 400;\">(b) Una persona que haya acumulado al menos tres (3) sentencias dentro de un per\u00edodo de diez (10) a\u00f1os por cualquiera de las siguientes violaciones, individualmente o en combinaci\u00f3n, y que no surjan del mismo incidente, es un infractor habitual:<\/span><\/li>\n<\/ul>\n<\/li>\n<li style=\"font-weight: 400;\"><span style=\"font-weight: 400;\">(1) Operaci\u00f3n de un veh\u00edculo en estado de ebriedad.<\/span><\/li>\n<li style=\"font-weight: 400;\"><span style=\"font-weight: 400;\">(2) Antes del 1 de julio de 1997, operaci\u00f3n de un veh\u00edculo con al menos diez cent\u00e9simas por ciento (0.10%) de alcohol en la sangre.<\/span><\/li>\n<li style=\"font-weight: 400;\"><span style=\"font-weight: 400;\">(3) Despu\u00e9s del 30 de junio de 1997 y antes del 1 de julio de 2001, el funcionamiento de un veh\u00edculo con una concentraci\u00f3n de alcohol equivalente a al menos:<\/span><\/li>\n<li style=\"font-weight: 400;\"><span style=\"font-weight: 400;\">(A) cien (100) mililitros de sangre; o<\/span><\/li>\n<li style=\"font-weight: 400;\"><span style=\"font-weight: 400;\">(B) doscientos diez (210) litros de la respiraci\u00f3n.<\/span><\/li>\n<li style=\"font-weight: 400;\"><span style=\"font-weight: 400;\">(4) Despu\u00e9s del 30 de junio de 2001, el funcionamiento de un veh\u00edculo con una concentraci\u00f3n de alcohol equivalente a al menos ocho cent\u00e9simas (0,08) gramos de alcohol por:<\/span><\/li>\n<li style=\"font-weight: 400;\"><span style=\"font-weight: 400;\">(A) cien (100) mililitros de sangre; o<\/span><\/li>\n<li style=\"font-weight: 400;\"><span style=\"font-weight: 400;\">(B) doscientos diez (210) litros de la respiraci\u00f3n.<\/span><\/li>\n<li style=\"font-weight: 400;\"><span style=\"font-weight: 400;\">(5) Conducci\u00f3n imprudente.<\/span><\/li>\n<li style=\"font-weight: 400;\"><span style=\"font-weight: 400;\">(6) Imprudencia criminal como delito grave que implica la operaci\u00f3n de un veh\u00edculo de motor.<\/span><\/li>\n<li style=\"font-weight: 400;\"><span style=\"font-weight: 400;\">(7) Carreras de arrastre o participar en un concurso de velocidad en violaci\u00f3n de la ley.<\/span><\/li>\n<li style=\"font-weight: 400;\"><span style=\"font-weight: 400;\">(8) Violaci\u00f3n de IC 9-4-1-40 (rechazado el 1 de julio de 1991), IC 9-4-1-46 (rechazado el 1 de julio de 1991), IC 9-26-1-1(1) (rechazado el 1 de enero de 2015), IC 9-26-1-1(2) (rechazado el 1 de enero de 2015), IC 9-26-1-2(1) (rechazado el 1 de enero1 de enero de 2015), IC 9-26-1-4 (derogado el 1 de enero de 2015) o IC 9-26-1-1.1.<\/span><\/li>\n<li style=\"font-weight: 400;\"><span style=\"font-weight: 400;\">(9) Resistir la aplicaci\u00f3n de la ley en virtud de IC 35-44.1-3-1(c)(1)(A), IC 35-44.1-3-1(c)(2), IC 35-44.1-3-1(c)(3), o IC 35-44.1-3-1(c)(4).<\/span><\/li>\n<li style=\"font-weight: 400;\"><span style=\"font-weight: 400;\">(10) Cualquier delito grave bajo este t\u00edtulo o cualquier delito grave en el que la operaci\u00f3n de un veh\u00edculo de motor es un elemento de la ofensa.<\/span><\/li>\n<li style=\"font-weight: 400;\"><span style=\"font-weight: 400;\">Una sentencia por una violaci\u00f3n enumerada en la subsecci\u00f3n (a) se agregar\u00e1 a las violaciones descritas en esta subsecci\u00f3n para los prop\u00f3sitos de esta subsecci\u00f3n.<\/span>\n<ul>\n<li style=\"font-weight: 400;\"><span style=\"font-weight: 400;\">(c) Una persona que haya acumulado al menos diez (10) sentencias dentro de un per\u00edodo de diez (10) a\u00f1os por cualquier infracci\u00f3n de tr\u00e1fico, excepto una infracci\u00f3n de estacionamiento o equipo, del tipo requerido para ser reportado a la oficina, singularmente o en combinaci\u00f3n, y que no surja del mismo incidente, es un infractor habitual. Sin embargo, al menos una (1) de las sentencias debe ser para:<\/span><\/li>\n<\/ul>\n<\/li>\n<li style=\"font-weight: 400;\"><span style=\"font-weight: 400;\">(1) una violaci\u00f3n enumerada en la subsecci\u00f3n (a);<\/span><\/li>\n<li style=\"font-weight: 400;\"><span style=\"font-weight: 400;\">(2) una violaci\u00f3n enumerada en la subsecci\u00f3n (b);<\/span><\/li>\n<li style=\"font-weight: 400;\"><span style=\"font-weight: 400;\">(3) operar un veh\u00edculo de motor mientras la licencia de la persona para hacerlo ha sido suspendida o revocada como resultado de la condena de la persona de un delito bajo IC 9-1-4-52 (derogado el 1 de julio de 1991), IC 9-24-18-5(b) (derogado el 1 de julio de 2000), IC 9-24-19-2, o<\/span><\/li>\n<li style=\"font-weight: 400;\"><span style=\"font-weight: 400;\">(4) operar un veh\u00edculo de motor sin haber obtenido nunca una licencia para hacerlo.<\/span><\/li>\n<li style=\"font-weight: 400;\"><span style=\"font-weight: 400;\">Una sentencia por una violaci\u00f3n enumerada en la subsecci\u00f3n (a) o (b) se agregar\u00e1 a las sentencias descritas en esta subsecci\u00f3n para los prop\u00f3sitos de esta subsecci\u00f3n.<\/span>\n<ul>\n<li style=\"font-weight: 400;\"><span style=\"font-weight: 400;\">(d) A los efectos de esta secci\u00f3n, una sentencia incluye una sentencia en cualquier otra jurisdicci\u00f3n en la que los elementos del delito por el cual se dict\u00f3 la condena sean sustancialmente similares a los elementos de los delitos descritos en las subsecciones (a), (b) y (c).<\/span><\/li>\n<li style=\"font-weight: 400;\"><span style=\"font-weight: 400;\">(e) Para los prop\u00f3sitos de esta secci\u00f3n, la fecha del delito se utiliza para determinar el n\u00famero de sentencias acumuladas dentro de un per\u00edodo de diez (10) a\u00f1os.<\/span><\/li>\n<\/ul>\n<\/li>\n<\/ul>\n<\/li>\n<\/ul>\n<p>&nbsp;<\/p>\n","protected":false},"excerpt":{"rendered":"<p>Una persona que ha acumulado al menos dos (2) sentencias dentro de un per\u00edodo de diez (10) a\u00f1os por cualquiera de las siguientes violaciones, singularmente o en combinaci\u00f3n, y que no surjan del mismo incidente, es un infractor habitual: (1) Homicidio imprudente resultante de la operaci\u00f3n de un veh\u00edculo de motor. (2) homicidio involuntario o&#8230; <a class=\"more-link\" href=\"https:\/\/merinolawfirm.com\/es\/casos-penales-e-infracciones-de-transito\/violador-de-trafico-habitual\/\">Read More<\/a><\/p>\n","protected":false},"author":2,"featured_media":0,"parent":232,"menu_order":0,"comment_status":"closed","ping_status":"closed","template":"","meta":{"_genesis_hide_title":false,"_genesis_hide_breadcrumbs":false,"_genesis_hide_singular_image":false,"_genesis_hide_footer_widgets":false,"_genesis_custom_body_class":"","_genesis_custom_post_class":"","_genesis_layout":""},"acf":[],"yoast_head":"<!-- This site is optimized with the Yoast SEO plugin v20.11 - https:\/\/yoast.com\/wordpress\/plugins\/seo\/ -->\n<title>Violador de Tr\u00e1fico Habitual - Merino Law Firm, P.C.<\/title>\n<meta name=\"robots\" content=\"index, follow, max-snippet:-1, max-image-preview:large, max-video-preview:-1\" \/>\n<link rel=\"canonical\" href=\"https:\/\/merinolawfirm.com\/es\/casos-penales-e-infracciones-de-transito\/violador-de-trafico-habitual\/\" \/>\n<meta property=\"og:locale\" content=\"es_ES\" \/>\n<meta property=\"og:type\" content=\"article\" \/>\n<meta property=\"og:title\" content=\"Violador de Tr\u00e1fico Habitual - Merino Law Firm, P.C.\" \/>\n<meta property=\"og:description\" content=\"Una persona que ha acumulado al menos dos (2) sentencias dentro de un per\u00edodo de diez (10) a\u00f1os por cualquiera de las siguientes violaciones, singularmente o en combinaci\u00f3n, y que no surjan del mismo incidente, es un infractor habitual: (1) Homicidio imprudente resultante de la operaci\u00f3n de un veh\u00edculo de motor. (2) homicidio involuntario o... Read More\" \/>\n<meta property=\"og:url\" content=\"https:\/\/merinolawfirm.com\/es\/casos-penales-e-infracciones-de-transito\/violador-de-trafico-habitual\/\" \/>\n<meta property=\"og:site_name\" content=\"Merino Law Firm, P.C.\" \/>\n<meta property=\"article:publisher\" content=\"https:\/\/www.facebook.com\/AbogadoMerino\/\" \/>\n<meta name=\"twitter:card\" content=\"summary_large_image\" \/>\n<meta name=\"twitter:label1\" content=\"Tiempo de lectura\" \/>\n\t<meta name=\"twitter:data1\" content=\"4 minutos\" \/>\n<script type=\"application\/ld+json\" class=\"yoast-schema-graph\">{\"@context\":\"https:\/\/schema.org\",\"@graph\":[{\"@type\":\"WebPage\",\"@id\":\"https:\/\/merinolawfirm.com\/es\/casos-penales-e-infracciones-de-transito\/violador-de-trafico-habitual\/\",\"url\":\"https:\/\/merinolawfirm.com\/es\/casos-penales-e-infracciones-de-transito\/violador-de-trafico-habitual\/\",\"name\":\"Violador de Tr\u00e1fico Habitual - Merino Law Firm, P.C.\",\"isPartOf\":{\"@id\":\"https:\/\/merinolawfirm.com\/#website\"},\"datePublished\":\"2020-06-29T16:09:19+00:00\",\"dateModified\":\"2020-06-29T16:09:19+00:00\",\"breadcrumb\":{\"@id\":\"https:\/\/merinolawfirm.com\/es\/casos-penales-e-infracciones-de-transito\/violador-de-trafico-habitual\/#breadcrumb\"},\"inLanguage\":\"es\",\"potentialAction\":[{\"@type\":\"ReadAction\",\"target\":[\"https:\/\/merinolawfirm.com\/es\/casos-penales-e-infracciones-de-transito\/violador-de-trafico-habitual\/\"]}]},{\"@type\":\"BreadcrumbList\",\"@id\":\"https:\/\/merinolawfirm.com\/es\/casos-penales-e-infracciones-de-transito\/violador-de-trafico-habitual\/#breadcrumb\",\"itemListElement\":[{\"@type\":\"ListItem\",\"position\":1,\"name\":\"Home\",\"item\":\"https:\/\/merinolawfirm.com\/es\/\"},{\"@type\":\"ListItem\",\"position\":2,\"name\":\"Casos Penales e Infracciones De Transito\",\"item\":\"https:\/\/merinolawfirm.com\/es\/casos-penales-e-infracciones-de-transito\/\"},{\"@type\":\"ListItem\",\"position\":3,\"name\":\"Violador de Tr\u00e1fico Habitual\"}]},{\"@type\":\"WebSite\",\"@id\":\"https:\/\/merinolawfirm.com\/#website\",\"url\":\"https:\/\/merinolawfirm.com\/\",\"name\":\"Merino Law Firm, P.C.\",\"description\":\"Merino Law Firm\",\"publisher\":{\"@id\":\"https:\/\/merinolawfirm.com\/#organization\"},\"potentialAction\":[{\"@type\":\"SearchAction\",\"target\":{\"@type\":\"EntryPoint\",\"urlTemplate\":\"https:\/\/merinolawfirm.com\/?s={search_term_string}\"},\"query-input\":\"required name=search_term_string\"}],\"inLanguage\":\"es\"},{\"@type\":\"Organization\",\"@id\":\"https:\/\/merinolawfirm.com\/#organization\",\"name\":\"Immigration Cases, Criminal & Ticket Defense | Merino Law Firm, P.C.\",\"url\":\"https:\/\/merinolawfirm.com\/\",\"logo\":{\"@type\":\"ImageObject\",\"inLanguage\":\"es\",\"@id\":\"https:\/\/merinolawfirm.com\/#\/schema\/logo\/image\/\",\"url\":\"https:\/\/www.merinolawfirm.com\/wp-content\/uploads\/2020\/06\/merino-law-firm.png\",\"contentUrl\":\"https:\/\/www.merinolawfirm.com\/wp-content\/uploads\/2020\/06\/merino-law-firm.png\",\"width\":398,\"height\":185,\"caption\":\"Immigration Cases, Criminal & Ticket Defense | Merino Law Firm, P.C.\"},\"image\":{\"@id\":\"https:\/\/merinolawfirm.com\/#\/schema\/logo\/image\/\"},\"sameAs\":[\"https:\/\/www.facebook.com\/AbogadoMerino\/\"]}]}<\/script>\n<!-- \/ Yoast SEO plugin. -->","yoast_head_json":{"title":"Violador de Tr\u00e1fico Habitual - Merino Law Firm, P.C.","robots":{"index":"index","follow":"follow","max-snippet":"max-snippet:-1","max-image-preview":"max-image-preview:large","max-video-preview":"max-video-preview:-1"},"canonical":"https:\/\/merinolawfirm.com\/es\/casos-penales-e-infracciones-de-transito\/violador-de-trafico-habitual\/","og_locale":"es_ES","og_type":"article","og_title":"Violador de Tr\u00e1fico Habitual - Merino Law Firm, P.C.","og_description":"Una persona que ha acumulado al menos dos (2) sentencias dentro de un per\u00edodo de diez (10) a\u00f1os por cualquiera de las siguientes violaciones, singularmente o en combinaci\u00f3n, y que no surjan del mismo incidente, es un infractor habitual: (1) Homicidio imprudente resultante de la operaci\u00f3n de un veh\u00edculo de motor. (2) homicidio involuntario o... Read More","og_url":"https:\/\/merinolawfirm.com\/es\/casos-penales-e-infracciones-de-transito\/violador-de-trafico-habitual\/","og_site_name":"Merino Law Firm, P.C.","article_publisher":"https:\/\/www.facebook.com\/AbogadoMerino\/","twitter_card":"summary_large_image","twitter_misc":{"Tiempo de lectura":"4 minutos"},"schema":{"@context":"https:\/\/schema.org","@graph":[{"@type":"WebPage","@id":"https:\/\/merinolawfirm.com\/es\/casos-penales-e-infracciones-de-transito\/violador-de-trafico-habitual\/","url":"https:\/\/merinolawfirm.com\/es\/casos-penales-e-infracciones-de-transito\/violador-de-trafico-habitual\/","name":"Violador de Tr\u00e1fico Habitual - Merino Law Firm, P.C.","isPartOf":{"@id":"https:\/\/merinolawfirm.com\/#website"},"datePublished":"2020-06-29T16:09:19+00:00","dateModified":"2020-06-29T16:09:19+00:00","breadcrumb":{"@id":"https:\/\/merinolawfirm.com\/es\/casos-penales-e-infracciones-de-transito\/violador-de-trafico-habitual\/#breadcrumb"},"inLanguage":"es","potentialAction":[{"@type":"ReadAction","target":["https:\/\/merinolawfirm.com\/es\/casos-penales-e-infracciones-de-transito\/violador-de-trafico-habitual\/"]}]},{"@type":"BreadcrumbList","@id":"https:\/\/merinolawfirm.com\/es\/casos-penales-e-infracciones-de-transito\/violador-de-trafico-habitual\/#breadcrumb","itemListElement":[{"@type":"ListItem","position":1,"name":"Home","item":"https:\/\/merinolawfirm.com\/es\/"},{"@type":"ListItem","position":2,"name":"Casos Penales e Infracciones De Transito","item":"https:\/\/merinolawfirm.com\/es\/casos-penales-e-infracciones-de-transito\/"},{"@type":"ListItem","position":3,"name":"Violador de Tr\u00e1fico Habitual"}]},{"@type":"WebSite","@id":"https:\/\/merinolawfirm.com\/#website","url":"https:\/\/merinolawfirm.com\/","name":"Merino Law Firm, P.C.","description":"Merino Law Firm","publisher":{"@id":"https:\/\/merinolawfirm.com\/#organization"},"potentialAction":[{"@type":"SearchAction","target":{"@type":"EntryPoint","urlTemplate":"https:\/\/merinolawfirm.com\/?s={search_term_string}"},"query-input":"required name=search_term_string"}],"inLanguage":"es"},{"@type":"Organization","@id":"https:\/\/merinolawfirm.com\/#organization","name":"Immigration Cases, Criminal & Ticket Defense | Merino Law Firm, P.C.","url":"https:\/\/merinolawfirm.com\/","logo":{"@type":"ImageObject","inLanguage":"es","@id":"https:\/\/merinolawfirm.com\/#\/schema\/logo\/image\/","url":"https:\/\/www.merinolawfirm.com\/wp-content\/uploads\/2020\/06\/merino-law-firm.png","contentUrl":"https:\/\/www.merinolawfirm.com\/wp-content\/uploads\/2020\/06\/merino-law-firm.png","width":398,"height":185,"caption":"Immigration Cases, Criminal & Ticket Defense | Merino Law Firm, P.C."},"image":{"@id":"https:\/\/merinolawfirm.com\/#\/schema\/logo\/image\/"},"sameAs":["https:\/\/www.facebook.com\/AbogadoMerino\/"]}]}},"_links":{"self":[{"href":"https:\/\/merinolawfirm.com\/es\/wp-json\/wp\/v2\/pages\/256"}],"collection":[{"href":"https:\/\/merinolawfirm.com\/es\/wp-json\/wp\/v2\/pages"}],"about":[{"href":"https:\/\/merinolawfirm.com\/es\/wp-json\/wp\/v2\/types\/page"}],"author":[{"embeddable":true,"href":"https:\/\/merinolawfirm.com\/es\/wp-json\/wp\/v2\/users\/2"}],"replies":[{"embeddable":true,"href":"https:\/\/merinolawfirm.com\/es\/wp-json\/wp\/v2\/comments?post=256"}],"version-history":[{"count":0,"href":"https:\/\/merinolawfirm.com\/es\/wp-json\/wp\/v2\/pages\/256\/revisions"}],"up":[{"embeddable":true,"href":"https:\/\/merinolawfirm.com\/es\/wp-json\/wp\/v2\/pages\/232"}],"wp:attachment":[{"href":"https:\/\/merinolawfirm.com\/es\/wp-json\/wp\/v2\/media?parent=256"}],"curies":[{"name":"wp","href":"https:\/\/api.w.org\/{rel}","templated":true}]}}