{"id":258,"date":"2020-06-29T12:12:12","date_gmt":"2020-06-29T16:12:12","guid":{"rendered":"http:\/\/localhost:10073\/?page_id=258"},"modified":"2020-06-29T12:12:12","modified_gmt":"2020-06-29T16:12:12","slug":"manejando-ebrio-con-condena-previa-de-manejar-ebrio-owi-dui","status":"publish","type":"page","link":"https:\/\/merinolawfirm.com\/es\/casos-penales-e-infracciones-de-transito\/manejando-ebrio-con-condena-previa-de-manejar-ebrio-owi-dui\/","title":{"rendered":"Manejando Ebrio con condena previa de manejar ebrio OWI\/DUI"},"content":{"rendered":"<ul>\n<li style=\"list-style-type: none;\">\n<ul>\n<li style=\"font-weight: 400;\"><span style=\"font-weight: 400;\">S. 3. (a) Excepto lo dispuesto en la subsecci\u00f3n (b), una persona que viole la secci\u00f3n 1 o 2 de este cap\u00edtulo comete un delito grave de Nivel 6 si:<\/span><\/li>\n<li style=\"font-weight: 400;\"><span style=\"font-weight: 400;\">(1) la persona tiene una condena previa de operar en estado de ebriedad que ocurri\u00f3 dentro de los siete (7) a\u00f1os inmediatamente anteriores a la ocurrencia de la violaci\u00f3n de la secci\u00f3n 1 o 2 de este cap\u00edtulo; o<\/span><\/li>\n<li style=\"font-weight: 400;\"><span style=\"font-weight: 400;\">(2) la persona:<\/span><\/li>\n<li style=\"font-weight: 400;\"><span style=\"font-weight: 400;\">(A) es al menos veinti\u00fan (21) a\u00f1os de edad;<\/span><\/li>\n<li style=\"font-weight: 400;\"><span style=\"font-weight: 400;\">(B) viole la secci\u00f3n 1(b) o 2(b) de este cap\u00edtulo; y<\/span><\/li>\n<li style=\"font-weight: 400;\"><span style=\"font-weight: 400;\">(C) oper\u00f3 un veh\u00edculo en el que al menos un (1) pasajero ten\u00eda menos de dieciocho (18) a\u00f1os de edad.<\/span>\n<ul>\n<li style=\"font-weight: 400;\"><span style=\"font-weight: 400;\">(b) Una persona que viole la secci\u00f3n 1 o 2 de este cap\u00edtulo o subsecci\u00f3n (a)(2) comete un delito grave de Nivel 5 si:<\/span><\/li>\n<\/ul>\n<\/li>\n<li style=\"font-weight: 400;\"><span style=\"font-weight: 400;\">(1) la persona tiene una condena previa de operar en estado de ebriedad causando la muerte o lesi\u00f3n catastr\u00f3fica (IC 9-30-5-5); o<\/span><\/li>\n<li style=\"font-weight: 400;\"><span style=\"font-weight: 400;\">(2) la persona tiene una condena previa de operar en estado de ebriedad causando lesiones corporales graves (IC 9-30-5-4).<\/span><\/li>\n<\/ul>\n<\/li>\n<\/ul>\n","protected":false},"excerpt":{"rendered":"<p>S. 3. (a) Excepto lo dispuesto en la subsecci\u00f3n (b), una persona que viole la secci\u00f3n 1 o 2 de este cap\u00edtulo comete un delito grave de Nivel 6 si: (1) la persona tiene una condena previa de operar en estado de ebriedad que ocurri\u00f3 dentro de los siete (7) a\u00f1os inmediatamente anteriores a la&#8230; <a class=\"more-link\" href=\"https:\/\/merinolawfirm.com\/es\/casos-penales-e-infracciones-de-transito\/manejando-ebrio-con-condena-previa-de-manejar-ebrio-owi-dui\/\">Read More<\/a><\/p>\n","protected":false},"author":2,"featured_media":0,"parent":232,"menu_order":0,"comment_status":"closed","ping_status":"closed","template":"","meta":{"_genesis_hide_title":false,"_genesis_hide_breadcrumbs":false,"_genesis_hide_singular_image":false,"_genesis_hide_footer_widgets":false,"_genesis_custom_body_class":"","_genesis_custom_post_class":"","_genesis_layout":""},"acf":[],"yoast_head":"<!-- This site is optimized with the Yoast SEO plugin v20.11 - https:\/\/yoast.com\/wordpress\/plugins\/seo\/ -->\n<title>Manejando Ebrio con condena previa de manejar ebrio OWI\/DUI - Merino Law Firm, P.C.<\/title>\n<meta name=\"robots\" content=\"index, follow, max-snippet:-1, max-image-preview:large, max-video-preview:-1\" \/>\n<link rel=\"canonical\" href=\"https:\/\/merinolawfirm.com\/es\/casos-penales-e-infracciones-de-transito\/manejando-ebrio-con-condena-previa-de-manejar-ebrio-owi-dui\/\" \/>\n<meta property=\"og:locale\" content=\"es_ES\" \/>\n<meta property=\"og:type\" content=\"article\" \/>\n<meta property=\"og:title\" content=\"Manejando Ebrio con condena previa de manejar ebrio OWI\/DUI - Merino Law Firm, P.C.\" \/>\n<meta property=\"og:description\" content=\"S. 3. (a) Excepto lo dispuesto en la subsecci\u00f3n (b), una persona que viole la secci\u00f3n 1 o 2 de este cap\u00edtulo comete un delito grave de Nivel 6 si: (1) la persona tiene una condena previa de operar en estado de ebriedad que ocurri\u00f3 dentro de los siete (7) a\u00f1os inmediatamente anteriores a la... Read More\" \/>\n<meta property=\"og:url\" content=\"https:\/\/merinolawfirm.com\/es\/casos-penales-e-infracciones-de-transito\/manejando-ebrio-con-condena-previa-de-manejar-ebrio-owi-dui\/\" \/>\n<meta property=\"og:site_name\" content=\"Merino Law Firm, P.C.\" \/>\n<meta property=\"article:publisher\" content=\"https:\/\/www.facebook.com\/AbogadoMerino\/\" \/>\n<meta name=\"twitter:card\" content=\"summary_large_image\" \/>\n<meta name=\"twitter:label1\" content=\"Tiempo de lectura\" \/>\n\t<meta name=\"twitter:data1\" content=\"1 minuto\" \/>\n<script type=\"application\/ld+json\" class=\"yoast-schema-graph\">{\"@context\":\"https:\/\/schema.org\",\"@graph\":[{\"@type\":\"WebPage\",\"@id\":\"https:\/\/merinolawfirm.com\/es\/casos-penales-e-infracciones-de-transito\/manejando-ebrio-con-condena-previa-de-manejar-ebrio-owi-dui\/\",\"url\":\"https:\/\/merinolawfirm.com\/es\/casos-penales-e-infracciones-de-transito\/manejando-ebrio-con-condena-previa-de-manejar-ebrio-owi-dui\/\",\"name\":\"Manejando Ebrio con condena previa de manejar ebrio OWI\/DUI - Merino Law Firm, P.C.\",\"isPartOf\":{\"@id\":\"https:\/\/merinolawfirm.com\/#website\"},\"datePublished\":\"2020-06-29T16:12:12+00:00\",\"dateModified\":\"2020-06-29T16:12:12+00:00\",\"breadcrumb\":{\"@id\":\"https:\/\/merinolawfirm.com\/es\/casos-penales-e-infracciones-de-transito\/manejando-ebrio-con-condena-previa-de-manejar-ebrio-owi-dui\/#breadcrumb\"},\"inLanguage\":\"es\",\"potentialAction\":[{\"@type\":\"ReadAction\",\"target\":[\"https:\/\/merinolawfirm.com\/es\/casos-penales-e-infracciones-de-transito\/manejando-ebrio-con-condena-previa-de-manejar-ebrio-owi-dui\/\"]}]},{\"@type\":\"BreadcrumbList\",\"@id\":\"https:\/\/merinolawfirm.com\/es\/casos-penales-e-infracciones-de-transito\/manejando-ebrio-con-condena-previa-de-manejar-ebrio-owi-dui\/#breadcrumb\",\"itemListElement\":[{\"@type\":\"ListItem\",\"position\":1,\"name\":\"Home\",\"item\":\"https:\/\/merinolawfirm.com\/es\/\"},{\"@type\":\"ListItem\",\"position\":2,\"name\":\"Casos Penales e Infracciones De Transito\",\"item\":\"https:\/\/merinolawfirm.com\/es\/casos-penales-e-infracciones-de-transito\/\"},{\"@type\":\"ListItem\",\"position\":3,\"name\":\"Manejando Ebrio con condena previa de manejar ebrio OWI\/DUI\"}]},{\"@type\":\"WebSite\",\"@id\":\"https:\/\/merinolawfirm.com\/#website\",\"url\":\"https:\/\/merinolawfirm.com\/\",\"name\":\"Merino Law Firm, P.C.\",\"description\":\"Merino Law Firm\",\"publisher\":{\"@id\":\"https:\/\/merinolawfirm.com\/#organization\"},\"potentialAction\":[{\"@type\":\"SearchAction\",\"target\":{\"@type\":\"EntryPoint\",\"urlTemplate\":\"https:\/\/merinolawfirm.com\/?s={search_term_string}\"},\"query-input\":\"required name=search_term_string\"}],\"inLanguage\":\"es\"},{\"@type\":\"Organization\",\"@id\":\"https:\/\/merinolawfirm.com\/#organization\",\"name\":\"Immigration Cases, Criminal & Ticket Defense | Merino Law Firm, P.C.\",\"url\":\"https:\/\/merinolawfirm.com\/\",\"logo\":{\"@type\":\"ImageObject\",\"inLanguage\":\"es\",\"@id\":\"https:\/\/merinolawfirm.com\/#\/schema\/logo\/image\/\",\"url\":\"https:\/\/www.merinolawfirm.com\/wp-content\/uploads\/2020\/06\/merino-law-firm.png\",\"contentUrl\":\"https:\/\/www.merinolawfirm.com\/wp-content\/uploads\/2020\/06\/merino-law-firm.png\",\"width\":398,\"height\":185,\"caption\":\"Immigration Cases, Criminal & Ticket Defense | Merino Law Firm, P.C.\"},\"image\":{\"@id\":\"https:\/\/merinolawfirm.com\/#\/schema\/logo\/image\/\"},\"sameAs\":[\"https:\/\/www.facebook.com\/AbogadoMerino\/\"]}]}<\/script>\n<!-- \/ Yoast SEO plugin. -->","yoast_head_json":{"title":"Manejando Ebrio con condena previa de manejar ebrio OWI\/DUI - Merino Law Firm, P.C.","robots":{"index":"index","follow":"follow","max-snippet":"max-snippet:-1","max-image-preview":"max-image-preview:large","max-video-preview":"max-video-preview:-1"},"canonical":"https:\/\/merinolawfirm.com\/es\/casos-penales-e-infracciones-de-transito\/manejando-ebrio-con-condena-previa-de-manejar-ebrio-owi-dui\/","og_locale":"es_ES","og_type":"article","og_title":"Manejando Ebrio con condena previa de manejar ebrio OWI\/DUI - Merino Law Firm, P.C.","og_description":"S. 3. (a) Excepto lo dispuesto en la subsecci\u00f3n (b), una persona que viole la secci\u00f3n 1 o 2 de este cap\u00edtulo comete un delito grave de Nivel 6 si: (1) la persona tiene una condena previa de operar en estado de ebriedad que ocurri\u00f3 dentro de los siete (7) a\u00f1os inmediatamente anteriores a la... Read More","og_url":"https:\/\/merinolawfirm.com\/es\/casos-penales-e-infracciones-de-transito\/manejando-ebrio-con-condena-previa-de-manejar-ebrio-owi-dui\/","og_site_name":"Merino Law Firm, P.C.","article_publisher":"https:\/\/www.facebook.com\/AbogadoMerino\/","twitter_card":"summary_large_image","twitter_misc":{"Tiempo de lectura":"1 minuto"},"schema":{"@context":"https:\/\/schema.org","@graph":[{"@type":"WebPage","@id":"https:\/\/merinolawfirm.com\/es\/casos-penales-e-infracciones-de-transito\/manejando-ebrio-con-condena-previa-de-manejar-ebrio-owi-dui\/","url":"https:\/\/merinolawfirm.com\/es\/casos-penales-e-infracciones-de-transito\/manejando-ebrio-con-condena-previa-de-manejar-ebrio-owi-dui\/","name":"Manejando Ebrio con condena previa de manejar ebrio OWI\/DUI - Merino Law Firm, P.C.","isPartOf":{"@id":"https:\/\/merinolawfirm.com\/#website"},"datePublished":"2020-06-29T16:12:12+00:00","dateModified":"2020-06-29T16:12:12+00:00","breadcrumb":{"@id":"https:\/\/merinolawfirm.com\/es\/casos-penales-e-infracciones-de-transito\/manejando-ebrio-con-condena-previa-de-manejar-ebrio-owi-dui\/#breadcrumb"},"inLanguage":"es","potentialAction":[{"@type":"ReadAction","target":["https:\/\/merinolawfirm.com\/es\/casos-penales-e-infracciones-de-transito\/manejando-ebrio-con-condena-previa-de-manejar-ebrio-owi-dui\/"]}]},{"@type":"BreadcrumbList","@id":"https:\/\/merinolawfirm.com\/es\/casos-penales-e-infracciones-de-transito\/manejando-ebrio-con-condena-previa-de-manejar-ebrio-owi-dui\/#breadcrumb","itemListElement":[{"@type":"ListItem","position":1,"name":"Home","item":"https:\/\/merinolawfirm.com\/es\/"},{"@type":"ListItem","position":2,"name":"Casos Penales e Infracciones De Transito","item":"https:\/\/merinolawfirm.com\/es\/casos-penales-e-infracciones-de-transito\/"},{"@type":"ListItem","position":3,"name":"Manejando Ebrio con condena previa de manejar ebrio OWI\/DUI"}]},{"@type":"WebSite","@id":"https:\/\/merinolawfirm.com\/#website","url":"https:\/\/merinolawfirm.com\/","name":"Merino Law Firm, P.C.","description":"Merino Law Firm","publisher":{"@id":"https:\/\/merinolawfirm.com\/#organization"},"potentialAction":[{"@type":"SearchAction","target":{"@type":"EntryPoint","urlTemplate":"https:\/\/merinolawfirm.com\/?s={search_term_string}"},"query-input":"required name=search_term_string"}],"inLanguage":"es"},{"@type":"Organization","@id":"https:\/\/merinolawfirm.com\/#organization","name":"Immigration Cases, Criminal & Ticket Defense | Merino Law Firm, P.C.","url":"https:\/\/merinolawfirm.com\/","logo":{"@type":"ImageObject","inLanguage":"es","@id":"https:\/\/merinolawfirm.com\/#\/schema\/logo\/image\/","url":"https:\/\/www.merinolawfirm.com\/wp-content\/uploads\/2020\/06\/merino-law-firm.png","contentUrl":"https:\/\/www.merinolawfirm.com\/wp-content\/uploads\/2020\/06\/merino-law-firm.png","width":398,"height":185,"caption":"Immigration Cases, Criminal & Ticket Defense | Merino Law Firm, P.C."},"image":{"@id":"https:\/\/merinolawfirm.com\/#\/schema\/logo\/image\/"},"sameAs":["https:\/\/www.facebook.com\/AbogadoMerino\/"]}]}},"_links":{"self":[{"href":"https:\/\/merinolawfirm.com\/es\/wp-json\/wp\/v2\/pages\/258"}],"collection":[{"href":"https:\/\/merinolawfirm.com\/es\/wp-json\/wp\/v2\/pages"}],"about":[{"href":"https:\/\/merinolawfirm.com\/es\/wp-json\/wp\/v2\/types\/page"}],"author":[{"embeddable":true,"href":"https:\/\/merinolawfirm.com\/es\/wp-json\/wp\/v2\/users\/2"}],"replies":[{"embeddable":true,"href":"https:\/\/merinolawfirm.com\/es\/wp-json\/wp\/v2\/comments?post=258"}],"version-history":[{"count":0,"href":"https:\/\/merinolawfirm.com\/es\/wp-json\/wp\/v2\/pages\/258\/revisions"}],"up":[{"embeddable":true,"href":"https:\/\/merinolawfirm.com\/es\/wp-json\/wp\/v2\/pages\/232"}],"wp:attachment":[{"href":"https:\/\/merinolawfirm.com\/es\/wp-json\/wp\/v2\/media?parent=258"}],"curies":[{"name":"wp","href":"https:\/\/api.w.org\/{rel}","templated":true}]}}