{"id":260,"date":"2020-06-29T12:13:15","date_gmt":"2020-06-29T16:13:15","guid":{"rendered":"http:\/\/localhost:10073\/?page_id=260"},"modified":"2020-06-29T12:13:15","modified_gmt":"2020-06-29T16:13:15","slug":"falsificacion","status":"publish","type":"page","link":"https:\/\/merinolawfirm.com\/es\/casos-penales-e-infracciones-de-transito\/falsificacion\/","title":{"rendered":"Falsificaci\u00f3n"},"content":{"rendered":"<ul>\n<li style=\"list-style-type: none;\">\n<ul>\n<li style=\"font-weight: 400;\"><span style=\"font-weight: 400;\">Nosotros a) Si se realiza una presentaci\u00f3n que aparece en su cara estrictamente para cumplir con los t\u00e9rminos y condiciones de la carta de cr\u00e9dito, pero un documento requerido es falsificado o materialmente fraudulento, o el cumplimiento de la presentaci\u00f3n facilitar\u00eda un fraude material por parte del beneficiario en el emisor o solicitante:<\/span><\/li>\n<li style=\"font-weight: 400;\"><span style=\"font-weight: 400;\">(1) el emisor honrar\u00e1 la presentaci\u00f3n, si el honor es exigido por:<\/span><\/li>\n<li style=\"font-weight: 400;\"><span style=\"font-weight: 400;\">i) una persona designada que haya dado valor de buena fe y sin previo aviso de falsificaci\u00f3n o fraude material;<\/span><\/li>\n<li style=\"font-weight: 400;\"><span style=\"font-weight: 400;\">ii) un confirmador que haya honrado su confirmaci\u00f3n de buena fe;<\/span><\/li>\n<li style=\"font-weight: 400;\"><span style=\"font-weight: 400;\">iii) un titular a su debido tiempo de un proyecto elaborado con arreglo a la carta de cr\u00e9dito que haya sido tomado tras la aceptaci\u00f3n por el emisor o la persona designada; o<\/span><\/li>\n<li style=\"font-weight: 400;\"><span style=\"font-weight: 400;\">iv) un cesionario de la obligaci\u00f3n diferida del emisor o de la persona designada que se tom\u00f3 por valor y sin previo aviso de falsificaci\u00f3n o fraude material despu\u00e9s de que el emisor o la persona designada incurriera en la obligaci\u00f3n; y<\/span><\/li>\n<li style=\"font-weight: 400;\"><span style=\"font-weight: 400;\">(2) el emisor, actuando de buena fe, podr\u00e1 honrar o deshonrar la presentaci\u00f3n en cualquier otro caso.<\/span>\n<ul>\n<li style=\"font-weight: 400;\"><span style=\"font-weight: 400;\">b) Si un solicitante afirma que un documento requerido es falsificado o materialmente fraudulento o que el cumplimiento de la presentaci\u00f3n facilitar\u00eda un fraude material por parte del beneficiario contra el emisor o el solicitante, un tribunal de jurisdicci\u00f3n competente podr\u00e1 prohibir temporal o permanentemente al emisor que respete una presentaci\u00f3n u otorgar una compensaci\u00f3n similar contra el emisor u otras personas \u00fanicamente:<\/span><\/li>\n<\/ul>\n<\/li>\n<li style=\"font-weight: 400;\"><span style=\"font-weight: 400;\">1) la exenci\u00f3n no est\u00e1 prohibida en virtud de la ley aplicable a un proyecto aceptado o a una obligaci\u00f3n diferida incurrida por el emisor;<\/span><\/li>\n<li style=\"font-weight: 400;\"><span style=\"font-weight: 400;\">2) un beneficiario, emisor o persona designada que pueda verse afectada negativamente est\u00e9 adecuadamente protegido contra las p\u00e9rdidas que pueda sufrir debido a que se concede la compensaci\u00f3n;<\/span><\/li>\n<li style=\"font-weight: 400;\"><span style=\"font-weight: 400;\">(3) se han cumplido todas las condiciones para dar derecho a una persona a la reparaci\u00f3n bajo la ley de Indiana; y<\/span><\/li>\n<li style=\"font-weight: 400;\"><span style=\"font-weight: 400;\">(4) sobre la base de la informaci\u00f3n presentada al tribunal, es m\u00e1s probable que el solicitante tenga \u00e9xito bajo su reclamo de falsificaci\u00f3n o fraude material y la persona que exige honor no califica para la protecci\u00f3n bajo la subsecci\u00f3n (a) (1).<\/span><\/li>\n<\/ul>\n<\/li>\n<\/ul>\n","protected":false},"excerpt":{"rendered":"<p>Nosotros a) Si se realiza una presentaci\u00f3n que aparece en su cara estrictamente para cumplir con los t\u00e9rminos y condiciones de la carta de cr\u00e9dito, pero un documento requerido es falsificado o materialmente fraudulento, o el cumplimiento de la presentaci\u00f3n facilitar\u00eda un fraude material por parte del beneficiario en el emisor o solicitante: (1) el&#8230; <a class=\"more-link\" href=\"https:\/\/merinolawfirm.com\/es\/casos-penales-e-infracciones-de-transito\/falsificacion\/\">Read More<\/a><\/p>\n","protected":false},"author":2,"featured_media":0,"parent":232,"menu_order":0,"comment_status":"closed","ping_status":"closed","template":"","meta":{"_genesis_hide_title":false,"_genesis_hide_breadcrumbs":false,"_genesis_hide_singular_image":false,"_genesis_hide_footer_widgets":false,"_genesis_custom_body_class":"","_genesis_custom_post_class":"","_genesis_layout":""},"acf":[],"yoast_head":"<!-- This site is optimized with the Yoast SEO plugin v20.11 - https:\/\/yoast.com\/wordpress\/plugins\/seo\/ -->\n<title>Falsificaci\u00f3n - Merino Law Firm, P.C.<\/title>\n<meta name=\"robots\" content=\"index, follow, max-snippet:-1, max-image-preview:large, max-video-preview:-1\" \/>\n<link rel=\"canonical\" href=\"https:\/\/merinolawfirm.com\/es\/casos-penales-e-infracciones-de-transito\/falsificacion\/\" \/>\n<meta property=\"og:locale\" content=\"es_ES\" \/>\n<meta property=\"og:type\" content=\"article\" \/>\n<meta property=\"og:title\" content=\"Falsificaci\u00f3n - Merino Law Firm, P.C.\" \/>\n<meta property=\"og:description\" content=\"Nosotros a) Si se realiza una presentaci\u00f3n que aparece en su cara estrictamente para cumplir con los t\u00e9rminos y condiciones de la carta de cr\u00e9dito, pero un documento requerido es falsificado o materialmente fraudulento, o el cumplimiento de la presentaci\u00f3n facilitar\u00eda un fraude material por parte del beneficiario en el emisor o solicitante: (1) el... Read More\" \/>\n<meta property=\"og:url\" content=\"https:\/\/merinolawfirm.com\/es\/casos-penales-e-infracciones-de-transito\/falsificacion\/\" \/>\n<meta property=\"og:site_name\" content=\"Merino Law Firm, P.C.\" \/>\n<meta property=\"article:publisher\" content=\"https:\/\/www.facebook.com\/AbogadoMerino\/\" \/>\n<meta name=\"twitter:card\" content=\"summary_large_image\" \/>\n<meta name=\"twitter:label1\" content=\"Tiempo de lectura\" \/>\n\t<meta name=\"twitter:data1\" content=\"2 minutos\" \/>\n<script type=\"application\/ld+json\" class=\"yoast-schema-graph\">{\"@context\":\"https:\/\/schema.org\",\"@graph\":[{\"@type\":\"WebPage\",\"@id\":\"https:\/\/merinolawfirm.com\/es\/casos-penales-e-infracciones-de-transito\/falsificacion\/\",\"url\":\"https:\/\/merinolawfirm.com\/es\/casos-penales-e-infracciones-de-transito\/falsificacion\/\",\"name\":\"Falsificaci\u00f3n - Merino Law Firm, P.C.\",\"isPartOf\":{\"@id\":\"https:\/\/merinolawfirm.com\/#website\"},\"datePublished\":\"2020-06-29T16:13:15+00:00\",\"dateModified\":\"2020-06-29T16:13:15+00:00\",\"breadcrumb\":{\"@id\":\"https:\/\/merinolawfirm.com\/es\/casos-penales-e-infracciones-de-transito\/falsificacion\/#breadcrumb\"},\"inLanguage\":\"es\",\"potentialAction\":[{\"@type\":\"ReadAction\",\"target\":[\"https:\/\/merinolawfirm.com\/es\/casos-penales-e-infracciones-de-transito\/falsificacion\/\"]}]},{\"@type\":\"BreadcrumbList\",\"@id\":\"https:\/\/merinolawfirm.com\/es\/casos-penales-e-infracciones-de-transito\/falsificacion\/#breadcrumb\",\"itemListElement\":[{\"@type\":\"ListItem\",\"position\":1,\"name\":\"Home\",\"item\":\"https:\/\/merinolawfirm.com\/es\/\"},{\"@type\":\"ListItem\",\"position\":2,\"name\":\"Casos Penales e Infracciones De Transito\",\"item\":\"https:\/\/merinolawfirm.com\/es\/casos-penales-e-infracciones-de-transito\/\"},{\"@type\":\"ListItem\",\"position\":3,\"name\":\"Falsificaci\u00f3n\"}]},{\"@type\":\"WebSite\",\"@id\":\"https:\/\/merinolawfirm.com\/#website\",\"url\":\"https:\/\/merinolawfirm.com\/\",\"name\":\"Merino Law Firm, P.C.\",\"description\":\"Merino Law Firm\",\"publisher\":{\"@id\":\"https:\/\/merinolawfirm.com\/#organization\"},\"potentialAction\":[{\"@type\":\"SearchAction\",\"target\":{\"@type\":\"EntryPoint\",\"urlTemplate\":\"https:\/\/merinolawfirm.com\/?s={search_term_string}\"},\"query-input\":\"required name=search_term_string\"}],\"inLanguage\":\"es\"},{\"@type\":\"Organization\",\"@id\":\"https:\/\/merinolawfirm.com\/#organization\",\"name\":\"Immigration Cases, Criminal & Ticket Defense | Merino Law Firm, P.C.\",\"url\":\"https:\/\/merinolawfirm.com\/\",\"logo\":{\"@type\":\"ImageObject\",\"inLanguage\":\"es\",\"@id\":\"https:\/\/merinolawfirm.com\/#\/schema\/logo\/image\/\",\"url\":\"https:\/\/www.merinolawfirm.com\/wp-content\/uploads\/2020\/06\/merino-law-firm.png\",\"contentUrl\":\"https:\/\/www.merinolawfirm.com\/wp-content\/uploads\/2020\/06\/merino-law-firm.png\",\"width\":398,\"height\":185,\"caption\":\"Immigration Cases, Criminal & Ticket Defense | Merino Law Firm, P.C.\"},\"image\":{\"@id\":\"https:\/\/merinolawfirm.com\/#\/schema\/logo\/image\/\"},\"sameAs\":[\"https:\/\/www.facebook.com\/AbogadoMerino\/\"]}]}<\/script>\n<!-- \/ Yoast SEO plugin. -->","yoast_head_json":{"title":"Falsificaci\u00f3n - Merino Law Firm, P.C.","robots":{"index":"index","follow":"follow","max-snippet":"max-snippet:-1","max-image-preview":"max-image-preview:large","max-video-preview":"max-video-preview:-1"},"canonical":"https:\/\/merinolawfirm.com\/es\/casos-penales-e-infracciones-de-transito\/falsificacion\/","og_locale":"es_ES","og_type":"article","og_title":"Falsificaci\u00f3n - Merino Law Firm, P.C.","og_description":"Nosotros a) Si se realiza una presentaci\u00f3n que aparece en su cara estrictamente para cumplir con los t\u00e9rminos y condiciones de la carta de cr\u00e9dito, pero un documento requerido es falsificado o materialmente fraudulento, o el cumplimiento de la presentaci\u00f3n facilitar\u00eda un fraude material por parte del beneficiario en el emisor o solicitante: (1) el... Read More","og_url":"https:\/\/merinolawfirm.com\/es\/casos-penales-e-infracciones-de-transito\/falsificacion\/","og_site_name":"Merino Law Firm, P.C.","article_publisher":"https:\/\/www.facebook.com\/AbogadoMerino\/","twitter_card":"summary_large_image","twitter_misc":{"Tiempo de lectura":"2 minutos"},"schema":{"@context":"https:\/\/schema.org","@graph":[{"@type":"WebPage","@id":"https:\/\/merinolawfirm.com\/es\/casos-penales-e-infracciones-de-transito\/falsificacion\/","url":"https:\/\/merinolawfirm.com\/es\/casos-penales-e-infracciones-de-transito\/falsificacion\/","name":"Falsificaci\u00f3n - Merino Law Firm, P.C.","isPartOf":{"@id":"https:\/\/merinolawfirm.com\/#website"},"datePublished":"2020-06-29T16:13:15+00:00","dateModified":"2020-06-29T16:13:15+00:00","breadcrumb":{"@id":"https:\/\/merinolawfirm.com\/es\/casos-penales-e-infracciones-de-transito\/falsificacion\/#breadcrumb"},"inLanguage":"es","potentialAction":[{"@type":"ReadAction","target":["https:\/\/merinolawfirm.com\/es\/casos-penales-e-infracciones-de-transito\/falsificacion\/"]}]},{"@type":"BreadcrumbList","@id":"https:\/\/merinolawfirm.com\/es\/casos-penales-e-infracciones-de-transito\/falsificacion\/#breadcrumb","itemListElement":[{"@type":"ListItem","position":1,"name":"Home","item":"https:\/\/merinolawfirm.com\/es\/"},{"@type":"ListItem","position":2,"name":"Casos Penales e Infracciones De Transito","item":"https:\/\/merinolawfirm.com\/es\/casos-penales-e-infracciones-de-transito\/"},{"@type":"ListItem","position":3,"name":"Falsificaci\u00f3n"}]},{"@type":"WebSite","@id":"https:\/\/merinolawfirm.com\/#website","url":"https:\/\/merinolawfirm.com\/","name":"Merino Law Firm, P.C.","description":"Merino Law Firm","publisher":{"@id":"https:\/\/merinolawfirm.com\/#organization"},"potentialAction":[{"@type":"SearchAction","target":{"@type":"EntryPoint","urlTemplate":"https:\/\/merinolawfirm.com\/?s={search_term_string}"},"query-input":"required name=search_term_string"}],"inLanguage":"es"},{"@type":"Organization","@id":"https:\/\/merinolawfirm.com\/#organization","name":"Immigration Cases, Criminal & Ticket Defense | Merino Law Firm, P.C.","url":"https:\/\/merinolawfirm.com\/","logo":{"@type":"ImageObject","inLanguage":"es","@id":"https:\/\/merinolawfirm.com\/#\/schema\/logo\/image\/","url":"https:\/\/www.merinolawfirm.com\/wp-content\/uploads\/2020\/06\/merino-law-firm.png","contentUrl":"https:\/\/www.merinolawfirm.com\/wp-content\/uploads\/2020\/06\/merino-law-firm.png","width":398,"height":185,"caption":"Immigration Cases, Criminal & Ticket Defense | Merino Law Firm, P.C."},"image":{"@id":"https:\/\/merinolawfirm.com\/#\/schema\/logo\/image\/"},"sameAs":["https:\/\/www.facebook.com\/AbogadoMerino\/"]}]}},"_links":{"self":[{"href":"https:\/\/merinolawfirm.com\/es\/wp-json\/wp\/v2\/pages\/260"}],"collection":[{"href":"https:\/\/merinolawfirm.com\/es\/wp-json\/wp\/v2\/pages"}],"about":[{"href":"https:\/\/merinolawfirm.com\/es\/wp-json\/wp\/v2\/types\/page"}],"author":[{"embeddable":true,"href":"https:\/\/merinolawfirm.com\/es\/wp-json\/wp\/v2\/users\/2"}],"replies":[{"embeddable":true,"href":"https:\/\/merinolawfirm.com\/es\/wp-json\/wp\/v2\/comments?post=260"}],"version-history":[{"count":0,"href":"https:\/\/merinolawfirm.com\/es\/wp-json\/wp\/v2\/pages\/260\/revisions"}],"up":[{"embeddable":true,"href":"https:\/\/merinolawfirm.com\/es\/wp-json\/wp\/v2\/pages\/232"}],"wp:attachment":[{"href":"https:\/\/merinolawfirm.com\/es\/wp-json\/wp\/v2\/media?parent=260"}],"curies":[{"name":"wp","href":"https:\/\/api.w.org\/{rel}","templated":true}]}}