{"id":262,"date":"2020-06-29T12:16:32","date_gmt":"2020-06-29T16:16:32","guid":{"rendered":"http:\/\/localhost:10073\/?page_id=262"},"modified":"2020-06-29T12:16:32","modified_gmt":"2020-06-29T16:16:32","slug":"robo-de-identidad","status":"publish","type":"page","link":"https:\/\/merinolawfirm.com\/es\/casos-penales-e-infracciones-de-transito\/robo-de-identidad\/","title":{"rendered":"Robo de identidad"},"content":{"rendered":"<ul>\n<li style=\"font-weight: 400;\"><span style=\"font-weight: 400;\">3.5. (a) Salvo lo dispuesto en la subsecci\u00f3n (c), una persona que consciente o intencionalmente obtenga, posea, transfiera o utilice la informaci\u00f3n de identificaci\u00f3n de otra persona, incluida la informaci\u00f3n de identificaci\u00f3n de una persona fallecida:<\/span><\/li>\n<li style=\"font-weight: 400;\"><span style=\"font-weight: 400;\">(1) sin el consentimiento de la otra persona; y<\/span><\/li>\n<li style=\"font-weight: 400;\"><span style=\"font-weight: 400;\">(2) con la intenci\u00f3n de:<\/span><\/li>\n<li style=\"font-weight: 400;\"><span style=\"font-weight: 400;\">(A) da\u00f1ar o defraudar a otra persona;<\/span><\/li>\n<li style=\"font-weight: 400;\"><span style=\"font-weight: 400;\">(B) asumir la identidad de otra persona; o<\/span><\/li>\n<li style=\"font-weight: 400;\"><span style=\"font-weight: 400;\">(C) profesar ser otra persona;<\/span><\/li>\n<li style=\"font-weight: 400;\"><span style=\"font-weight: 400;\">comete enga?o de identidad, un delito grave de nivel 6.<\/span>\n<ul>\n<li style=\"list-style-type: none;\">\n<ul>\n<li style=\"font-weight: 400;\"><span style=\"font-weight: 400;\">(b) Sin embargo, la ofensa definida en la subsecci\u00f3n (a) es un delito grave de Nivel 5 si:<\/span><\/li>\n<\/ul>\n<\/li>\n<\/ul>\n<\/li>\n<li style=\"font-weight: 400;\"><span style=\"font-weight: 400;\">(1) una persona obtiene, posee, transfiere o utiliza la informaci\u00f3n de identificaci\u00f3n de m\u00e1s de cien (100) personas;<\/span><\/li>\n<li style=\"font-weight: 400;\"><span style=\"font-weight: 400;\">(2) el valor justo de mercado del fraude o da\u00f1o causado por el delito es de al menos cincuenta mil d\u00f3lares ($50,000); o<\/span><\/li>\n<li style=\"font-weight: 400;\"><span style=\"font-weight: 400;\">(3) una persona obtiene, posee, transfiere o utiliza la informaci\u00f3n de identificaci\u00f3n de una persona que es menor de dieciocho (18) a\u00f1os de edad y es:<\/span><\/li>\n<li style=\"font-weight: 400;\"><span style=\"font-weight: 400;\">(A) el hijo o la hija de la persona;<\/span><\/li>\n<li style=\"font-weight: 400;\"><span style=\"font-weight: 400;\">(B) dependiente de la persona;<\/span><\/li>\n<li style=\"font-weight: 400;\"><span style=\"font-weight: 400;\">(C) un guardi\u00e1n de la persona; o<\/span><\/li>\n<li style=\"font-weight: 400;\"><span style=\"font-weight: 400;\">(D) un individuo para quien la persona es un tutor.<\/span>\n<ul>\n<li style=\"list-style-type: none;\">\n<ul>\n<li style=\"font-weight: 400;\"><span style=\"font-weight: 400;\">(c) La conducta prohibida en las subsecciones (a) y (b) no se aplica a:<\/span><\/li>\n<\/ul>\n<\/li>\n<\/ul>\n<\/li>\n<li style=\"font-weight: 400;\"><span style=\"font-weight: 400;\">(1) una persona menor de veinti\u00fan (21) a\u00f1os de edad que utilice la informaci\u00f3n de identificaci\u00f3n de otra persona para adquirir una bebida alcoh\u00f3lica (tal como se define en IC 7.1-1-3-5);<\/span><\/li>\n<li style=\"font-weight: 400;\"><span style=\"font-weight: 400;\">(2) un menor (tal como se define en IC 35-49-1-4) que utilice la informaci\u00f3n de identificaci\u00f3n de otra persona para adquirir:<\/span><\/li>\n<li style=\"font-weight: 400;\"><span style=\"font-weight: 400;\">A) un cigarrillo, un cigarrillo electr\u00f3nico (tal como se define en IC 35-46-1-1.5), o un producto de tabaco (tal como se define en IC 6-7-2-5);<\/span><\/li>\n<li style=\"font-weight: 400;\"><span style=\"font-weight: 400;\">(B) un peri\u00f3dico, una cinta de video u otro medio de comunicaci\u00f3n que contenga o represente desnudos (como se define en IC 35-49-1-5);<\/span><\/li>\n<li style=\"font-weight: 400;\"><span style=\"font-weight: 400;\">(C) admisi\u00f3n a una actuaci\u00f3n (en vivo o pel\u00edcula) que proh\u00edbe la asistencia del menor en funci\u00f3n de la edad; o<\/span><\/li>\n<li style=\"font-weight: 400;\"><span style=\"font-weight: 400;\">(D) un art\u00edculo que est\u00e1 prohibido por la ley para su uso o consumo por un menor; o<\/span><\/li>\n<li style=\"font-weight: 400;\"><span style=\"font-weight: 400;\">(3) cualquier persona que utilice la informaci\u00f3n de identificaci\u00f3n para un prop\u00f3sito legal.<\/span>\n<ul>\n<li style=\"list-style-type: none;\">\n<ul>\n<li style=\"font-weight: 400;\"><span style=\"font-weight: 400;\">(d) No es una defensa en un procesamiento bajo la subsecci\u00f3n (a) o (b) que ninguna persona fue perjudicada o defraudada.<\/span><\/li>\n<\/ul>\n<\/li>\n<\/ul>\n<\/li>\n<\/ul>\n","protected":false},"excerpt":{"rendered":"<p>3.5. (a) Salvo lo dispuesto en la subsecci\u00f3n (c), una persona que consciente o intencionalmente obtenga, posea, transfiera o utilice la informaci\u00f3n de identificaci\u00f3n de otra persona, incluida la informaci\u00f3n de identificaci\u00f3n de una persona fallecida: (1) sin el consentimiento de la otra persona; y (2) con la intenci\u00f3n de: (A) da\u00f1ar o defraudar a&#8230; <a class=\"more-link\" href=\"https:\/\/merinolawfirm.com\/es\/casos-penales-e-infracciones-de-transito\/robo-de-identidad\/\">Read More<\/a><\/p>\n","protected":false},"author":2,"featured_media":0,"parent":232,"menu_order":0,"comment_status":"closed","ping_status":"closed","template":"","meta":{"_genesis_hide_title":false,"_genesis_hide_breadcrumbs":false,"_genesis_hide_singular_image":false,"_genesis_hide_footer_widgets":false,"_genesis_custom_body_class":"","_genesis_custom_post_class":"","_genesis_layout":""},"acf":[],"yoast_head":"<!-- This site is optimized with the Yoast SEO plugin v20.11 - https:\/\/yoast.com\/wordpress\/plugins\/seo\/ -->\n<title>Robo de identidad - Merino Law Firm, P.C.<\/title>\n<meta name=\"robots\" content=\"index, follow, max-snippet:-1, max-image-preview:large, max-video-preview:-1\" \/>\n<link rel=\"canonical\" href=\"https:\/\/merinolawfirm.com\/es\/casos-penales-e-infracciones-de-transito\/robo-de-identidad\/\" \/>\n<meta property=\"og:locale\" content=\"es_ES\" \/>\n<meta property=\"og:type\" content=\"article\" \/>\n<meta property=\"og:title\" content=\"Robo de identidad - Merino Law Firm, P.C.\" \/>\n<meta property=\"og:description\" content=\"3.5. (a) Salvo lo dispuesto en la subsecci\u00f3n (c), una persona que consciente o intencionalmente obtenga, posea, transfiera o utilice la informaci\u00f3n de identificaci\u00f3n de otra persona, incluida la informaci\u00f3n de identificaci\u00f3n de una persona fallecida: (1) sin el consentimiento de la otra persona; y (2) con la intenci\u00f3n de: (A) da\u00f1ar o defraudar a... Read More\" \/>\n<meta property=\"og:url\" content=\"https:\/\/merinolawfirm.com\/es\/casos-penales-e-infracciones-de-transito\/robo-de-identidad\/\" \/>\n<meta property=\"og:site_name\" content=\"Merino Law Firm, P.C.\" \/>\n<meta property=\"article:publisher\" content=\"https:\/\/www.facebook.com\/AbogadoMerino\/\" \/>\n<meta name=\"twitter:card\" content=\"summary_large_image\" \/>\n<meta name=\"twitter:label1\" content=\"Tiempo de lectura\" \/>\n\t<meta name=\"twitter:data1\" content=\"2 minutos\" \/>\n<script type=\"application\/ld+json\" class=\"yoast-schema-graph\">{\"@context\":\"https:\/\/schema.org\",\"@graph\":[{\"@type\":\"WebPage\",\"@id\":\"https:\/\/merinolawfirm.com\/es\/casos-penales-e-infracciones-de-transito\/robo-de-identidad\/\",\"url\":\"https:\/\/merinolawfirm.com\/es\/casos-penales-e-infracciones-de-transito\/robo-de-identidad\/\",\"name\":\"Robo de identidad - Merino Law Firm, P.C.\",\"isPartOf\":{\"@id\":\"https:\/\/merinolawfirm.com\/#website\"},\"datePublished\":\"2020-06-29T16:16:32+00:00\",\"dateModified\":\"2020-06-29T16:16:32+00:00\",\"breadcrumb\":{\"@id\":\"https:\/\/merinolawfirm.com\/es\/casos-penales-e-infracciones-de-transito\/robo-de-identidad\/#breadcrumb\"},\"inLanguage\":\"es\",\"potentialAction\":[{\"@type\":\"ReadAction\",\"target\":[\"https:\/\/merinolawfirm.com\/es\/casos-penales-e-infracciones-de-transito\/robo-de-identidad\/\"]}]},{\"@type\":\"BreadcrumbList\",\"@id\":\"https:\/\/merinolawfirm.com\/es\/casos-penales-e-infracciones-de-transito\/robo-de-identidad\/#breadcrumb\",\"itemListElement\":[{\"@type\":\"ListItem\",\"position\":1,\"name\":\"Home\",\"item\":\"https:\/\/merinolawfirm.com\/es\/\"},{\"@type\":\"ListItem\",\"position\":2,\"name\":\"Casos Penales e Infracciones De Transito\",\"item\":\"https:\/\/merinolawfirm.com\/es\/casos-penales-e-infracciones-de-transito\/\"},{\"@type\":\"ListItem\",\"position\":3,\"name\":\"Robo de identidad\"}]},{\"@type\":\"WebSite\",\"@id\":\"https:\/\/merinolawfirm.com\/#website\",\"url\":\"https:\/\/merinolawfirm.com\/\",\"name\":\"Merino Law Firm, P.C.\",\"description\":\"Merino Law Firm\",\"publisher\":{\"@id\":\"https:\/\/merinolawfirm.com\/#organization\"},\"potentialAction\":[{\"@type\":\"SearchAction\",\"target\":{\"@type\":\"EntryPoint\",\"urlTemplate\":\"https:\/\/merinolawfirm.com\/?s={search_term_string}\"},\"query-input\":\"required name=search_term_string\"}],\"inLanguage\":\"es\"},{\"@type\":\"Organization\",\"@id\":\"https:\/\/merinolawfirm.com\/#organization\",\"name\":\"Immigration Cases, Criminal & Ticket Defense | Merino Law Firm, P.C.\",\"url\":\"https:\/\/merinolawfirm.com\/\",\"logo\":{\"@type\":\"ImageObject\",\"inLanguage\":\"es\",\"@id\":\"https:\/\/merinolawfirm.com\/#\/schema\/logo\/image\/\",\"url\":\"https:\/\/www.merinolawfirm.com\/wp-content\/uploads\/2020\/06\/merino-law-firm.png\",\"contentUrl\":\"https:\/\/www.merinolawfirm.com\/wp-content\/uploads\/2020\/06\/merino-law-firm.png\",\"width\":398,\"height\":185,\"caption\":\"Immigration Cases, Criminal & Ticket Defense | Merino Law Firm, P.C.\"},\"image\":{\"@id\":\"https:\/\/merinolawfirm.com\/#\/schema\/logo\/image\/\"},\"sameAs\":[\"https:\/\/www.facebook.com\/AbogadoMerino\/\"]}]}<\/script>\n<!-- \/ Yoast SEO plugin. -->","yoast_head_json":{"title":"Robo de identidad - Merino Law Firm, P.C.","robots":{"index":"index","follow":"follow","max-snippet":"max-snippet:-1","max-image-preview":"max-image-preview:large","max-video-preview":"max-video-preview:-1"},"canonical":"https:\/\/merinolawfirm.com\/es\/casos-penales-e-infracciones-de-transito\/robo-de-identidad\/","og_locale":"es_ES","og_type":"article","og_title":"Robo de identidad - Merino Law Firm, P.C.","og_description":"3.5. (a) Salvo lo dispuesto en la subsecci\u00f3n (c), una persona que consciente o intencionalmente obtenga, posea, transfiera o utilice la informaci\u00f3n de identificaci\u00f3n de otra persona, incluida la informaci\u00f3n de identificaci\u00f3n de una persona fallecida: (1) sin el consentimiento de la otra persona; y (2) con la intenci\u00f3n de: (A) da\u00f1ar o defraudar a... Read More","og_url":"https:\/\/merinolawfirm.com\/es\/casos-penales-e-infracciones-de-transito\/robo-de-identidad\/","og_site_name":"Merino Law Firm, P.C.","article_publisher":"https:\/\/www.facebook.com\/AbogadoMerino\/","twitter_card":"summary_large_image","twitter_misc":{"Tiempo de lectura":"2 minutos"},"schema":{"@context":"https:\/\/schema.org","@graph":[{"@type":"WebPage","@id":"https:\/\/merinolawfirm.com\/es\/casos-penales-e-infracciones-de-transito\/robo-de-identidad\/","url":"https:\/\/merinolawfirm.com\/es\/casos-penales-e-infracciones-de-transito\/robo-de-identidad\/","name":"Robo de identidad - Merino Law Firm, P.C.","isPartOf":{"@id":"https:\/\/merinolawfirm.com\/#website"},"datePublished":"2020-06-29T16:16:32+00:00","dateModified":"2020-06-29T16:16:32+00:00","breadcrumb":{"@id":"https:\/\/merinolawfirm.com\/es\/casos-penales-e-infracciones-de-transito\/robo-de-identidad\/#breadcrumb"},"inLanguage":"es","potentialAction":[{"@type":"ReadAction","target":["https:\/\/merinolawfirm.com\/es\/casos-penales-e-infracciones-de-transito\/robo-de-identidad\/"]}]},{"@type":"BreadcrumbList","@id":"https:\/\/merinolawfirm.com\/es\/casos-penales-e-infracciones-de-transito\/robo-de-identidad\/#breadcrumb","itemListElement":[{"@type":"ListItem","position":1,"name":"Home","item":"https:\/\/merinolawfirm.com\/es\/"},{"@type":"ListItem","position":2,"name":"Casos Penales e Infracciones De Transito","item":"https:\/\/merinolawfirm.com\/es\/casos-penales-e-infracciones-de-transito\/"},{"@type":"ListItem","position":3,"name":"Robo de identidad"}]},{"@type":"WebSite","@id":"https:\/\/merinolawfirm.com\/#website","url":"https:\/\/merinolawfirm.com\/","name":"Merino Law Firm, P.C.","description":"Merino Law Firm","publisher":{"@id":"https:\/\/merinolawfirm.com\/#organization"},"potentialAction":[{"@type":"SearchAction","target":{"@type":"EntryPoint","urlTemplate":"https:\/\/merinolawfirm.com\/?s={search_term_string}"},"query-input":"required name=search_term_string"}],"inLanguage":"es"},{"@type":"Organization","@id":"https:\/\/merinolawfirm.com\/#organization","name":"Immigration Cases, Criminal & Ticket Defense | Merino Law Firm, P.C.","url":"https:\/\/merinolawfirm.com\/","logo":{"@type":"ImageObject","inLanguage":"es","@id":"https:\/\/merinolawfirm.com\/#\/schema\/logo\/image\/","url":"https:\/\/www.merinolawfirm.com\/wp-content\/uploads\/2020\/06\/merino-law-firm.png","contentUrl":"https:\/\/www.merinolawfirm.com\/wp-content\/uploads\/2020\/06\/merino-law-firm.png","width":398,"height":185,"caption":"Immigration Cases, Criminal & Ticket Defense | Merino Law Firm, P.C."},"image":{"@id":"https:\/\/merinolawfirm.com\/#\/schema\/logo\/image\/"},"sameAs":["https:\/\/www.facebook.com\/AbogadoMerino\/"]}]}},"_links":{"self":[{"href":"https:\/\/merinolawfirm.com\/es\/wp-json\/wp\/v2\/pages\/262"}],"collection":[{"href":"https:\/\/merinolawfirm.com\/es\/wp-json\/wp\/v2\/pages"}],"about":[{"href":"https:\/\/merinolawfirm.com\/es\/wp-json\/wp\/v2\/types\/page"}],"author":[{"embeddable":true,"href":"https:\/\/merinolawfirm.com\/es\/wp-json\/wp\/v2\/users\/2"}],"replies":[{"embeddable":true,"href":"https:\/\/merinolawfirm.com\/es\/wp-json\/wp\/v2\/comments?post=262"}],"version-history":[{"count":0,"href":"https:\/\/merinolawfirm.com\/es\/wp-json\/wp\/v2\/pages\/262\/revisions"}],"up":[{"embeddable":true,"href":"https:\/\/merinolawfirm.com\/es\/wp-json\/wp\/v2\/pages\/232"}],"wp:attachment":[{"href":"https:\/\/merinolawfirm.com\/es\/wp-json\/wp\/v2\/media?parent=262"}],"curies":[{"name":"wp","href":"https:\/\/api.w.org\/{rel}","templated":true}]}}