{"id":264,"date":"2020-06-29T12:18:35","date_gmt":"2020-06-29T16:18:35","guid":{"rendered":"http:\/\/localhost:10073\/?page_id=264"},"modified":"2020-06-29T12:18:35","modified_gmt":"2020-06-29T16:18:35","slug":"agresion-corporal-domestica-en-presencia-de-un-nino","status":"publish","type":"page","link":"https:\/\/merinolawfirm.com\/es\/casos-penales-e-infracciones-de-transito\/agresion-corporal-domestica-en-presencia-de-un-nino\/","title":{"rendered":"Agresi\u00f3n Corporal Dom\u00e9stica en Presencia de un Ni\u00f1o"},"content":{"rendered":"<ul>\n<li style=\"list-style-type: none;\">\n<ul>\n<li style=\"font-weight: 400;\"><span style=\"font-weight: 400;\">CE. 1.3. a) Salvo lo dispuesto en las subsecciones (b) a (f), una persona que consciente o intencionalmente:<\/span><\/li>\n<li style=\"font-weight: 400;\"><span style=\"font-weight: 400;\">(1) toca a un familiar o miembro del hogar de una manera grosera, insolente o enojada; o<\/span><\/li>\n<li style=\"font-weight: 400;\"><span style=\"font-weight: 400;\">(2) de una manera grosera, insolente o enojada coloca cualquier l\u00edquido corporal o desechos en un miembro de la familia o del hogar;<\/span><\/li>\n<li style=\"font-weight: 400;\"><span style=\"font-weight: 400;\">comete una bater\u00eda dom\u00e9stica, un delito menor de Clase A.<\/span>\n<ul>\n<li style=\"font-weight: 400;\"><span style=\"font-weight: 400;\">(b) La ofensa bajo la subsecci\u00f3n (a)(1) o (a)(2) es un delito grave de Nivel 6 si se aplica uno (1) o m\u00e1s de los siguientes:<\/span><\/li>\n<\/ul>\n<\/li>\n<li style=\"font-weight: 400;\"><span style=\"font-weight: 400;\">(1) La persona que cometi\u00f3 el delito tiene una condena previa, no relacionada:<\/span><\/li>\n<li style=\"font-weight: 400;\"><span style=\"font-weight: 400;\">(A) por un delito de bater\u00eda incluido en este cap\u00edtulo;<\/span><\/li>\n<li style=\"font-weight: 400;\"><span style=\"font-weight: 400;\">(B) por un delito de estrangulaci\u00f3n bajo IC 35-42-2-9; o<\/span><\/li>\n<li style=\"font-weight: 400;\"><span style=\"font-weight: 400;\">(C) en cualquier otra jurisdicci\u00f3n, incluido un tribunal militar, en la que los elementos del delito por el que se dict\u00f3 la condena sean sustancialmente similares a los elementos de:<\/span><\/li>\n<li style=\"font-weight: 400;\"><span style=\"font-weight: 400;\">(i) un delito de bater\u00eda incluido en este cap\u00edtulo; o<\/span><\/li>\n<li style=\"font-weight: 400;\"><span style=\"font-weight: 400;\">(ii) un delito de estrangulaci\u00f3n bajo IC 35-42-2-9.<\/span><\/li>\n<li style=\"font-weight: 400;\"><span style=\"font-weight: 400;\">(2) La persona que cometi\u00f3 la ofensa tiene al menos dieciocho (18) a\u00f1os de edad y cometi\u00f3 la ofensa contra un familiar o miembro del hogar en presencia f\u00edsica de un ni\u00f1o menor de diecis\u00e9is (16) a\u00f1os de edad, sabiendo que el ni\u00f1o estaba presente y podr\u00eda ser capaz de ver o escuchar la ofensa.<\/span><\/li>\n<li style=\"font-weight: 400;\"><span style=\"font-weight: 400;\">(3) La ofensa resulta en lesiones corporales moderadas a un familiar o miembro del hogar.<\/span><\/li>\n<li style=\"font-weight: 400;\"><span style=\"font-weight: 400;\">(4) El delito se comete contra un miembro de la familia o del hogar que tiene menos de catorce (14) a\u00f1os de edad y es cometido por una persona de al menos dieciocho (18) a\u00f1os de edad.<\/span><\/li>\n<li style=\"font-weight: 400;\"><span style=\"font-weight: 400;\">(5) El delito se comete contra un familiar o miembro del hogar de cualquier edad que tenga una discapacidad mental o f\u00edsica y es cometido por una persona que tenga el cuidado de la familia o miembro del hogar con la discapacidad mental o f\u00edsica, ya sea que el cuidado sea asumido voluntariamente o debido a una obligaci\u00f3n legal.<\/span><\/li>\n<li style=\"font-weight: 400;\"><span style=\"font-weight: 400;\">(6) La ofensa se comete contra un familiar o miembro del hogar que es un adulto en peligro de extinci\u00f3n (como se define en IC 12-10-3-2).<\/span>\n<ul>\n<li style=\"font-weight: 400;\"><span style=\"font-weight: 400;\">(c) La ofensa descrita en la subsecci\u00f3n (a)(1) o (a)(2) es un delito grave de Nivel 5 si se aplica uno (1) o m\u00e1s de los siguientes:<\/span><\/li>\n<\/ul>\n<\/li>\n<li style=\"font-weight: 400;\"><span style=\"font-weight: 400;\">(1) La ofensa resulta en lesiones corporales graves a un familiar o miembro del hogar.<\/span><\/li>\n<li style=\"font-weight: 400;\"><span style=\"font-weight: 400;\">(2) La ofensa se comete con un arma mortal contra un familiar o miembro del hogar.<\/span><\/li>\n<li style=\"font-weight: 400;\"><span style=\"font-weight: 400;\">(3) La ofensa resulta en lesiones corporales a una familia embarazada o miembro del hogar si la persona sab\u00eda del embarazo.<\/span><\/li>\n<li style=\"font-weight: 400;\"><span style=\"font-weight: 400;\">(4) La persona tiene una condena previa por un delito de bater\u00eda:<\/span><\/li>\n<li style=\"font-weight: 400;\"><span style=\"font-weight: 400;\">(A) incluidos en este cap\u00edtulo contra la misma familia o miembro del hogar; o<\/span><\/li>\n<li style=\"font-weight: 400;\"><span style=\"font-weight: 400;\">(B) contra la misma familia o miembro del hogar en cualquier otra jurisdicci\u00f3n, incluido un tribunal militar, en el que los elementos del delito por el cual se ingres\u00f3 la condena sean sustancialmente similares a los elementos de un delito de agresi\u00f3n incluidos en este cap\u00edtulo.<\/span><\/li>\n<li style=\"font-weight: 400;\"><span style=\"font-weight: 400;\">(5) La ofensa resulta en lesiones corporales a uno (1) o m\u00e1s de los siguientes:<\/span><\/li>\n<li style=\"font-weight: 400;\"><span style=\"font-weight: 400;\">(A) Un miembro de la familia o del hogar que tenga menos de catorce (14) a\u00f1os de edad si el delito es cometido por una persona de al menos dieciocho (18) a\u00f1os de edad.<\/span><\/li>\n<li style=\"font-weight: 400;\"><span style=\"font-weight: 400;\">(B) Un miembro de la familia o del hogar que tiene una discapacidad mental o f\u00edsica si el delito es cometido por un individuo que tiene cuidado de la familia o miembro del hogar con la discapacidad, independientemente de si el cuidado se asume voluntariamente o debido a una obligaci\u00f3n legal.<\/span><\/li>\n<li style=\"font-weight: 400;\"><span style=\"font-weight: 400;\">(C) Un miembro de la familia o del hogar que es un adulto en peligro de extinci\u00f3n (como se define en IC 12-10-3-2).<\/span>\n<ul>\n<li style=\"font-weight: 400;\"><span style=\"font-weight: 400;\">(d) La ofensa descrita en la subsecci\u00f3n (a)(1) o (a)(2) es un delito grave de Nivel 4 si resulta en lesiones corporales graves a un familiar o miembro del hogar que es un adulto en peligro de extinci\u00f3n (como se define en IC 12-10-3-2).<\/span><\/li>\n<li style=\"font-weight: 400;\"><span style=\"font-weight: 400;\">(e) La ofensa descrita en la subsecci\u00f3n (a)(1) o (a)(2) es un delito grave de Nivel 3 si resulta en lesiones corporales graves a un familiar o miembro del hogar que tenga menos de catorce (14) a\u00f1os de edad si la ofensa es cometida por una persona de al menos dieciocho (18) a\u00f1os de edad.<\/span><\/li>\n<li style=\"font-weight: 400;\"><span style=\"font-weight: 400;\">(f) El delito descrito en la subsecci\u00f3n (a)(1) o (a)(2) es un delito grave de Nivel 2 si resulta en la muerte de uno (1) o m\u00e1s de los siguientes:<\/span><\/li>\n<\/ul>\n<\/li>\n<li style=\"font-weight: 400;\"><span style=\"font-weight: 400;\">(1) Un miembro de la familia o del hogar que tenga menos de catorce (14) a\u00f1os de edad si el delito es cometido por una persona de al menos dieciocho (18) a\u00f1os de edad.<\/span><\/li>\n<li style=\"font-weight: 400;\"><span style=\"font-weight: 400;\">(2) Un miembro de la familia o del hogar que es un adulto en peligro de extinci\u00f3n (como se define en IC 12-10-3-2).<\/span><\/li>\n<\/ul>\n<\/li>\n<\/ul>\n","protected":false},"excerpt":{"rendered":"<p>CE. 1.3. a) Salvo lo dispuesto en las subsecciones (b) a (f), una persona que consciente o intencionalmente: (1) toca a un familiar o miembro del hogar de una manera grosera, insolente o enojada; o (2) de una manera grosera, insolente o enojada coloca cualquier l\u00edquido corporal o desechos en un miembro de la familia&#8230; <a class=\"more-link\" href=\"https:\/\/merinolawfirm.com\/es\/casos-penales-e-infracciones-de-transito\/agresion-corporal-domestica-en-presencia-de-un-nino\/\">Read More<\/a><\/p>\n","protected":false},"author":2,"featured_media":0,"parent":232,"menu_order":0,"comment_status":"closed","ping_status":"closed","template":"","meta":{"_genesis_hide_title":false,"_genesis_hide_breadcrumbs":false,"_genesis_hide_singular_image":false,"_genesis_hide_footer_widgets":false,"_genesis_custom_body_class":"","_genesis_custom_post_class":"","_genesis_layout":""},"acf":[],"yoast_head":"<!-- This site is optimized with the Yoast SEO plugin v20.11 - https:\/\/yoast.com\/wordpress\/plugins\/seo\/ -->\n<title>Agresi\u00f3n Corporal Dom\u00e9stica en Presencia de un Ni\u00f1o - Merino Law Firm, P.C.<\/title>\n<meta name=\"robots\" content=\"index, follow, max-snippet:-1, max-image-preview:large, max-video-preview:-1\" \/>\n<link rel=\"canonical\" href=\"https:\/\/merinolawfirm.com\/es\/casos-penales-e-infracciones-de-transito\/agresion-corporal-domestica-en-presencia-de-un-nino\/\" \/>\n<meta property=\"og:locale\" content=\"es_ES\" \/>\n<meta property=\"og:type\" content=\"article\" \/>\n<meta property=\"og:title\" content=\"Agresi\u00f3n Corporal Dom\u00e9stica en Presencia de un Ni\u00f1o - Merino Law Firm, P.C.\" \/>\n<meta property=\"og:description\" content=\"CE. 1.3. a) Salvo lo dispuesto en las subsecciones (b) a (f), una persona que consciente o intencionalmente: (1) toca a un familiar o miembro del hogar de una manera grosera, insolente o enojada; o (2) de una manera grosera, insolente o enojada coloca cualquier l\u00edquido corporal o desechos en un miembro de la familia... Read More\" \/>\n<meta property=\"og:url\" content=\"https:\/\/merinolawfirm.com\/es\/casos-penales-e-infracciones-de-transito\/agresion-corporal-domestica-en-presencia-de-un-nino\/\" \/>\n<meta property=\"og:site_name\" content=\"Merino Law Firm, P.C.\" \/>\n<meta property=\"article:publisher\" content=\"https:\/\/www.facebook.com\/AbogadoMerino\/\" \/>\n<meta name=\"twitter:card\" content=\"summary_large_image\" \/>\n<meta name=\"twitter:label1\" content=\"Tiempo de lectura\" \/>\n\t<meta name=\"twitter:data1\" content=\"4 minutos\" \/>\n<script type=\"application\/ld+json\" class=\"yoast-schema-graph\">{\"@context\":\"https:\/\/schema.org\",\"@graph\":[{\"@type\":\"WebPage\",\"@id\":\"https:\/\/merinolawfirm.com\/es\/casos-penales-e-infracciones-de-transito\/agresion-corporal-domestica-en-presencia-de-un-nino\/\",\"url\":\"https:\/\/merinolawfirm.com\/es\/casos-penales-e-infracciones-de-transito\/agresion-corporal-domestica-en-presencia-de-un-nino\/\",\"name\":\"Agresi\u00f3n Corporal Dom\u00e9stica en Presencia de un Ni\u00f1o - Merino Law Firm, P.C.\",\"isPartOf\":{\"@id\":\"https:\/\/merinolawfirm.com\/#website\"},\"datePublished\":\"2020-06-29T16:18:35+00:00\",\"dateModified\":\"2020-06-29T16:18:35+00:00\",\"breadcrumb\":{\"@id\":\"https:\/\/merinolawfirm.com\/es\/casos-penales-e-infracciones-de-transito\/agresion-corporal-domestica-en-presencia-de-un-nino\/#breadcrumb\"},\"inLanguage\":\"es\",\"potentialAction\":[{\"@type\":\"ReadAction\",\"target\":[\"https:\/\/merinolawfirm.com\/es\/casos-penales-e-infracciones-de-transito\/agresion-corporal-domestica-en-presencia-de-un-nino\/\"]}]},{\"@type\":\"BreadcrumbList\",\"@id\":\"https:\/\/merinolawfirm.com\/es\/casos-penales-e-infracciones-de-transito\/agresion-corporal-domestica-en-presencia-de-un-nino\/#breadcrumb\",\"itemListElement\":[{\"@type\":\"ListItem\",\"position\":1,\"name\":\"Home\",\"item\":\"https:\/\/merinolawfirm.com\/es\/\"},{\"@type\":\"ListItem\",\"position\":2,\"name\":\"Casos Penales e Infracciones De Transito\",\"item\":\"https:\/\/merinolawfirm.com\/es\/casos-penales-e-infracciones-de-transito\/\"},{\"@type\":\"ListItem\",\"position\":3,\"name\":\"Agresi\u00f3n Corporal Dom\u00e9stica en Presencia de un Ni\u00f1o\"}]},{\"@type\":\"WebSite\",\"@id\":\"https:\/\/merinolawfirm.com\/#website\",\"url\":\"https:\/\/merinolawfirm.com\/\",\"name\":\"Merino Law Firm, P.C.\",\"description\":\"Merino Law Firm\",\"publisher\":{\"@id\":\"https:\/\/merinolawfirm.com\/#organization\"},\"potentialAction\":[{\"@type\":\"SearchAction\",\"target\":{\"@type\":\"EntryPoint\",\"urlTemplate\":\"https:\/\/merinolawfirm.com\/?s={search_term_string}\"},\"query-input\":\"required name=search_term_string\"}],\"inLanguage\":\"es\"},{\"@type\":\"Organization\",\"@id\":\"https:\/\/merinolawfirm.com\/#organization\",\"name\":\"Immigration Cases, Criminal & Ticket Defense | Merino Law Firm, P.C.\",\"url\":\"https:\/\/merinolawfirm.com\/\",\"logo\":{\"@type\":\"ImageObject\",\"inLanguage\":\"es\",\"@id\":\"https:\/\/merinolawfirm.com\/#\/schema\/logo\/image\/\",\"url\":\"https:\/\/www.merinolawfirm.com\/wp-content\/uploads\/2020\/06\/merino-law-firm.png\",\"contentUrl\":\"https:\/\/www.merinolawfirm.com\/wp-content\/uploads\/2020\/06\/merino-law-firm.png\",\"width\":398,\"height\":185,\"caption\":\"Immigration Cases, Criminal & Ticket Defense | Merino Law Firm, P.C.\"},\"image\":{\"@id\":\"https:\/\/merinolawfirm.com\/#\/schema\/logo\/image\/\"},\"sameAs\":[\"https:\/\/www.facebook.com\/AbogadoMerino\/\"]}]}<\/script>\n<!-- \/ Yoast SEO plugin. -->","yoast_head_json":{"title":"Agresi\u00f3n Corporal Dom\u00e9stica en Presencia de un Ni\u00f1o - Merino Law Firm, P.C.","robots":{"index":"index","follow":"follow","max-snippet":"max-snippet:-1","max-image-preview":"max-image-preview:large","max-video-preview":"max-video-preview:-1"},"canonical":"https:\/\/merinolawfirm.com\/es\/casos-penales-e-infracciones-de-transito\/agresion-corporal-domestica-en-presencia-de-un-nino\/","og_locale":"es_ES","og_type":"article","og_title":"Agresi\u00f3n Corporal Dom\u00e9stica en Presencia de un Ni\u00f1o - Merino Law Firm, P.C.","og_description":"CE. 1.3. a) Salvo lo dispuesto en las subsecciones (b) a (f), una persona que consciente o intencionalmente: (1) toca a un familiar o miembro del hogar de una manera grosera, insolente o enojada; o (2) de una manera grosera, insolente o enojada coloca cualquier l\u00edquido corporal o desechos en un miembro de la familia... Read More","og_url":"https:\/\/merinolawfirm.com\/es\/casos-penales-e-infracciones-de-transito\/agresion-corporal-domestica-en-presencia-de-un-nino\/","og_site_name":"Merino Law Firm, P.C.","article_publisher":"https:\/\/www.facebook.com\/AbogadoMerino\/","twitter_card":"summary_large_image","twitter_misc":{"Tiempo de lectura":"4 minutos"},"schema":{"@context":"https:\/\/schema.org","@graph":[{"@type":"WebPage","@id":"https:\/\/merinolawfirm.com\/es\/casos-penales-e-infracciones-de-transito\/agresion-corporal-domestica-en-presencia-de-un-nino\/","url":"https:\/\/merinolawfirm.com\/es\/casos-penales-e-infracciones-de-transito\/agresion-corporal-domestica-en-presencia-de-un-nino\/","name":"Agresi\u00f3n Corporal Dom\u00e9stica en Presencia de un Ni\u00f1o - Merino Law Firm, P.C.","isPartOf":{"@id":"https:\/\/merinolawfirm.com\/#website"},"datePublished":"2020-06-29T16:18:35+00:00","dateModified":"2020-06-29T16:18:35+00:00","breadcrumb":{"@id":"https:\/\/merinolawfirm.com\/es\/casos-penales-e-infracciones-de-transito\/agresion-corporal-domestica-en-presencia-de-un-nino\/#breadcrumb"},"inLanguage":"es","potentialAction":[{"@type":"ReadAction","target":["https:\/\/merinolawfirm.com\/es\/casos-penales-e-infracciones-de-transito\/agresion-corporal-domestica-en-presencia-de-un-nino\/"]}]},{"@type":"BreadcrumbList","@id":"https:\/\/merinolawfirm.com\/es\/casos-penales-e-infracciones-de-transito\/agresion-corporal-domestica-en-presencia-de-un-nino\/#breadcrumb","itemListElement":[{"@type":"ListItem","position":1,"name":"Home","item":"https:\/\/merinolawfirm.com\/es\/"},{"@type":"ListItem","position":2,"name":"Casos Penales e Infracciones De Transito","item":"https:\/\/merinolawfirm.com\/es\/casos-penales-e-infracciones-de-transito\/"},{"@type":"ListItem","position":3,"name":"Agresi\u00f3n Corporal Dom\u00e9stica en Presencia de un Ni\u00f1o"}]},{"@type":"WebSite","@id":"https:\/\/merinolawfirm.com\/#website","url":"https:\/\/merinolawfirm.com\/","name":"Merino Law Firm, P.C.","description":"Merino Law Firm","publisher":{"@id":"https:\/\/merinolawfirm.com\/#organization"},"potentialAction":[{"@type":"SearchAction","target":{"@type":"EntryPoint","urlTemplate":"https:\/\/merinolawfirm.com\/?s={search_term_string}"},"query-input":"required name=search_term_string"}],"inLanguage":"es"},{"@type":"Organization","@id":"https:\/\/merinolawfirm.com\/#organization","name":"Immigration Cases, Criminal & Ticket Defense | Merino Law Firm, P.C.","url":"https:\/\/merinolawfirm.com\/","logo":{"@type":"ImageObject","inLanguage":"es","@id":"https:\/\/merinolawfirm.com\/#\/schema\/logo\/image\/","url":"https:\/\/www.merinolawfirm.com\/wp-content\/uploads\/2020\/06\/merino-law-firm.png","contentUrl":"https:\/\/www.merinolawfirm.com\/wp-content\/uploads\/2020\/06\/merino-law-firm.png","width":398,"height":185,"caption":"Immigration Cases, Criminal & Ticket Defense | Merino Law Firm, P.C."},"image":{"@id":"https:\/\/merinolawfirm.com\/#\/schema\/logo\/image\/"},"sameAs":["https:\/\/www.facebook.com\/AbogadoMerino\/"]}]}},"_links":{"self":[{"href":"https:\/\/merinolawfirm.com\/es\/wp-json\/wp\/v2\/pages\/264"}],"collection":[{"href":"https:\/\/merinolawfirm.com\/es\/wp-json\/wp\/v2\/pages"}],"about":[{"href":"https:\/\/merinolawfirm.com\/es\/wp-json\/wp\/v2\/types\/page"}],"author":[{"embeddable":true,"href":"https:\/\/merinolawfirm.com\/es\/wp-json\/wp\/v2\/users\/2"}],"replies":[{"embeddable":true,"href":"https:\/\/merinolawfirm.com\/es\/wp-json\/wp\/v2\/comments?post=264"}],"version-history":[{"count":0,"href":"https:\/\/merinolawfirm.com\/es\/wp-json\/wp\/v2\/pages\/264\/revisions"}],"up":[{"embeddable":true,"href":"https:\/\/merinolawfirm.com\/es\/wp-json\/wp\/v2\/pages\/232"}],"wp:attachment":[{"href":"https:\/\/merinolawfirm.com\/es\/wp-json\/wp\/v2\/media?parent=264"}],"curies":[{"name":"wp","href":"https:\/\/api.w.org\/{rel}","templated":true}]}}