{"id":276,"date":"2020-06-29T12:29:13","date_gmt":"2020-06-29T16:29:13","guid":{"rendered":"http:\/\/localhost:10073\/?page_id=276"},"modified":"2020-06-29T12:29:13","modified_gmt":"2020-06-29T16:29:13","slug":"senal-de-stop-y-violacion-de-la-senal-de-trafico","status":"publish","type":"page","link":"https:\/\/merinolawfirm.com\/es\/casos-penales-e-infracciones-de-transito\/senal-de-stop-y-violacion-de-la-senal-de-trafico\/","title":{"rendered":"Se\u00f1al de Stop y Violaci\u00f3n de la Se\u00f1al de Tr\u00e1fico"},"content":{"rendered":"<ul>\n<li style=\"list-style-type: none;\">\n<ul>\n<li style=\"font-weight: 400;\"><span style=\"font-weight: 400;\">S. 7. (a) Siempre que el tr\u00e1fico sea controlado por se\u00f1ales de control de tr\u00e1fico que exhiban luces de diferentes colores o flechas iluminadas de colores sucesivamente, una (1) a la vez o en combinaci\u00f3n, solo se pueden usar los colores verde, rojo o amarillo, excepto para se\u00f1ales especiales de peatones bajo IC 9-21-18.<\/span>\n<ul>\n<li style=\"font-weight: 400;\"><span style=\"font-weight: 400;\">b) Las luces indican y se aplican a los conductores de veh\u00edculos y peatones de la siguiente manera:<\/span><\/li>\n<\/ul>\n<\/li>\n<li style=\"font-weight: 400;\"><span style=\"font-weight: 400;\">(1) Indicaci\u00f3n verde: lo siguiente:<\/span><\/li>\n<li style=\"font-weight: 400;\"><span style=\"font-weight: 400;\">(A) El tr\u00e1fico vehicular frente a una se\u00f1al verde circular puede continuar recto o girar a la derecha o a la izquierda, a menos que una se\u00f1al en el lugar proh\u00edba cualquiera de los dos giros.<\/span><\/li>\n<li style=\"font-weight: 400;\"><span style=\"font-weight: 400;\">(B) El tr\u00e1fico de veh\u00edculos, incluidos los veh\u00edculos que giran a la derecha o a la izquierda, ceder\u00e1 el derecho de paso a otros veh\u00edculos y a los peatones legalmente dentro de la intersecci\u00f3n o una acera adyacente en el momento en que se exhiba la se\u00f1al.<\/span><\/li>\n<li style=\"font-weight: 400;\"><span style=\"font-weight: 400;\">(C) El tr\u00e1fico vehicular frente a una se\u00f1al de flecha verde, mostrada solo o en combinaci\u00f3n con otra indicaci\u00f3n, podr\u00e1 entrar cautelosamente en la intersecci\u00f3n solo para realizar el movimiento indicado por la flecha verde u otro movimiento permitido por otras indicaciones mostradas al mismo tiempo.<\/span><\/li>\n<li style=\"font-weight: 400;\"><span style=\"font-weight: 400;\">(D) El tr\u00e1fico vehicular ceder\u00e1 el derecho de paso a los peatones legalmente dentro de un cruce de peatones adyacente y a otro tr\u00e1fico que utilice legalmente la intersecci\u00f3n.<\/span><\/li>\n<li style=\"font-weight: 400;\"><span style=\"font-weight: 400;\">(E) A menos que una se\u00f1al de control de peatones indique lo contrario, los peatones que se enfrentan a una se\u00f1al verde, excepto cuando la \u00fanica se\u00f1al verde sea una flecha de giro, pueden cruzar la carretera dentro de un cruce de peatones marcado o sin marcar.<\/span><\/li>\n<li style=\"font-weight: 400;\"><span style=\"font-weight: 400;\">(2) Indicaci\u00f3n amarilla constante significa lo siguiente:<\/span><\/li>\n<li style=\"font-weight: 400;\"><span style=\"font-weight: 400;\">(A) Se advierte el tr\u00e1fico vehicular frente a una se\u00f1al de flecha amarilla o amarilla circular constante de que el movimiento verde correspondiente se est\u00e1 terminando y que se mostrar\u00e1 una indicaci\u00f3n roja inmediatamente despu\u00e9s.<\/span><\/li>\n<li style=\"font-weight: 400;\"><span style=\"font-weight: 400;\">(B) A un peat\u00f3n frente a una se\u00f1al circular constante de flecha amarilla o amarilla, a menos que sea indicado de otra manera por una se\u00f1al de control de peatones, se le informa que no hay suficiente tiempo para cruzar la calzada antes de que se muestre una indicaci\u00f3n roja, y un peat\u00f3n no puede comenzar a cruzar la calzada en ese momento.<\/span><\/li>\n<li style=\"font-weight: 400;\"><span style=\"font-weight: 400;\">(3) indicaci\u00f3n roja constante significa lo siguiente:<\/span><\/li>\n<li style=\"font-weight: 400;\"><span style=\"font-weight: 400;\">A) Salvo lo dispuesto en las cl\u00e1usulas (B) y (D), el tr\u00e1fico vehicular frente a una se\u00f1al de flecha roja o roja circular constante se detendr\u00e1 en una l\u00ednea de parada claramente marcada. Sin embargo, si no hay una l\u00ednea de parada claramente marcada, el tr\u00e1fico vehicular se detendr\u00e1 antes de ingresar al cruce de peatones en el lado cercano de la intersecci\u00f3n. Si no hay cruce de peatones, el tr\u00e1fico vehicular se detendr\u00e1 antes de entrar en la intersecci\u00f3n y permanecer\u00e1 en pie hasta que se muestre una indicaci\u00f3n para proceder.<\/span><\/li>\n<li style=\"font-weight: 400;\"><span style=\"font-weight: 400;\">(B) Excepto cuando hay una se\u00f1al en su lugar que proh\u00edbe un giro descrito en esta subdivisi\u00f3n, el tr\u00e1fico vehicular frente a una se\u00f1al roja constante, despu\u00e9s de llegar a una parada completa, puede entrar cautelosamente en la intersecci\u00f3n para hacer lo siguiente:<\/span><\/li>\n<li style=\"font-weight: 400;\"><span style=\"font-weight: 400;\">(i) Gire a la derecha.<\/span><\/li>\n<li style=\"font-weight: 400;\"><span style=\"font-weight: 400;\">(ii) Gire a la izquierda si gira del carril izquierdo de una calle de sentido \u00fanico a otra calle de sentido \u00fanico con el flujo de tr\u00e1fico.<\/span><\/li>\n<li style=\"font-weight: 400;\"><span style=\"font-weight: 400;\">El tr\u00e1fico vehicular que haga un giro descrito en esta subdivisi\u00f3n ceder\u00e1 el derecho de paso a los peatones legalmente dentro de un cruce de peatones adyacente y a otro tr\u00e1fico que use la intersecci\u00f3n.<\/span><\/li>\n<li style=\"font-weight: 400;\"><span style=\"font-weight: 400;\">(C) A menos que una se\u00f1al de control de peatones indique lo contrario, los peatones frente a una se\u00f1al de flecha roja o roja circular constante no pueden ingresar a la carretera.<\/span><\/li>\n<li style=\"font-weight: 400;\"><span style=\"font-weight: 400;\">(D) Esta cl\u00e1usula no se aplica a la operaci\u00f3n de un autociclo. Si el operador de una motocicleta, ciclo impulsado por motor o bicicleta se acerca a una intersecci\u00f3n que est\u00e1 controlada por una se\u00f1al de control de tr\u00e1fico, el operador puede proceder a trav\u00e9s de la intersecci\u00f3n en una se\u00f1al roja constante s\u00f3lo si el operador:<\/span><\/li>\n<li style=\"font-weight: 400;\"><span style=\"font-weight: 400;\">(i) se detiene completamente en la intersecci\u00f3n durante al menos ciento veinte (120) segundos; y<\/span><\/li>\n<li style=\"font-weight: 400;\"><span style=\"font-weight: 400;\">(ii) ejercer la debida precauci\u00f3n seg\u00fan lo dispuesto por la ley, de lo contrario tratar la se\u00f1al de control de tr\u00e1fico como una se\u00f1al de alto, y determinar que es seguro proceder.<\/span><\/li>\n<li style=\"font-weight: 400;\"><span style=\"font-weight: 400;\">(4) Ninguna indicaci\u00f3n o indicaciones contradictorias significa lo siguiente:<\/span><\/li>\n<li style=\"font-weight: 400;\"><span style=\"font-weight: 400;\">(A) Salvo lo dispuesto en la cl\u00e1usula (C), el tr\u00e1fico vehicular frente a una intersecci\u00f3n que tenga una se\u00f1al que no muestre ninguna indicaci\u00f3n o indicaciones contradictorias, cuando no haya otro control presente, se detendr\u00e1 antes de entrar en la intersecci\u00f3n.<\/span><\/li>\n<li style=\"font-weight: 400;\"><span style=\"font-weight: 400;\">(B) Despu\u00e9s de detenerse, el tr\u00e1fico vehicular puede proceder con precauci\u00f3n a trav\u00e9s de la intersecci\u00f3n y ceder\u00e1 el derecho de paso al tr\u00e1fico dentro de la intersecci\u00f3n o acerc\u00e1ndose tan cerca como para constituir un peligro inmediato.<\/span><\/li>\n<li style=\"font-weight: 400;\"><span style=\"font-weight: 400;\">(C) El tr\u00e1fico vehicular que entra en una intersecci\u00f3n o cruce de peatones frente a una baliza h\u00edbrida peatonal puede proceder sin detenerse si no se muestra ninguna indicaci\u00f3n en la baliza h\u00edbrida peatonal.<\/span><\/li>\n<li style=\"font-weight: 400;\"><span style=\"font-weight: 400;\">(5) Esta secci\u00f3n se aplica a las se\u00f1ales de control de tr\u00e1fico situadas en un lugar distinto de una intersecci\u00f3n. Una parada requerida bajo esta subdivisi\u00f3n debe hacerse en la se\u00f1al, excepto cuando la se\u00f1al se complementa con una se\u00f1al o marca de pavimento que indique d\u00f3nde debe hacerse la parada.<\/span><\/li>\n<\/ul>\n<\/li>\n<\/ul>\n","protected":false},"excerpt":{"rendered":"<p>S. 7. (a) Siempre que el tr\u00e1fico sea controlado por se\u00f1ales de control de tr\u00e1fico que exhiban luces de diferentes colores o flechas iluminadas de colores sucesivamente, una (1) a la vez o en combinaci\u00f3n, solo se pueden usar los colores verde, rojo o amarillo, excepto para se\u00f1ales especiales de peatones bajo IC 9-21-18. b)&#8230; <a class=\"more-link\" href=\"https:\/\/merinolawfirm.com\/es\/casos-penales-e-infracciones-de-transito\/senal-de-stop-y-violacion-de-la-senal-de-trafico\/\">Read More<\/a><\/p>\n","protected":false},"author":2,"featured_media":0,"parent":232,"menu_order":0,"comment_status":"closed","ping_status":"closed","template":"","meta":{"_genesis_hide_title":false,"_genesis_hide_breadcrumbs":false,"_genesis_hide_singular_image":false,"_genesis_hide_footer_widgets":false,"_genesis_custom_body_class":"","_genesis_custom_post_class":"","_genesis_layout":""},"acf":[],"yoast_head":"<!-- This site is optimized with the Yoast SEO plugin v20.11 - https:\/\/yoast.com\/wordpress\/plugins\/seo\/ -->\n<title>Se\u00f1al de Stop y Violaci\u00f3n de la Se\u00f1al de Tr\u00e1fico - Merino Law Firm, P.C.<\/title>\n<meta name=\"robots\" content=\"index, follow, max-snippet:-1, max-image-preview:large, max-video-preview:-1\" \/>\n<link rel=\"canonical\" href=\"https:\/\/merinolawfirm.com\/es\/casos-penales-e-infracciones-de-transito\/senal-de-stop-y-violacion-de-la-senal-de-trafico\/\" \/>\n<meta property=\"og:locale\" content=\"es_ES\" \/>\n<meta property=\"og:type\" content=\"article\" \/>\n<meta property=\"og:title\" content=\"Se\u00f1al de Stop y Violaci\u00f3n de la Se\u00f1al de Tr\u00e1fico - Merino Law Firm, P.C.\" \/>\n<meta property=\"og:description\" content=\"S. 7. (a) Siempre que el tr\u00e1fico sea controlado por se\u00f1ales de control de tr\u00e1fico que exhiban luces de diferentes colores o flechas iluminadas de colores sucesivamente, una (1) a la vez o en combinaci\u00f3n, solo se pueden usar los colores verde, rojo o amarillo, excepto para se\u00f1ales especiales de peatones bajo IC 9-21-18. b)... Read More\" \/>\n<meta property=\"og:url\" content=\"https:\/\/merinolawfirm.com\/es\/casos-penales-e-infracciones-de-transito\/senal-de-stop-y-violacion-de-la-senal-de-trafico\/\" \/>\n<meta property=\"og:site_name\" content=\"Merino Law Firm, P.C.\" \/>\n<meta property=\"article:publisher\" content=\"https:\/\/www.facebook.com\/AbogadoMerino\/\" \/>\n<meta name=\"twitter:card\" content=\"summary_large_image\" \/>\n<meta name=\"twitter:label1\" content=\"Tiempo de lectura\" \/>\n\t<meta name=\"twitter:data1\" content=\"5 minutos\" \/>\n<script type=\"application\/ld+json\" class=\"yoast-schema-graph\">{\"@context\":\"https:\/\/schema.org\",\"@graph\":[{\"@type\":\"WebPage\",\"@id\":\"https:\/\/merinolawfirm.com\/es\/casos-penales-e-infracciones-de-transito\/senal-de-stop-y-violacion-de-la-senal-de-trafico\/\",\"url\":\"https:\/\/merinolawfirm.com\/es\/casos-penales-e-infracciones-de-transito\/senal-de-stop-y-violacion-de-la-senal-de-trafico\/\",\"name\":\"Se\u00f1al de Stop y Violaci\u00f3n de la Se\u00f1al de Tr\u00e1fico - Merino Law Firm, P.C.\",\"isPartOf\":{\"@id\":\"https:\/\/merinolawfirm.com\/#website\"},\"datePublished\":\"2020-06-29T16:29:13+00:00\",\"dateModified\":\"2020-06-29T16:29:13+00:00\",\"breadcrumb\":{\"@id\":\"https:\/\/merinolawfirm.com\/es\/casos-penales-e-infracciones-de-transito\/senal-de-stop-y-violacion-de-la-senal-de-trafico\/#breadcrumb\"},\"inLanguage\":\"es\",\"potentialAction\":[{\"@type\":\"ReadAction\",\"target\":[\"https:\/\/merinolawfirm.com\/es\/casos-penales-e-infracciones-de-transito\/senal-de-stop-y-violacion-de-la-senal-de-trafico\/\"]}]},{\"@type\":\"BreadcrumbList\",\"@id\":\"https:\/\/merinolawfirm.com\/es\/casos-penales-e-infracciones-de-transito\/senal-de-stop-y-violacion-de-la-senal-de-trafico\/#breadcrumb\",\"itemListElement\":[{\"@type\":\"ListItem\",\"position\":1,\"name\":\"Home\",\"item\":\"https:\/\/merinolawfirm.com\/es\/\"},{\"@type\":\"ListItem\",\"position\":2,\"name\":\"Casos Penales e Infracciones De Transito\",\"item\":\"https:\/\/merinolawfirm.com\/es\/casos-penales-e-infracciones-de-transito\/\"},{\"@type\":\"ListItem\",\"position\":3,\"name\":\"Se\u00f1al de Stop y Violaci\u00f3n de la Se\u00f1al de Tr\u00e1fico\"}]},{\"@type\":\"WebSite\",\"@id\":\"https:\/\/merinolawfirm.com\/#website\",\"url\":\"https:\/\/merinolawfirm.com\/\",\"name\":\"Merino Law Firm, P.C.\",\"description\":\"Merino Law Firm\",\"publisher\":{\"@id\":\"https:\/\/merinolawfirm.com\/#organization\"},\"potentialAction\":[{\"@type\":\"SearchAction\",\"target\":{\"@type\":\"EntryPoint\",\"urlTemplate\":\"https:\/\/merinolawfirm.com\/?s={search_term_string}\"},\"query-input\":\"required name=search_term_string\"}],\"inLanguage\":\"es\"},{\"@type\":\"Organization\",\"@id\":\"https:\/\/merinolawfirm.com\/#organization\",\"name\":\"Immigration Cases, Criminal & Ticket Defense | Merino Law Firm, P.C.\",\"url\":\"https:\/\/merinolawfirm.com\/\",\"logo\":{\"@type\":\"ImageObject\",\"inLanguage\":\"es\",\"@id\":\"https:\/\/merinolawfirm.com\/#\/schema\/logo\/image\/\",\"url\":\"https:\/\/www.merinolawfirm.com\/wp-content\/uploads\/2020\/06\/merino-law-firm.png\",\"contentUrl\":\"https:\/\/www.merinolawfirm.com\/wp-content\/uploads\/2020\/06\/merino-law-firm.png\",\"width\":398,\"height\":185,\"caption\":\"Immigration Cases, Criminal & Ticket Defense | Merino Law Firm, P.C.\"},\"image\":{\"@id\":\"https:\/\/merinolawfirm.com\/#\/schema\/logo\/image\/\"},\"sameAs\":[\"https:\/\/www.facebook.com\/AbogadoMerino\/\"]}]}<\/script>\n<!-- \/ Yoast SEO plugin. -->","yoast_head_json":{"title":"Se\u00f1al de Stop y Violaci\u00f3n de la Se\u00f1al de Tr\u00e1fico - Merino Law Firm, P.C.","robots":{"index":"index","follow":"follow","max-snippet":"max-snippet:-1","max-image-preview":"max-image-preview:large","max-video-preview":"max-video-preview:-1"},"canonical":"https:\/\/merinolawfirm.com\/es\/casos-penales-e-infracciones-de-transito\/senal-de-stop-y-violacion-de-la-senal-de-trafico\/","og_locale":"es_ES","og_type":"article","og_title":"Se\u00f1al de Stop y Violaci\u00f3n de la Se\u00f1al de Tr\u00e1fico - Merino Law Firm, P.C.","og_description":"S. 7. (a) Siempre que el tr\u00e1fico sea controlado por se\u00f1ales de control de tr\u00e1fico que exhiban luces de diferentes colores o flechas iluminadas de colores sucesivamente, una (1) a la vez o en combinaci\u00f3n, solo se pueden usar los colores verde, rojo o amarillo, excepto para se\u00f1ales especiales de peatones bajo IC 9-21-18. b)... Read More","og_url":"https:\/\/merinolawfirm.com\/es\/casos-penales-e-infracciones-de-transito\/senal-de-stop-y-violacion-de-la-senal-de-trafico\/","og_site_name":"Merino Law Firm, P.C.","article_publisher":"https:\/\/www.facebook.com\/AbogadoMerino\/","twitter_card":"summary_large_image","twitter_misc":{"Tiempo de lectura":"5 minutos"},"schema":{"@context":"https:\/\/schema.org","@graph":[{"@type":"WebPage","@id":"https:\/\/merinolawfirm.com\/es\/casos-penales-e-infracciones-de-transito\/senal-de-stop-y-violacion-de-la-senal-de-trafico\/","url":"https:\/\/merinolawfirm.com\/es\/casos-penales-e-infracciones-de-transito\/senal-de-stop-y-violacion-de-la-senal-de-trafico\/","name":"Se\u00f1al de Stop y Violaci\u00f3n de la Se\u00f1al de Tr\u00e1fico - Merino Law Firm, P.C.","isPartOf":{"@id":"https:\/\/merinolawfirm.com\/#website"},"datePublished":"2020-06-29T16:29:13+00:00","dateModified":"2020-06-29T16:29:13+00:00","breadcrumb":{"@id":"https:\/\/merinolawfirm.com\/es\/casos-penales-e-infracciones-de-transito\/senal-de-stop-y-violacion-de-la-senal-de-trafico\/#breadcrumb"},"inLanguage":"es","potentialAction":[{"@type":"ReadAction","target":["https:\/\/merinolawfirm.com\/es\/casos-penales-e-infracciones-de-transito\/senal-de-stop-y-violacion-de-la-senal-de-trafico\/"]}]},{"@type":"BreadcrumbList","@id":"https:\/\/merinolawfirm.com\/es\/casos-penales-e-infracciones-de-transito\/senal-de-stop-y-violacion-de-la-senal-de-trafico\/#breadcrumb","itemListElement":[{"@type":"ListItem","position":1,"name":"Home","item":"https:\/\/merinolawfirm.com\/es\/"},{"@type":"ListItem","position":2,"name":"Casos Penales e Infracciones De Transito","item":"https:\/\/merinolawfirm.com\/es\/casos-penales-e-infracciones-de-transito\/"},{"@type":"ListItem","position":3,"name":"Se\u00f1al de Stop y Violaci\u00f3n de la Se\u00f1al de Tr\u00e1fico"}]},{"@type":"WebSite","@id":"https:\/\/merinolawfirm.com\/#website","url":"https:\/\/merinolawfirm.com\/","name":"Merino Law Firm, P.C.","description":"Merino Law Firm","publisher":{"@id":"https:\/\/merinolawfirm.com\/#organization"},"potentialAction":[{"@type":"SearchAction","target":{"@type":"EntryPoint","urlTemplate":"https:\/\/merinolawfirm.com\/?s={search_term_string}"},"query-input":"required name=search_term_string"}],"inLanguage":"es"},{"@type":"Organization","@id":"https:\/\/merinolawfirm.com\/#organization","name":"Immigration Cases, Criminal & Ticket Defense | Merino Law Firm, P.C.","url":"https:\/\/merinolawfirm.com\/","logo":{"@type":"ImageObject","inLanguage":"es","@id":"https:\/\/merinolawfirm.com\/#\/schema\/logo\/image\/","url":"https:\/\/www.merinolawfirm.com\/wp-content\/uploads\/2020\/06\/merino-law-firm.png","contentUrl":"https:\/\/www.merinolawfirm.com\/wp-content\/uploads\/2020\/06\/merino-law-firm.png","width":398,"height":185,"caption":"Immigration Cases, Criminal & Ticket Defense | Merino Law Firm, P.C."},"image":{"@id":"https:\/\/merinolawfirm.com\/#\/schema\/logo\/image\/"},"sameAs":["https:\/\/www.facebook.com\/AbogadoMerino\/"]}]}},"_links":{"self":[{"href":"https:\/\/merinolawfirm.com\/es\/wp-json\/wp\/v2\/pages\/276"}],"collection":[{"href":"https:\/\/merinolawfirm.com\/es\/wp-json\/wp\/v2\/pages"}],"about":[{"href":"https:\/\/merinolawfirm.com\/es\/wp-json\/wp\/v2\/types\/page"}],"author":[{"embeddable":true,"href":"https:\/\/merinolawfirm.com\/es\/wp-json\/wp\/v2\/users\/2"}],"replies":[{"embeddable":true,"href":"https:\/\/merinolawfirm.com\/es\/wp-json\/wp\/v2\/comments?post=276"}],"version-history":[{"count":0,"href":"https:\/\/merinolawfirm.com\/es\/wp-json\/wp\/v2\/pages\/276\/revisions"}],"up":[{"embeddable":true,"href":"https:\/\/merinolawfirm.com\/es\/wp-json\/wp\/v2\/pages\/232"}],"wp:attachment":[{"href":"https:\/\/merinolawfirm.com\/es\/wp-json\/wp\/v2\/media?parent=276"}],"curies":[{"name":"wp","href":"https:\/\/api.w.org\/{rel}","templated":true}]}}