{"id":280,"date":"2020-06-29T12:34:31","date_gmt":"2020-06-29T16:34:31","guid":{"rendered":"http:\/\/localhost:10073\/?page_id=280"},"modified":"2020-06-29T12:34:31","modified_gmt":"2020-06-29T16:34:31","slug":"zona-de-construccion","status":"publish","type":"page","link":"https:\/\/merinolawfirm.com\/es\/casos-penales-e-infracciones-de-transito\/zona-de-construccion\/","title":{"rendered":"Zona de Construcci\u00f3n"},"content":{"rendered":"<ul>\n<li style=\"font-weight: 400;\"><span style=\"font-weight: 400;\">S 56. (a) A los efectos de esta secci\u00f3n, \u00abzona de trabajo en carretera\u00bb tiene el significado establecido en IC 8-23-2-15.<\/span>\n<ul>\n<li style=\"list-style-type: none;\">\n<ul>\n<li style=\"font-weight: 400;\"><span style=\"font-weight: 400;\">(b) Excepto lo dispuesto en las subsecciones (f) a (h), una persona que imprudentemente opere un veh\u00edculo en las inmediaciones de una zona de trabajo de la carretera cuando los trabajadores est\u00e1n presentes comete un delito menor de Clase A.<\/span><\/li>\n<li style=\"font-weight: 400;\"><span style=\"font-weight: 400;\">(c) Excepto lo dispuesto en las subsecciones (f) a (h), una persona que a sabiendas o intencionadamente opere un veh\u00edculo de motor en las inmediaciones de una zona de trabajo de la carretera cuando los trabajadores est\u00e1n presentes con la intenci\u00f3n de:<\/span><\/li>\n<\/ul>\n<\/li>\n<\/ul>\n<\/li>\n<li style=\"font-weight: 400;\"><span style=\"font-weight: 400;\">1) da\u00f1ar los dispositivos de control de tr\u00e1fico; o<\/span><\/li>\n<li style=\"font-weight: 400;\"><span style=\"font-weight: 400;\">(2) infligir lesiones corporales a un trabajador;<\/span><\/li>\n<li style=\"font-weight: 400;\"><span style=\"font-weight: 400;\">comete un delito menor de Clase A.<\/span>\n<ul>\n<li style=\"list-style-type: none;\">\n<ul>\n<li style=\"font-weight: 400;\"><span style=\"font-weight: 400;\">(d) Salvo lo dispuesto en las subsecciones (f) a (h), una persona que a sabiendas, intencionadamente o imprudentemente se involucre en:<\/span><\/li>\n<\/ul>\n<\/li>\n<\/ul>\n<\/li>\n<li style=\"font-weight: 400;\"><span style=\"font-weight: 400;\">1) conducci\u00f3n agresiva, tal como se define en la secci\u00f3n 55 de este cap\u00edtulo; o<\/span><\/li>\n<li style=\"font-weight: 400;\"><span style=\"font-weight: 400;\">(2) un concurso de velocidad, seg\u00fan lo prohibido por IC 9-21-6-1;<\/span><\/li>\n<li style=\"font-weight: 400;\"><span style=\"font-weight: 400;\">en las inmediaciones de una zona de trabajo de carretera cuando los trabajadores est\u00e1n presentes comete un delito menor de Clase A.<\/span>\n<ul>\n<li style=\"list-style-type: none;\">\n<ul>\n<li style=\"font-weight: 400;\"><span style=\"font-weight: 400;\">(e) Excepto lo dispuesto en las subsecciones (f) a (h), una persona que imprudentemente no obedece a un dispositivo de control de tr\u00e1fico o abanderado, como est\u00e1 prohibido por la secci\u00f3n 41 de este cap\u00edtulo, en las inmediaciones de una zona de trabajo de carretera cuando los trabajadores est\u00e1n presentes comete un delito menor Clase A.<\/span><\/li>\n<li style=\"font-weight: 400;\"><span style=\"font-weight: 400;\">(f) Un delito bajo la subsecci\u00f3n (b), (c), (d) o (e) es un delito grave de Nivel 6 si la persona que comete el delito:<\/span><\/li>\n<\/ul>\n<\/li>\n<\/ul>\n<\/li>\n<li style=\"font-weight: 400;\"><span style=\"font-weight: 400;\">(1) tiene una condena previa no relacionada bajo esta secci\u00f3n en los cinco (5) a\u00f1os anteriores; o<\/span><\/li>\n<li style=\"font-weight: 400;\"><span style=\"font-weight: 400;\">(2) est\u00e1 operando el veh\u00edculo en violaci\u00f3n de IC 9-30-5-1 o IC 9-30-5-2.<\/span>\n<ul>\n<li style=\"list-style-type: none;\">\n<ul>\n<li style=\"font-weight: 400;\"><span style=\"font-weight: 400;\">(g) Un delito bajo la subsecci\u00f3n (b), (c), (d) o (e) es un delito grave de Nivel 6 si el delito resulta en lesiones corporales a un trabajador en el lugar de trabajo.<\/span><\/li>\n<li style=\"font-weight: 400;\"><span style=\"font-weight: 400;\">(h) Un delito bajo la subsecci\u00f3n (b), (c), (d) o (e) es un delito grave de Nivel 5 si el delito resulta en la muerte de un trabajador en el lugar de trabajo.<\/span><\/li>\n<li style=\"font-weight: 400;\"><span style=\"font-weight: 400;\">(i) Una persona que a sabiendas, intencionalmente o imprudentemente se involucre en un acto descrito en la secci\u00f3n 55(b)(1), 55(b)(2), 55(b)(3), 55(b)(4), 55(b)(5), o 55(b)(6) de este cap\u00edtulo en las inmediaciones de una zona de trabajo en carretera cuando los trabajadores est\u00e1n presentes comete una infracci\u00f3n de Clase B. Sin perjuicio de IC 34-28-5-5(c), los fondos recaudados como juicios por una infracci\u00f3n bajo esta subsecci\u00f3n se transferir\u00e1n al departamento de transporte de Indiana para pagar los costos de contrataci\u00f3n de oficiales de polic\u00eda fuera de servicio para realizar las tareas descritas en IC 8-23-2-15(b).<\/span><\/li>\n<\/ul>\n<\/li>\n<\/ul>\n<\/li>\n<\/ul>\n","protected":false},"excerpt":{"rendered":"<p>S 56. (a) A los efectos de esta secci\u00f3n, \u00abzona de trabajo en carretera\u00bb tiene el significado establecido en IC 8-23-2-15. (b) Excepto lo dispuesto en las subsecciones (f) a (h), una persona que imprudentemente opere un veh\u00edculo en las inmediaciones de una zona de trabajo de la carretera cuando los trabajadores est\u00e1n presentes comete&#8230; <a class=\"more-link\" href=\"https:\/\/merinolawfirm.com\/es\/casos-penales-e-infracciones-de-transito\/zona-de-construccion\/\">Read More<\/a><\/p>\n","protected":false},"author":2,"featured_media":0,"parent":232,"menu_order":0,"comment_status":"closed","ping_status":"closed","template":"","meta":{"_genesis_hide_title":false,"_genesis_hide_breadcrumbs":false,"_genesis_hide_singular_image":false,"_genesis_hide_footer_widgets":false,"_genesis_custom_body_class":"","_genesis_custom_post_class":"","_genesis_layout":""},"acf":[],"yoast_head":"<!-- This site is optimized with the Yoast SEO plugin v20.11 - https:\/\/yoast.com\/wordpress\/plugins\/seo\/ -->\n<title>Zona de Construcci\u00f3n - Merino Law Firm, P.C.<\/title>\n<meta name=\"robots\" content=\"index, follow, max-snippet:-1, max-image-preview:large, max-video-preview:-1\" \/>\n<link rel=\"canonical\" href=\"https:\/\/merinolawfirm.com\/es\/casos-penales-e-infracciones-de-transito\/zona-de-construccion\/\" \/>\n<meta property=\"og:locale\" content=\"es_ES\" \/>\n<meta property=\"og:type\" content=\"article\" \/>\n<meta property=\"og:title\" content=\"Zona de Construcci\u00f3n - Merino Law Firm, P.C.\" \/>\n<meta property=\"og:description\" content=\"S 56. (a) A los efectos de esta secci\u00f3n, \u00abzona de trabajo en carretera\u00bb tiene el significado establecido en IC 8-23-2-15. (b) Excepto lo dispuesto en las subsecciones (f) a (h), una persona que imprudentemente opere un veh\u00edculo en las inmediaciones de una zona de trabajo de la carretera cuando los trabajadores est\u00e1n presentes comete... Read More\" \/>\n<meta property=\"og:url\" content=\"https:\/\/merinolawfirm.com\/es\/casos-penales-e-infracciones-de-transito\/zona-de-construccion\/\" \/>\n<meta property=\"og:site_name\" content=\"Merino Law Firm, P.C.\" \/>\n<meta property=\"article:publisher\" content=\"https:\/\/www.facebook.com\/AbogadoMerino\/\" \/>\n<meta name=\"twitter:card\" content=\"summary_large_image\" \/>\n<meta name=\"twitter:label1\" content=\"Tiempo de lectura\" \/>\n\t<meta name=\"twitter:data1\" content=\"3 minutos\" \/>\n<script type=\"application\/ld+json\" class=\"yoast-schema-graph\">{\"@context\":\"https:\/\/schema.org\",\"@graph\":[{\"@type\":\"WebPage\",\"@id\":\"https:\/\/merinolawfirm.com\/es\/casos-penales-e-infracciones-de-transito\/zona-de-construccion\/\",\"url\":\"https:\/\/merinolawfirm.com\/es\/casos-penales-e-infracciones-de-transito\/zona-de-construccion\/\",\"name\":\"Zona de Construcci\u00f3n - Merino Law Firm, P.C.\",\"isPartOf\":{\"@id\":\"https:\/\/merinolawfirm.com\/#website\"},\"datePublished\":\"2020-06-29T16:34:31+00:00\",\"dateModified\":\"2020-06-29T16:34:31+00:00\",\"breadcrumb\":{\"@id\":\"https:\/\/merinolawfirm.com\/es\/casos-penales-e-infracciones-de-transito\/zona-de-construccion\/#breadcrumb\"},\"inLanguage\":\"es\",\"potentialAction\":[{\"@type\":\"ReadAction\",\"target\":[\"https:\/\/merinolawfirm.com\/es\/casos-penales-e-infracciones-de-transito\/zona-de-construccion\/\"]}]},{\"@type\":\"BreadcrumbList\",\"@id\":\"https:\/\/merinolawfirm.com\/es\/casos-penales-e-infracciones-de-transito\/zona-de-construccion\/#breadcrumb\",\"itemListElement\":[{\"@type\":\"ListItem\",\"position\":1,\"name\":\"Home\",\"item\":\"https:\/\/merinolawfirm.com\/es\/\"},{\"@type\":\"ListItem\",\"position\":2,\"name\":\"Casos Penales e Infracciones De Transito\",\"item\":\"https:\/\/merinolawfirm.com\/es\/casos-penales-e-infracciones-de-transito\/\"},{\"@type\":\"ListItem\",\"position\":3,\"name\":\"Zona de Construcci\u00f3n\"}]},{\"@type\":\"WebSite\",\"@id\":\"https:\/\/merinolawfirm.com\/#website\",\"url\":\"https:\/\/merinolawfirm.com\/\",\"name\":\"Merino Law Firm, P.C.\",\"description\":\"Merino Law Firm\",\"publisher\":{\"@id\":\"https:\/\/merinolawfirm.com\/#organization\"},\"potentialAction\":[{\"@type\":\"SearchAction\",\"target\":{\"@type\":\"EntryPoint\",\"urlTemplate\":\"https:\/\/merinolawfirm.com\/?s={search_term_string}\"},\"query-input\":\"required name=search_term_string\"}],\"inLanguage\":\"es\"},{\"@type\":\"Organization\",\"@id\":\"https:\/\/merinolawfirm.com\/#organization\",\"name\":\"Immigration Cases, Criminal & Ticket Defense | Merino Law Firm, P.C.\",\"url\":\"https:\/\/merinolawfirm.com\/\",\"logo\":{\"@type\":\"ImageObject\",\"inLanguage\":\"es\",\"@id\":\"https:\/\/merinolawfirm.com\/#\/schema\/logo\/image\/\",\"url\":\"https:\/\/www.merinolawfirm.com\/wp-content\/uploads\/2020\/06\/merino-law-firm.png\",\"contentUrl\":\"https:\/\/www.merinolawfirm.com\/wp-content\/uploads\/2020\/06\/merino-law-firm.png\",\"width\":398,\"height\":185,\"caption\":\"Immigration Cases, Criminal & Ticket Defense | Merino Law Firm, P.C.\"},\"image\":{\"@id\":\"https:\/\/merinolawfirm.com\/#\/schema\/logo\/image\/\"},\"sameAs\":[\"https:\/\/www.facebook.com\/AbogadoMerino\/\"]}]}<\/script>\n<!-- \/ Yoast SEO plugin. -->","yoast_head_json":{"title":"Zona de Construcci\u00f3n - Merino Law Firm, P.C.","robots":{"index":"index","follow":"follow","max-snippet":"max-snippet:-1","max-image-preview":"max-image-preview:large","max-video-preview":"max-video-preview:-1"},"canonical":"https:\/\/merinolawfirm.com\/es\/casos-penales-e-infracciones-de-transito\/zona-de-construccion\/","og_locale":"es_ES","og_type":"article","og_title":"Zona de Construcci\u00f3n - Merino Law Firm, P.C.","og_description":"S 56. (a) A los efectos de esta secci\u00f3n, \u00abzona de trabajo en carretera\u00bb tiene el significado establecido en IC 8-23-2-15. (b) Excepto lo dispuesto en las subsecciones (f) a (h), una persona que imprudentemente opere un veh\u00edculo en las inmediaciones de una zona de trabajo de la carretera cuando los trabajadores est\u00e1n presentes comete... Read More","og_url":"https:\/\/merinolawfirm.com\/es\/casos-penales-e-infracciones-de-transito\/zona-de-construccion\/","og_site_name":"Merino Law Firm, P.C.","article_publisher":"https:\/\/www.facebook.com\/AbogadoMerino\/","twitter_card":"summary_large_image","twitter_misc":{"Tiempo de lectura":"3 minutos"},"schema":{"@context":"https:\/\/schema.org","@graph":[{"@type":"WebPage","@id":"https:\/\/merinolawfirm.com\/es\/casos-penales-e-infracciones-de-transito\/zona-de-construccion\/","url":"https:\/\/merinolawfirm.com\/es\/casos-penales-e-infracciones-de-transito\/zona-de-construccion\/","name":"Zona de Construcci\u00f3n - Merino Law Firm, P.C.","isPartOf":{"@id":"https:\/\/merinolawfirm.com\/#website"},"datePublished":"2020-06-29T16:34:31+00:00","dateModified":"2020-06-29T16:34:31+00:00","breadcrumb":{"@id":"https:\/\/merinolawfirm.com\/es\/casos-penales-e-infracciones-de-transito\/zona-de-construccion\/#breadcrumb"},"inLanguage":"es","potentialAction":[{"@type":"ReadAction","target":["https:\/\/merinolawfirm.com\/es\/casos-penales-e-infracciones-de-transito\/zona-de-construccion\/"]}]},{"@type":"BreadcrumbList","@id":"https:\/\/merinolawfirm.com\/es\/casos-penales-e-infracciones-de-transito\/zona-de-construccion\/#breadcrumb","itemListElement":[{"@type":"ListItem","position":1,"name":"Home","item":"https:\/\/merinolawfirm.com\/es\/"},{"@type":"ListItem","position":2,"name":"Casos Penales e Infracciones De Transito","item":"https:\/\/merinolawfirm.com\/es\/casos-penales-e-infracciones-de-transito\/"},{"@type":"ListItem","position":3,"name":"Zona de Construcci\u00f3n"}]},{"@type":"WebSite","@id":"https:\/\/merinolawfirm.com\/#website","url":"https:\/\/merinolawfirm.com\/","name":"Merino Law Firm, P.C.","description":"Merino Law Firm","publisher":{"@id":"https:\/\/merinolawfirm.com\/#organization"},"potentialAction":[{"@type":"SearchAction","target":{"@type":"EntryPoint","urlTemplate":"https:\/\/merinolawfirm.com\/?s={search_term_string}"},"query-input":"required name=search_term_string"}],"inLanguage":"es"},{"@type":"Organization","@id":"https:\/\/merinolawfirm.com\/#organization","name":"Immigration Cases, Criminal & Ticket Defense | Merino Law Firm, P.C.","url":"https:\/\/merinolawfirm.com\/","logo":{"@type":"ImageObject","inLanguage":"es","@id":"https:\/\/merinolawfirm.com\/#\/schema\/logo\/image\/","url":"https:\/\/www.merinolawfirm.com\/wp-content\/uploads\/2020\/06\/merino-law-firm.png","contentUrl":"https:\/\/www.merinolawfirm.com\/wp-content\/uploads\/2020\/06\/merino-law-firm.png","width":398,"height":185,"caption":"Immigration Cases, Criminal & Ticket Defense | Merino Law Firm, P.C."},"image":{"@id":"https:\/\/merinolawfirm.com\/#\/schema\/logo\/image\/"},"sameAs":["https:\/\/www.facebook.com\/AbogadoMerino\/"]}]}},"_links":{"self":[{"href":"https:\/\/merinolawfirm.com\/es\/wp-json\/wp\/v2\/pages\/280"}],"collection":[{"href":"https:\/\/merinolawfirm.com\/es\/wp-json\/wp\/v2\/pages"}],"about":[{"href":"https:\/\/merinolawfirm.com\/es\/wp-json\/wp\/v2\/types\/page"}],"author":[{"embeddable":true,"href":"https:\/\/merinolawfirm.com\/es\/wp-json\/wp\/v2\/users\/2"}],"replies":[{"embeddable":true,"href":"https:\/\/merinolawfirm.com\/es\/wp-json\/wp\/v2\/comments?post=280"}],"version-history":[{"count":0,"href":"https:\/\/merinolawfirm.com\/es\/wp-json\/wp\/v2\/pages\/280\/revisions"}],"up":[{"embeddable":true,"href":"https:\/\/merinolawfirm.com\/es\/wp-json\/wp\/v2\/pages\/232"}],"wp:attachment":[{"href":"https:\/\/merinolawfirm.com\/es\/wp-json\/wp\/v2\/media?parent=280"}],"curies":[{"name":"wp","href":"https:\/\/api.w.org\/{rel}","templated":true}]}}