{"id":297,"date":"2020-06-17T10:24:06","date_gmt":"2020-06-17T14:24:06","guid":{"rendered":"http:\/\/localhost:10073\/immigration-cases\/"},"modified":"2020-07-13T17:14:26","modified_gmt":"2020-07-13T21:14:26","slug":"casos-migratorios","status":"publish","type":"page","link":"https:\/\/merinolawfirm.com\/es\/casos-migratorios\/","title":{"rendered":"Casos Migratorios"},"content":{"rendered":"<ul>\n<li><strong>Detenci\u00f3n de Inmigraci\u00f3n y Audiencia para Fianza:<\/strong> Si su ser querido es detenido en la c\u00e1rcel local bajo una Detenci\u00f3n de Inmigraci\u00f3n, es importante que un abogado entre a la c\u00e1rcel de inmediato para asesorarlo y explicarle sus opciones, que debe y no debe decir o firmar.  Si nunca ha tenido una condena por un delito serio, tiene el derecho de pedir una audiencia con un juez federal de inmigraci\u00f3n para que le asignen una fianza.<\/li>\n<li><strong>Acci\u00f3n Diferida para J\u00f3venes (DACA):<\/strong> Si fuiste tra\u00eddo a los Estados Unidos de ni\u00f1o y no tienes estatus migratorio, cumples con los requisitos de seguridad nacional, est\u00e1s estudiando, te graduaste de la High School o tienes el GED, pudieras ser elegible para un permiso de trabajo temporal y un n\u00famero de seguro social v\u00e1lido. <\/li>\n<li><strong>Estatus Especial para J\u00f3venes Inmigrantes (SIJS):<\/strong> Si tienes menos de 21 a\u00f1os de edad, has sido v\u00edctima de abuso, abandono o negligencia, est\u00e1s bajo la tutela o supervisi\u00f3n de una corte juvenil, pudieras ser elegible para recibir la Residencia Permanente.<\/li>\n<li><strong>Peticiones Familiares:<\/strong>\ufeff Peticiones para traer a su prometido(a), esposo(a), ni\u00f1o(a), padres, hermanos(as) para vivir, o ajustar su estatus migratorio, en los Estados Unidos como Residente Permanente.<\/li>\n<li><strong>Naturalizaci\u00f3n y Ciudadan\u00eda:<\/strong> Personas que han sido Residentes Permanentes por 3 a\u00f1os (si est\u00e1 casado(a) con un(a) ciudadano(a)) o 5 a\u00f1os (para los dem\u00e1s) pueden solicitar la ciudadan\u00eda estadounidense siempre y cuando comprueben que son elegibles y que no son amenaza a la seguridad nacional, no hayan cometido ciertos delitos, cumplan los requisitos de presencia f\u00edsica en este pa\u00eds, hayan sometido declaraciones de impuestos y hayan pagado la pensi\u00f3n alimenticia de sus hijos.  Algunos ni\u00f1os pueden convertirse en ciudadanos estadounidenses autom\u00e1ticamente cuando uno de sus padres se hace ciudadano. <\/li>\n<li><strong>Defensa contra Deportaci\u00f3n\/Expulsi\u00f3n:<\/strong> Lucharemos por usted si es elegible para una defensa bajo ley federal.<\/li>\n<\/ul>\n","protected":false},"excerpt":{"rendered":"<p>Detenci\u00f3n de Inmigraci\u00f3n y Audiencia para Fianza: Si su ser querido es detenido en la c\u00e1rcel local bajo una Detenci\u00f3n de Inmigraci\u00f3n, es importante que un abogado entre a la c\u00e1rcel de inmediato para asesorarlo y explicarle sus opciones, que debe y no debe decir o firmar. Si nunca ha tenido una condena por un&#8230; <a class=\"more-link\" href=\"https:\/\/merinolawfirm.com\/es\/casos-migratorios\/\">Read More<\/a><\/p>\n","protected":false},"author":2,"featured_media":0,"parent":0,"menu_order":0,"comment_status":"closed","ping_status":"closed","template":"","meta":{"_genesis_hide_title":false,"_genesis_hide_breadcrumbs":false,"_genesis_hide_singular_image":false,"_genesis_hide_footer_widgets":false,"_genesis_custom_body_class":"","_genesis_custom_post_class":"","_genesis_layout":""},"acf":[],"yoast_head":"<!-- This site is optimized with the Yoast SEO plugin v20.11 - https:\/\/yoast.com\/wordpress\/plugins\/seo\/ -->\n<title>Casos Migratorios - Merino Law Firm, P.C.<\/title>\n<meta name=\"robots\" content=\"index, follow, max-snippet:-1, max-image-preview:large, max-video-preview:-1\" \/>\n<link rel=\"canonical\" href=\"https:\/\/merinolawfirm.com\/es\/casos-migratorios\/\" \/>\n<meta property=\"og:locale\" content=\"es_ES\" \/>\n<meta property=\"og:type\" content=\"article\" \/>\n<meta property=\"og:title\" content=\"Casos Migratorios - Merino Law Firm, P.C.\" \/>\n<meta property=\"og:description\" content=\"Detenci\u00f3n de Inmigraci\u00f3n y Audiencia para Fianza: Si su ser querido es detenido en la c\u00e1rcel local bajo una Detenci\u00f3n de Inmigraci\u00f3n, es importante que un abogado entre a la c\u00e1rcel de inmediato para asesorarlo y explicarle sus opciones, que debe y no debe decir o firmar. Si nunca ha tenido una condena por un... Read More\" \/>\n<meta property=\"og:url\" content=\"https:\/\/merinolawfirm.com\/es\/casos-migratorios\/\" \/>\n<meta property=\"og:site_name\" content=\"Merino Law Firm, P.C.\" \/>\n<meta property=\"article:publisher\" content=\"https:\/\/www.facebook.com\/AbogadoMerino\/\" \/>\n<meta property=\"article:modified_time\" content=\"2020-07-13T21:14:26+00:00\" \/>\n<meta name=\"twitter:card\" content=\"summary_large_image\" \/>\n<meta name=\"twitter:label1\" content=\"Tiempo de lectura\" \/>\n\t<meta name=\"twitter:data1\" content=\"2 minutos\" \/>\n<script type=\"application\/ld+json\" class=\"yoast-schema-graph\">{\"@context\":\"https:\/\/schema.org\",\"@graph\":[{\"@type\":\"WebPage\",\"@id\":\"https:\/\/merinolawfirm.com\/es\/casos-migratorios\/\",\"url\":\"https:\/\/merinolawfirm.com\/es\/casos-migratorios\/\",\"name\":\"Casos Migratorios - Merino Law Firm, P.C.\",\"isPartOf\":{\"@id\":\"https:\/\/merinolawfirm.com\/#website\"},\"datePublished\":\"2020-06-17T14:24:06+00:00\",\"dateModified\":\"2020-07-13T21:14:26+00:00\",\"breadcrumb\":{\"@id\":\"https:\/\/merinolawfirm.com\/es\/casos-migratorios\/#breadcrumb\"},\"inLanguage\":\"es\",\"potentialAction\":[{\"@type\":\"ReadAction\",\"target\":[\"https:\/\/merinolawfirm.com\/es\/casos-migratorios\/\"]}]},{\"@type\":\"BreadcrumbList\",\"@id\":\"https:\/\/merinolawfirm.com\/es\/casos-migratorios\/#breadcrumb\",\"itemListElement\":[{\"@type\":\"ListItem\",\"position\":1,\"name\":\"Home\",\"item\":\"https:\/\/merinolawfirm.com\/es\/\"},{\"@type\":\"ListItem\",\"position\":2,\"name\":\"Casos Migratorios\"}]},{\"@type\":\"WebSite\",\"@id\":\"https:\/\/merinolawfirm.com\/#website\",\"url\":\"https:\/\/merinolawfirm.com\/\",\"name\":\"Merino Law Firm, P.C.\",\"description\":\"Merino Law Firm\",\"publisher\":{\"@id\":\"https:\/\/merinolawfirm.com\/#organization\"},\"potentialAction\":[{\"@type\":\"SearchAction\",\"target\":{\"@type\":\"EntryPoint\",\"urlTemplate\":\"https:\/\/merinolawfirm.com\/?s={search_term_string}\"},\"query-input\":\"required name=search_term_string\"}],\"inLanguage\":\"es\"},{\"@type\":\"Organization\",\"@id\":\"https:\/\/merinolawfirm.com\/#organization\",\"name\":\"Immigration Cases, Criminal & Ticket Defense | Merino Law Firm, P.C.\",\"url\":\"https:\/\/merinolawfirm.com\/\",\"logo\":{\"@type\":\"ImageObject\",\"inLanguage\":\"es\",\"@id\":\"https:\/\/merinolawfirm.com\/#\/schema\/logo\/image\/\",\"url\":\"https:\/\/www.merinolawfirm.com\/wp-content\/uploads\/2020\/06\/merino-law-firm.png\",\"contentUrl\":\"https:\/\/www.merinolawfirm.com\/wp-content\/uploads\/2020\/06\/merino-law-firm.png\",\"width\":398,\"height\":185,\"caption\":\"Immigration Cases, Criminal & Ticket Defense | Merino Law Firm, P.C.\"},\"image\":{\"@id\":\"https:\/\/merinolawfirm.com\/#\/schema\/logo\/image\/\"},\"sameAs\":[\"https:\/\/www.facebook.com\/AbogadoMerino\/\"]}]}<\/script>\n<!-- \/ Yoast SEO plugin. -->","yoast_head_json":{"title":"Casos Migratorios - Merino Law Firm, P.C.","robots":{"index":"index","follow":"follow","max-snippet":"max-snippet:-1","max-image-preview":"max-image-preview:large","max-video-preview":"max-video-preview:-1"},"canonical":"https:\/\/merinolawfirm.com\/es\/casos-migratorios\/","og_locale":"es_ES","og_type":"article","og_title":"Casos Migratorios - Merino Law Firm, P.C.","og_description":"Detenci\u00f3n de Inmigraci\u00f3n y Audiencia para Fianza: Si su ser querido es detenido en la c\u00e1rcel local bajo una Detenci\u00f3n de Inmigraci\u00f3n, es importante que un abogado entre a la c\u00e1rcel de inmediato para asesorarlo y explicarle sus opciones, que debe y no debe decir o firmar. Si nunca ha tenido una condena por un... Read More","og_url":"https:\/\/merinolawfirm.com\/es\/casos-migratorios\/","og_site_name":"Merino Law Firm, P.C.","article_publisher":"https:\/\/www.facebook.com\/AbogadoMerino\/","article_modified_time":"2020-07-13T21:14:26+00:00","twitter_card":"summary_large_image","twitter_misc":{"Tiempo de lectura":"2 minutos"},"schema":{"@context":"https:\/\/schema.org","@graph":[{"@type":"WebPage","@id":"https:\/\/merinolawfirm.com\/es\/casos-migratorios\/","url":"https:\/\/merinolawfirm.com\/es\/casos-migratorios\/","name":"Casos Migratorios - Merino Law Firm, P.C.","isPartOf":{"@id":"https:\/\/merinolawfirm.com\/#website"},"datePublished":"2020-06-17T14:24:06+00:00","dateModified":"2020-07-13T21:14:26+00:00","breadcrumb":{"@id":"https:\/\/merinolawfirm.com\/es\/casos-migratorios\/#breadcrumb"},"inLanguage":"es","potentialAction":[{"@type":"ReadAction","target":["https:\/\/merinolawfirm.com\/es\/casos-migratorios\/"]}]},{"@type":"BreadcrumbList","@id":"https:\/\/merinolawfirm.com\/es\/casos-migratorios\/#breadcrumb","itemListElement":[{"@type":"ListItem","position":1,"name":"Home","item":"https:\/\/merinolawfirm.com\/es\/"},{"@type":"ListItem","position":2,"name":"Casos Migratorios"}]},{"@type":"WebSite","@id":"https:\/\/merinolawfirm.com\/#website","url":"https:\/\/merinolawfirm.com\/","name":"Merino Law Firm, P.C.","description":"Merino Law Firm","publisher":{"@id":"https:\/\/merinolawfirm.com\/#organization"},"potentialAction":[{"@type":"SearchAction","target":{"@type":"EntryPoint","urlTemplate":"https:\/\/merinolawfirm.com\/?s={search_term_string}"},"query-input":"required name=search_term_string"}],"inLanguage":"es"},{"@type":"Organization","@id":"https:\/\/merinolawfirm.com\/#organization","name":"Immigration Cases, Criminal & Ticket Defense | Merino Law Firm, P.C.","url":"https:\/\/merinolawfirm.com\/","logo":{"@type":"ImageObject","inLanguage":"es","@id":"https:\/\/merinolawfirm.com\/#\/schema\/logo\/image\/","url":"https:\/\/www.merinolawfirm.com\/wp-content\/uploads\/2020\/06\/merino-law-firm.png","contentUrl":"https:\/\/www.merinolawfirm.com\/wp-content\/uploads\/2020\/06\/merino-law-firm.png","width":398,"height":185,"caption":"Immigration Cases, Criminal & Ticket Defense | Merino Law Firm, P.C."},"image":{"@id":"https:\/\/merinolawfirm.com\/#\/schema\/logo\/image\/"},"sameAs":["https:\/\/www.facebook.com\/AbogadoMerino\/"]}]}},"_links":{"self":[{"href":"https:\/\/merinolawfirm.com\/es\/wp-json\/wp\/v2\/pages\/297"}],"collection":[{"href":"https:\/\/merinolawfirm.com\/es\/wp-json\/wp\/v2\/pages"}],"about":[{"href":"https:\/\/merinolawfirm.com\/es\/wp-json\/wp\/v2\/types\/page"}],"author":[{"embeddable":true,"href":"https:\/\/merinolawfirm.com\/es\/wp-json\/wp\/v2\/users\/2"}],"replies":[{"embeddable":true,"href":"https:\/\/merinolawfirm.com\/es\/wp-json\/wp\/v2\/comments?post=297"}],"version-history":[{"count":0,"href":"https:\/\/merinolawfirm.com\/es\/wp-json\/wp\/v2\/pages\/297\/revisions"}],"wp:attachment":[{"href":"https:\/\/merinolawfirm.com\/es\/wp-json\/wp\/v2\/media?parent=297"}],"curies":[{"name":"wp","href":"https:\/\/api.w.org\/{rel}","templated":true}]}}