{"id":300,"date":"2020-06-25T17:54:44","date_gmt":"2020-06-25T21:54:44","guid":{"rendered":"http:\/\/localhost:10073\/about-our-firm\/"},"modified":"2020-10-06T21:42:14","modified_gmt":"2020-10-06T15:42:14","slug":"iquestquieacuten-es-merino","status":"publish","type":"page","link":"https:\/\/merinolawfirm.com\/es\/iquestquieacuten-es-merino\/","title":{"rendered":"\u00bfQui\u00e9n Es Merino?"},"content":{"rendered":"<p><a href=\"https:\/\/www.merinolawfirm.com\/wp-content\/uploads\/2020\/09\/IMG_4908-1-scaled.jpg\"><img decoding=\"async\" loading=\"lazy\" class=\"alignnone wp-image-344 size-medium\" src=\"https:\/\/www.merinolawfirm.com\/wp-content\/uploads\/2020\/09\/IMG_4908-1-200x300.jpg\" alt=\"Felipe sitting and smiling with a building entrance as the background\" width=\"200\" height=\"300\" srcset=\"https:\/\/merinolawfirm.com\/wp-content\/uploads\/2020\/09\/IMG_4908-1-200x300.jpg 200w, https:\/\/merinolawfirm.com\/wp-content\/uploads\/2020\/09\/IMG_4908-1-683x1024.jpg 683w, https:\/\/merinolawfirm.com\/wp-content\/uploads\/2020\/09\/IMG_4908-1-768x1152.jpg 768w, https:\/\/merinolawfirm.com\/wp-content\/uploads\/2020\/09\/IMG_4908-1-1024x1536.jpg 1024w, https:\/\/merinolawfirm.com\/wp-content\/uploads\/2020\/09\/IMG_4908-1-1365x2048.jpg 1365w, https:\/\/merinolawfirm.com\/wp-content\/uploads\/2020\/09\/IMG_4908-1-scaled.jpg 1707w\" sizes=\"(max-width: 200px) 100vw, 200px\" \/><\/a><\/p>\n<p>Merino Law Firm, P.C. es una empresa legal que maneja casos migratorios y de defensa penal. Estamos dedicados a luchar por los derechos de nuestra gente en Indiana y m\u00e1s all\u00e1. Adem\u00e1s de manejar casos migratorios y de defensa penal, tambi\u00e9n aconsejamos a abogados penalistas sobre las consecuencias migratorias que resultan cuando los inmigrantes se declaran culpable a algo que no deben.<\/p>\n<p>El fundador de nuestra empresa legal, el Abogado Felipe Merino, proviene de padres naturalizados como ciudadanos estadounidenses pero nacidos en M\u00e9xico. El Abogado Merino recibi\u00f3 licensiaturas de la Universidad de Stanford con honores y de la Escuela de Derechos de Notre Dame. Desde muy joven le fue inculcado, en las palabras de Don Benito Juarez, que \u201cel respeto al derecho ajeno es la paz.\u201d Por esa raz\u00f3n el abogado a dedicado su vida a protegiendo y procurando los derechos de aquellos que trabajan en nuestras f\u00e1bricas, limpian las casas de este pa\u00eds, mantienen nuestras yardas, construyen nuestras casas, cocinan en nuestros restaurantes, cosechan nuestros alimentos y sostienen nuestras comunidades.<\/p>\n","protected":false},"excerpt":{"rendered":"<p>Merino Law Firm, P.C. es una empresa legal que maneja casos migratorios y de defensa penal. Estamos dedicados a luchar por los derechos de nuestra gente en Indiana y m\u00e1s all\u00e1. Adem\u00e1s de manejar casos migratorios y de defensa penal, tambi\u00e9n aconsejamos a abogados penalistas sobre las consecuencias migratorias que resultan cuando los inmigrantes se&#8230; <a class=\"more-link\" href=\"https:\/\/merinolawfirm.com\/es\/iquestquieacuten-es-merino\/\">Read More<\/a><\/p>\n","protected":false},"author":2,"featured_media":301,"parent":0,"menu_order":0,"comment_status":"closed","ping_status":"closed","template":"","meta":{"_genesis_hide_title":false,"_genesis_hide_breadcrumbs":false,"_genesis_hide_singular_image":false,"_genesis_hide_footer_widgets":false,"_genesis_custom_body_class":"","_genesis_custom_post_class":"","_genesis_layout":"full-width-content"},"acf":[],"yoast_head":"<!-- This site is optimized with the Yoast SEO plugin v20.11 - https:\/\/yoast.com\/wordpress\/plugins\/seo\/ -->\n<title>\u00bfQui\u00e9n Es Merino? - Merino Law Firm, P.C.<\/title>\n<meta name=\"robots\" content=\"index, follow, max-snippet:-1, max-image-preview:large, max-video-preview:-1\" \/>\n<link rel=\"canonical\" href=\"https:\/\/merinolawfirm.com\/es\/iquestquieacuten-es-merino\/\" \/>\n<meta property=\"og:locale\" content=\"es_ES\" \/>\n<meta property=\"og:type\" content=\"article\" \/>\n<meta property=\"og:title\" content=\"\u00bfQui\u00e9n Es Merino? - Merino Law Firm, P.C.\" \/>\n<meta property=\"og:description\" content=\"Merino Law Firm, P.C. es una empresa legal que maneja casos migratorios y de defensa penal. Estamos dedicados a luchar por los derechos de nuestra gente en Indiana y m\u00e1s all\u00e1. Adem\u00e1s de manejar casos migratorios y de defensa penal, tambi\u00e9n aconsejamos a abogados penalistas sobre las consecuencias migratorias que resultan cuando los inmigrantes se... Read More\" \/>\n<meta property=\"og:url\" content=\"https:\/\/merinolawfirm.com\/es\/iquestquieacuten-es-merino\/\" \/>\n<meta property=\"og:site_name\" content=\"Merino Law Firm, P.C.\" \/>\n<meta property=\"article:publisher\" content=\"https:\/\/www.facebook.com\/AbogadoMerino\/\" \/>\n<meta property=\"article:modified_time\" content=\"2020-10-06T15:42:14+00:00\" \/>\n<meta property=\"og:image\" content=\"https:\/\/merinolawfirm.com\/wp-content\/uploads\/2020\/07\/merino-headshot.jpg\" \/>\n\t<meta property=\"og:image:width\" content=\"600\" \/>\n\t<meta property=\"og:image:height\" content=\"600\" \/>\n\t<meta property=\"og:image:type\" content=\"image\/jpeg\" \/>\n<meta name=\"twitter:card\" content=\"summary_large_image\" \/>\n<meta name=\"twitter:label1\" content=\"Tiempo de lectura\" \/>\n\t<meta name=\"twitter:data1\" content=\"1 minuto\" \/>\n<script type=\"application\/ld+json\" class=\"yoast-schema-graph\">{\"@context\":\"https:\/\/schema.org\",\"@graph\":[{\"@type\":\"WebPage\",\"@id\":\"https:\/\/merinolawfirm.com\/es\/iquestquieacuten-es-merino\/\",\"url\":\"https:\/\/merinolawfirm.com\/es\/iquestquieacuten-es-merino\/\",\"name\":\"\u00bfQui\u00e9n Es Merino? - Merino Law Firm, P.C.\",\"isPartOf\":{\"@id\":\"https:\/\/merinolawfirm.com\/#website\"},\"datePublished\":\"2020-06-25T21:54:44+00:00\",\"dateModified\":\"2020-10-06T15:42:14+00:00\",\"breadcrumb\":{\"@id\":\"https:\/\/merinolawfirm.com\/es\/iquestquieacuten-es-merino\/#breadcrumb\"},\"inLanguage\":\"es\",\"potentialAction\":[{\"@type\":\"ReadAction\",\"target\":[\"https:\/\/merinolawfirm.com\/es\/iquestquieacuten-es-merino\/\"]}]},{\"@type\":\"BreadcrumbList\",\"@id\":\"https:\/\/merinolawfirm.com\/es\/iquestquieacuten-es-merino\/#breadcrumb\",\"itemListElement\":[{\"@type\":\"ListItem\",\"position\":1,\"name\":\"Home\",\"item\":\"https:\/\/merinolawfirm.com\/es\/\"},{\"@type\":\"ListItem\",\"position\":2,\"name\":\"\u00bfQui\u00e9n Es Merino?\"}]},{\"@type\":\"WebSite\",\"@id\":\"https:\/\/merinolawfirm.com\/#website\",\"url\":\"https:\/\/merinolawfirm.com\/\",\"name\":\"Merino Law Firm, P.C.\",\"description\":\"Merino Law Firm\",\"publisher\":{\"@id\":\"https:\/\/merinolawfirm.com\/#organization\"},\"potentialAction\":[{\"@type\":\"SearchAction\",\"target\":{\"@type\":\"EntryPoint\",\"urlTemplate\":\"https:\/\/merinolawfirm.com\/?s={search_term_string}\"},\"query-input\":\"required name=search_term_string\"}],\"inLanguage\":\"es\"},{\"@type\":\"Organization\",\"@id\":\"https:\/\/merinolawfirm.com\/#organization\",\"name\":\"Immigration Cases, Criminal & Ticket Defense | Merino Law Firm, P.C.\",\"url\":\"https:\/\/merinolawfirm.com\/\",\"logo\":{\"@type\":\"ImageObject\",\"inLanguage\":\"es\",\"@id\":\"https:\/\/merinolawfirm.com\/#\/schema\/logo\/image\/\",\"url\":\"https:\/\/www.merinolawfirm.com\/wp-content\/uploads\/2020\/06\/merino-law-firm.png\",\"contentUrl\":\"https:\/\/www.merinolawfirm.com\/wp-content\/uploads\/2020\/06\/merino-law-firm.png\",\"width\":398,\"height\":185,\"caption\":\"Immigration Cases, Criminal & Ticket Defense | Merino Law Firm, P.C.\"},\"image\":{\"@id\":\"https:\/\/merinolawfirm.com\/#\/schema\/logo\/image\/\"},\"sameAs\":[\"https:\/\/www.facebook.com\/AbogadoMerino\/\"]}]}<\/script>\n<!-- \/ Yoast SEO plugin. -->","yoast_head_json":{"title":"\u00bfQui\u00e9n Es Merino? - Merino Law Firm, P.C.","robots":{"index":"index","follow":"follow","max-snippet":"max-snippet:-1","max-image-preview":"max-image-preview:large","max-video-preview":"max-video-preview:-1"},"canonical":"https:\/\/merinolawfirm.com\/es\/iquestquieacuten-es-merino\/","og_locale":"es_ES","og_type":"article","og_title":"\u00bfQui\u00e9n Es Merino? - Merino Law Firm, P.C.","og_description":"Merino Law Firm, P.C. es una empresa legal que maneja casos migratorios y de defensa penal. Estamos dedicados a luchar por los derechos de nuestra gente en Indiana y m\u00e1s all\u00e1. Adem\u00e1s de manejar casos migratorios y de defensa penal, tambi\u00e9n aconsejamos a abogados penalistas sobre las consecuencias migratorias que resultan cuando los inmigrantes se... Read More","og_url":"https:\/\/merinolawfirm.com\/es\/iquestquieacuten-es-merino\/","og_site_name":"Merino Law Firm, P.C.","article_publisher":"https:\/\/www.facebook.com\/AbogadoMerino\/","article_modified_time":"2020-10-06T15:42:14+00:00","og_image":[{"width":600,"height":600,"url":"https:\/\/merinolawfirm.com\/wp-content\/uploads\/2020\/07\/merino-headshot.jpg","type":"image\/jpeg"}],"twitter_card":"summary_large_image","twitter_misc":{"Tiempo de lectura":"1 minuto"},"schema":{"@context":"https:\/\/schema.org","@graph":[{"@type":"WebPage","@id":"https:\/\/merinolawfirm.com\/es\/iquestquieacuten-es-merino\/","url":"https:\/\/merinolawfirm.com\/es\/iquestquieacuten-es-merino\/","name":"\u00bfQui\u00e9n Es Merino? - Merino Law Firm, P.C.","isPartOf":{"@id":"https:\/\/merinolawfirm.com\/#website"},"datePublished":"2020-06-25T21:54:44+00:00","dateModified":"2020-10-06T15:42:14+00:00","breadcrumb":{"@id":"https:\/\/merinolawfirm.com\/es\/iquestquieacuten-es-merino\/#breadcrumb"},"inLanguage":"es","potentialAction":[{"@type":"ReadAction","target":["https:\/\/merinolawfirm.com\/es\/iquestquieacuten-es-merino\/"]}]},{"@type":"BreadcrumbList","@id":"https:\/\/merinolawfirm.com\/es\/iquestquieacuten-es-merino\/#breadcrumb","itemListElement":[{"@type":"ListItem","position":1,"name":"Home","item":"https:\/\/merinolawfirm.com\/es\/"},{"@type":"ListItem","position":2,"name":"\u00bfQui\u00e9n Es Merino?"}]},{"@type":"WebSite","@id":"https:\/\/merinolawfirm.com\/#website","url":"https:\/\/merinolawfirm.com\/","name":"Merino Law Firm, P.C.","description":"Merino Law Firm","publisher":{"@id":"https:\/\/merinolawfirm.com\/#organization"},"potentialAction":[{"@type":"SearchAction","target":{"@type":"EntryPoint","urlTemplate":"https:\/\/merinolawfirm.com\/?s={search_term_string}"},"query-input":"required name=search_term_string"}],"inLanguage":"es"},{"@type":"Organization","@id":"https:\/\/merinolawfirm.com\/#organization","name":"Immigration Cases, Criminal & Ticket Defense | Merino Law Firm, P.C.","url":"https:\/\/merinolawfirm.com\/","logo":{"@type":"ImageObject","inLanguage":"es","@id":"https:\/\/merinolawfirm.com\/#\/schema\/logo\/image\/","url":"https:\/\/www.merinolawfirm.com\/wp-content\/uploads\/2020\/06\/merino-law-firm.png","contentUrl":"https:\/\/www.merinolawfirm.com\/wp-content\/uploads\/2020\/06\/merino-law-firm.png","width":398,"height":185,"caption":"Immigration Cases, Criminal & Ticket Defense | Merino Law Firm, P.C."},"image":{"@id":"https:\/\/merinolawfirm.com\/#\/schema\/logo\/image\/"},"sameAs":["https:\/\/www.facebook.com\/AbogadoMerino\/"]}]}},"_links":{"self":[{"href":"https:\/\/merinolawfirm.com\/es\/wp-json\/wp\/v2\/pages\/300"}],"collection":[{"href":"https:\/\/merinolawfirm.com\/es\/wp-json\/wp\/v2\/pages"}],"about":[{"href":"https:\/\/merinolawfirm.com\/es\/wp-json\/wp\/v2\/types\/page"}],"author":[{"embeddable":true,"href":"https:\/\/merinolawfirm.com\/es\/wp-json\/wp\/v2\/users\/2"}],"replies":[{"embeddable":true,"href":"https:\/\/merinolawfirm.com\/es\/wp-json\/wp\/v2\/comments?post=300"}],"version-history":[{"count":0,"href":"https:\/\/merinolawfirm.com\/es\/wp-json\/wp\/v2\/pages\/300\/revisions"}],"wp:featuredmedia":[{"embeddable":true,"href":"https:\/\/merinolawfirm.com\/es\/wp-json\/wp\/v2\/media\/301"}],"wp:attachment":[{"href":"https:\/\/merinolawfirm.com\/es\/wp-json\/wp\/v2\/media?parent=300"}],"curies":[{"name":"wp","href":"https:\/\/api.w.org\/{rel}","templated":true}]}}