{"id":340,"date":"2020-09-15T22:40:42","date_gmt":"2020-09-15T16:40:42","guid":{"rendered":"http:\/\/merinolawfirm.wpengine.com\/?page_id=340"},"modified":"2020-11-21T05:30:33","modified_gmt":"2020-11-20T23:30:33","slug":"html-sitemap","status":"publish","type":"page","link":"https:\/\/merinolawfirm.com\/es\/html-sitemap\/","title":{"rendered":"HTML Sitemap"},"content":{"rendered":"<div class=\"sitemap_by_click5 v1042 ddsg-wrapper\" id=\"c5_sitemap_wrapper\"><h2>P\u00e1ginas<\/h2><ul class=\"sub c5_col1\"><li id=c5_sitemap_295 class=\"c5_child \"><a href=\"https:\/\/merinolawfirm.com\/es\/\">Abogado \u200bFelipe Merino<\/a><\/li><li id=c5_sitemap_222 class=\"c5_child \"><a href=\"https:\/\/merinolawfirm.com\/about-our-firm\/\">About The Firm<\/a><\/li><li id=c5_sitemap_297 class=\"c5_child \"><a href=\"https:\/\/merinolawfirm.com\/es\/casos-migratorios\/\">Casos Migratorios<\/a><\/li><li id=c5_sitemap_232 class=\"c5_child \"><a href=\"https:\/\/merinolawfirm.com\/es\/casos-penales-e-infracciones-de-transito\/\">Casos Penales e Infracciones De Transito<\/a><ul class=\"sub c5_col1\"><li id=c5_sitemap_240 class=\"c5_child \"><a href=\"https:\/\/merinolawfirm.com\/es\/casos-penales-e-infracciones-de-transito\/agresion\/\">Agresi\u00f3n<\/a><\/li><li id=c5_sitemap_266 class=\"c5_child \"><a href=\"https:\/\/merinolawfirm.com\/es\/casos-penales-e-infracciones-de-transito\/agresion-corporal-agravada\/\">Agresi\u00f3n Corporal Agravada<\/a><\/li><li id=c5_sitemap_237 class=\"c5_child \"><a href=\"https:\/\/merinolawfirm.com\/es\/casos-penales-e-infracciones-de-transito\/agresion-corporal-domestica\/\">Agresi\u00f3n Corporal Dom\u00e9stica<\/a><\/li><li id=c5_sitemap_264 class=\"c5_child \"><a href=\"https:\/\/merinolawfirm.com\/es\/casos-penales-e-infracciones-de-transito\/agresion-corporal-domestica-en-presencia-de-un-nino\/\">Agresi\u00f3n Corporal Dom\u00e9stica en Presencia de un Ni\u00f1o<\/a><\/li><li id=c5_sitemap_282 class=\"c5_child \"><a href=\"https:\/\/merinolawfirm.com\/es\/casos-penales-e-infracciones-de-transito\/asistencia-ineficaz-del-abogado\/\">Asistencia Ineficaz del Abogado<\/a><\/li><li id=c5_sitemap_274 class=\"c5_child \"><a href=\"https:\/\/merinolawfirm.com\/es\/casos-penales-e-infracciones-de-transito\/conducir-demasiado-lento\/\">Conducir Demasiado Lento<\/a><\/li><li id=c5_sitemap_231 class=\"c5_child \"><a href=\"https:\/\/merinolawfirm.com\/es\/casos-penales-e-infracciones-de-transito\/conducir-mientras-esta-suspendido\/\">Conducir Mientras Est\u00e1 Suspendido<\/a><\/li><li id=c5_sitemap_246 class=\"c5_child \"><a href=\"https:\/\/merinolawfirm.com\/es\/casos-penales-e-infracciones-de-transito\/conducta-desordenada\/\">Conducta Desordenada<\/a><\/li><li id=c5_sitemap_269 class=\"c5_child \"><a href=\"https:\/\/merinolawfirm.com\/es\/casos-penales-e-infracciones-de-transito\/delitos-de-drogas\/\">Delitos de Drogas<\/a><\/li><li id=c5_sitemap_286 class=\"c5_child \"><a href=\"https:\/\/merinolawfirm.com\/es\/casos-penales-e-infracciones-de-transito\/error-de-interprete\/\">Error de Int\u00e9rprete<\/a><\/li><li id=c5_sitemap_272 class=\"c5_child \"><a href=\"https:\/\/merinolawfirm.com\/es\/casos-penales-e-infracciones-de-transito\/exceso-de-velocidad\/\">Exceso de Velocidad<\/a><\/li><li id=c5_sitemap_260 class=\"c5_child \"><a href=\"https:\/\/merinolawfirm.com\/es\/casos-penales-e-infracciones-de-transito\/falsificacion\/\">Falsificaci\u00f3n<\/a><\/li><li id=c5_sitemap_252 class=\"c5_child \"><a href=\"https:\/\/merinolawfirm.com\/es\/casos-penales-e-infracciones-de-transito\/invasion-de-propiedad-criminal\/\">Invasi\u00f3n de Propiedad Criminal<\/a><\/li><li id=c5_sitemap_258 class=\"c5_child \"><a href=\"https:\/\/merinolawfirm.com\/es\/casos-penales-e-infracciones-de-transito\/manejando-ebrio-con-condena-previa-de-manejar-ebrio-owi-dui\/\">Manejando Ebrio con condena previa de manejar ebrio OWI\/DUI<\/a><\/li><li id=c5_sitemap_233 class=\"c5_child \"><a href=\"https:\/\/merinolawfirm.com\/es\/casos-penales-e-infracciones-de-transito\/manejar-sin-licencia\/\">Manejar sin licencia<\/a><\/li><li id=c5_sitemap_242 class=\"c5_child \"><a href=\"https:\/\/merinolawfirm.com\/es\/casos-penales-e-infracciones-de-transito\/menor-consumiendo-alcohol\/\">Menor Consumiendo Alcohol<\/a><\/li><li id=c5_sitemap_288 class=\"c5_child \"><a href=\"https:\/\/merinolawfirm.com\/es\/casos-penales-e-infracciones-de-transito\/modificacion-de-la-sentencia\/\">Modificaci\u00f3n de la Sentencia<\/a><\/li><li id=c5_sitemap_236 class=\"c5_child \"><a href=\"https:\/\/merinolawfirm.com\/es\/casos-penales-e-infracciones-de-transito\/owi-dui\/\">OWI\/DUI<\/a><\/li><li id=c5_sitemap_248 class=\"c5_child \"><a href=\"https:\/\/merinolawfirm.com\/es\/casos-penales-e-infracciones-de-transito\/posesion-de-marihuana\/\">Posesi\u00f3n de Marihuana<\/a><\/li><li id=c5_sitemap_262 class=\"c5_child \"><a href=\"https:\/\/merinolawfirm.com\/es\/casos-penales-e-infracciones-de-transito\/robo-de-identidad\/\">Robo de identidad<\/a><\/li><li id=c5_sitemap_278 class=\"c5_child \"><a href=\"https:\/\/merinolawfirm.com\/es\/casos-penales-e-infracciones-de-transito\/senal-de-giro-200-pies-antes-del-cambio-de-carril\/\">Se\u00f1al de Giro 200 Pies. Antes del Cambio de Carril<\/a><\/li><li id=c5_sitemap_276 class=\"c5_child \"><a href=\"https:\/\/merinolawfirm.com\/es\/casos-penales-e-infracciones-de-transito\/senal-de-stop-y-violacion-de-la-senal-de-trafico\/\">Se\u00f1al de Stop y Violaci\u00f3n de la Se\u00f1al de Tr\u00e1fico<\/a><\/li><li id=c5_sitemap_244 class=\"c5_child \"><a href=\"https:\/\/merinolawfirm.com\/es\/casos-penales-e-infracciones-de-transito\/usurpar\/\">Usurpar<\/a><\/li><li id=c5_sitemap_284 class=\"c5_child \"><a href=\"https:\/\/merinolawfirm.com\/es\/casos-penales-e-infracciones-de-transito\/violaciones-del-debido-proceso\/\">Violaciones del Debido Proceso<\/a><\/li><li id=c5_sitemap_256 class=\"c5_child \"><a href=\"https:\/\/merinolawfirm.com\/es\/casos-penales-e-infracciones-de-transito\/violador-de-trafico-habitual\/\">Violador de Tr\u00e1fico Habitual<\/a><\/li><li id=c5_sitemap_280 class=\"c5_child \"><a href=\"https:\/\/merinolawfirm.com\/es\/casos-penales-e-infracciones-de-transito\/zona-de-construccion\/\">Zona de Construcci\u00f3n<\/a><\/li><li id=c5_sitemap_254 class=\"c5_child \"><a href=\"https:\/\/merinolawfirm.com\/es\/casos-penales-e-infracciones-de-transito\/intimidacion\/\">Intimidaci\u00f3n<\/a><\/li><li id=c5_sitemap_250 class=\"c5_child \"><a href=\"https:\/\/merinolawfirm.com\/es\/casos-penales-e-infracciones-de-transito\/invasion-de-la-privacidad\/\">Invasi\u00f3n de la Privacidad<\/a><\/li><\/ul><\/li><li id=c5_sitemap_218 class=\"c5_child \"><a href=\"https:\/\/merinolawfirm.com\/criminal-defense\/\">CRIMINAL & TICKET DEFENSE<\/a><ul class=\"sub c5_col1\"><\/ul><\/li><\/ul><\/div><div class=\"sitemap-by-click5_pagination pagination\"><div class=\"nav\"><strong class=\"on\">1<\/strong><a class=\"pagination-item\" href=\"https:\/\/merinolawfirm.com\/es\/wp-json\/wp\/v2\/pages\/340\/\/page\/2\">2<\/a><a class=\"pagination-item\" href=\"https:\/\/merinolawfirm.com\/es\/wp-json\/wp\/v2\/pages\/340\/\/page\/2\"> \u00bb <\/a><a class=\"pagination-item\" href=\"https:\/\/merinolawfirm.com\/es\/wp-json\/wp\/v2\/pages\/340\/\/page\/2\"> \u00daltima \u00bb <\/a><\/div><\/div>\n<p>&nbsp;<\/p>\n","protected":false},"excerpt":{"rendered":"<p>&nbsp;<\/p>\n","protected":false},"author":2,"featured_media":0,"parent":0,"menu_order":0,"comment_status":"closed","ping_status":"closed","template":"","meta":{"_genesis_hide_title":false,"_genesis_hide_breadcrumbs":false,"_genesis_hide_singular_image":false,"_genesis_hide_footer_widgets":false,"_genesis_custom_body_class":"","_genesis_custom_post_class":"","_genesis_layout":""},"acf":[],"yoast_head":"<!-- This site is optimized with the Yoast SEO plugin v20.11 - https:\/\/yoast.com\/wordpress\/plugins\/seo\/ -->\n<title>HTML Sitemap - Merino Law Firm, P.C.<\/title>\n<meta name=\"robots\" content=\"index, follow, max-snippet:-1, max-image-preview:large, max-video-preview:-1\" \/>\n<link rel=\"canonical\" href=\"https:\/\/merinolawfirm.com\/es\/html-sitemap\/\" \/>\n<meta property=\"og:locale\" content=\"es_ES\" \/>\n<meta property=\"og:type\" content=\"article\" \/>\n<meta property=\"og:title\" content=\"HTML Sitemap - Merino Law Firm, P.C.\" \/>\n<meta property=\"og:description\" content=\"&nbsp;\" \/>\n<meta property=\"og:url\" content=\"https:\/\/merinolawfirm.com\/es\/html-sitemap\/\" \/>\n<meta property=\"og:site_name\" content=\"Merino Law Firm, P.C.\" \/>\n<meta property=\"article:publisher\" content=\"https:\/\/www.facebook.com\/AbogadoMerino\/\" \/>\n<meta property=\"article:modified_time\" content=\"2020-11-20T23:30:33+00:00\" \/>\n<meta name=\"twitter:card\" content=\"summary_large_image\" \/>\n<script type=\"application\/ld+json\" class=\"yoast-schema-graph\">{\"@context\":\"https:\/\/schema.org\",\"@graph\":[{\"@type\":\"WebPage\",\"@id\":\"https:\/\/merinolawfirm.com\/es\/html-sitemap\/\",\"url\":\"https:\/\/merinolawfirm.com\/es\/html-sitemap\/\",\"name\":\"HTML Sitemap - Merino Law Firm, P.C.\",\"isPartOf\":{\"@id\":\"https:\/\/merinolawfirm.com\/#website\"},\"datePublished\":\"2020-09-15T16:40:42+00:00\",\"dateModified\":\"2020-11-20T23:30:33+00:00\",\"breadcrumb\":{\"@id\":\"https:\/\/merinolawfirm.com\/es\/html-sitemap\/#breadcrumb\"},\"inLanguage\":\"es\",\"potentialAction\":[{\"@type\":\"ReadAction\",\"target\":[\"https:\/\/merinolawfirm.com\/es\/html-sitemap\/\"]}]},{\"@type\":\"BreadcrumbList\",\"@id\":\"https:\/\/merinolawfirm.com\/es\/html-sitemap\/#breadcrumb\",\"itemListElement\":[{\"@type\":\"ListItem\",\"position\":1,\"name\":\"Home\",\"item\":\"https:\/\/merinolawfirm.com\/es\/\"},{\"@type\":\"ListItem\",\"position\":2,\"name\":\"HTML Sitemap\"}]},{\"@type\":\"WebSite\",\"@id\":\"https:\/\/merinolawfirm.com\/#website\",\"url\":\"https:\/\/merinolawfirm.com\/\",\"name\":\"Merino Law Firm, P.C.\",\"description\":\"Merino Law Firm\",\"publisher\":{\"@id\":\"https:\/\/merinolawfirm.com\/#organization\"},\"potentialAction\":[{\"@type\":\"SearchAction\",\"target\":{\"@type\":\"EntryPoint\",\"urlTemplate\":\"https:\/\/merinolawfirm.com\/?s={search_term_string}\"},\"query-input\":\"required name=search_term_string\"}],\"inLanguage\":\"es\"},{\"@type\":\"Organization\",\"@id\":\"https:\/\/merinolawfirm.com\/#organization\",\"name\":\"Immigration Cases, Criminal & Ticket Defense | Merino Law Firm, P.C.\",\"url\":\"https:\/\/merinolawfirm.com\/\",\"logo\":{\"@type\":\"ImageObject\",\"inLanguage\":\"es\",\"@id\":\"https:\/\/merinolawfirm.com\/#\/schema\/logo\/image\/\",\"url\":\"https:\/\/www.merinolawfirm.com\/wp-content\/uploads\/2020\/06\/merino-law-firm.png\",\"contentUrl\":\"https:\/\/www.merinolawfirm.com\/wp-content\/uploads\/2020\/06\/merino-law-firm.png\",\"width\":398,\"height\":185,\"caption\":\"Immigration Cases, Criminal & Ticket Defense | Merino Law Firm, P.C.\"},\"image\":{\"@id\":\"https:\/\/merinolawfirm.com\/#\/schema\/logo\/image\/\"},\"sameAs\":[\"https:\/\/www.facebook.com\/AbogadoMerino\/\"]}]}<\/script>\n<!-- \/ Yoast SEO plugin. -->","yoast_head_json":{"title":"HTML Sitemap - Merino Law Firm, P.C.","robots":{"index":"index","follow":"follow","max-snippet":"max-snippet:-1","max-image-preview":"max-image-preview:large","max-video-preview":"max-video-preview:-1"},"canonical":"https:\/\/merinolawfirm.com\/es\/html-sitemap\/","og_locale":"es_ES","og_type":"article","og_title":"HTML Sitemap - Merino Law Firm, P.C.","og_description":"&nbsp;","og_url":"https:\/\/merinolawfirm.com\/es\/html-sitemap\/","og_site_name":"Merino Law Firm, P.C.","article_publisher":"https:\/\/www.facebook.com\/AbogadoMerino\/","article_modified_time":"2020-11-20T23:30:33+00:00","twitter_card":"summary_large_image","schema":{"@context":"https:\/\/schema.org","@graph":[{"@type":"WebPage","@id":"https:\/\/merinolawfirm.com\/es\/html-sitemap\/","url":"https:\/\/merinolawfirm.com\/es\/html-sitemap\/","name":"HTML Sitemap - Merino Law Firm, P.C.","isPartOf":{"@id":"https:\/\/merinolawfirm.com\/#website"},"datePublished":"2020-09-15T16:40:42+00:00","dateModified":"2020-11-20T23:30:33+00:00","breadcrumb":{"@id":"https:\/\/merinolawfirm.com\/es\/html-sitemap\/#breadcrumb"},"inLanguage":"es","potentialAction":[{"@type":"ReadAction","target":["https:\/\/merinolawfirm.com\/es\/html-sitemap\/"]}]},{"@type":"BreadcrumbList","@id":"https:\/\/merinolawfirm.com\/es\/html-sitemap\/#breadcrumb","itemListElement":[{"@type":"ListItem","position":1,"name":"Home","item":"https:\/\/merinolawfirm.com\/es\/"},{"@type":"ListItem","position":2,"name":"HTML Sitemap"}]},{"@type":"WebSite","@id":"https:\/\/merinolawfirm.com\/#website","url":"https:\/\/merinolawfirm.com\/","name":"Merino Law Firm, P.C.","description":"Merino Law Firm","publisher":{"@id":"https:\/\/merinolawfirm.com\/#organization"},"potentialAction":[{"@type":"SearchAction","target":{"@type":"EntryPoint","urlTemplate":"https:\/\/merinolawfirm.com\/?s={search_term_string}"},"query-input":"required name=search_term_string"}],"inLanguage":"es"},{"@type":"Organization","@id":"https:\/\/merinolawfirm.com\/#organization","name":"Immigration Cases, Criminal & Ticket Defense | Merino Law Firm, P.C.","url":"https:\/\/merinolawfirm.com\/","logo":{"@type":"ImageObject","inLanguage":"es","@id":"https:\/\/merinolawfirm.com\/#\/schema\/logo\/image\/","url":"https:\/\/www.merinolawfirm.com\/wp-content\/uploads\/2020\/06\/merino-law-firm.png","contentUrl":"https:\/\/www.merinolawfirm.com\/wp-content\/uploads\/2020\/06\/merino-law-firm.png","width":398,"height":185,"caption":"Immigration Cases, Criminal & Ticket Defense | Merino Law Firm, P.C."},"image":{"@id":"https:\/\/merinolawfirm.com\/#\/schema\/logo\/image\/"},"sameAs":["https:\/\/www.facebook.com\/AbogadoMerino\/"]}]}},"_links":{"self":[{"href":"https:\/\/merinolawfirm.com\/es\/wp-json\/wp\/v2\/pages\/340"}],"collection":[{"href":"https:\/\/merinolawfirm.com\/es\/wp-json\/wp\/v2\/pages"}],"about":[{"href":"https:\/\/merinolawfirm.com\/es\/wp-json\/wp\/v2\/types\/page"}],"author":[{"embeddable":true,"href":"https:\/\/merinolawfirm.com\/es\/wp-json\/wp\/v2\/users\/2"}],"replies":[{"embeddable":true,"href":"https:\/\/merinolawfirm.com\/es\/wp-json\/wp\/v2\/comments?post=340"}],"version-history":[{"count":0,"href":"https:\/\/merinolawfirm.com\/es\/wp-json\/wp\/v2\/pages\/340\/revisions"}],"wp:attachment":[{"href":"https:\/\/merinolawfirm.com\/es\/wp-json\/wp\/v2\/media?parent=340"}],"curies":[{"name":"wp","href":"https:\/\/api.w.org\/{rel}","templated":true}]}}